{"id":13,"date":"2024-06-06T15:40:37","date_gmt":"2024-06-06T13:40:37","guid":{"rendered":"https:\/\/remi-junquera.com\/?page_id=13"},"modified":"2024-08-06T12:35:35","modified_gmt":"2024-08-06T10:35:35","slug":"a-propos","status":"publish","type":"page","link":"https:\/\/remi-junquera.com\/index.php\/a-propos\/","title":{"rendered":"\u00c0 propos"},"content":{"rendered":"\n<div class=\"wp-block-cover alignfull has-parallax wp-duotone-unset-1\" style=\"padding-top:17%;padding-bottom:3rem;min-height:801px;aspect-ratio:unset;\"><span aria-hidden=\"true\" class=\"wp-block-cover__background has-black-background-color has-background-dim-40 has-background-dim\"><\/span><div role=\"img\" aria-label=\"bird s eye view of river in middle of green fields\" class=\"wp-block-cover__image-background wp-image-331 has-parallax\" style=\"background-position:50% 50%;background-image:url(https:\/\/remi-junquera.com\/wp-content\/uploads\/2024\/06\/pexels-photo-1483880.jpeg)\"><\/div><div class=\"wp-block-cover__inner-container has-global-padding is-layout-constrained wp-container-core-cover-is-layout-1 wp-block-cover-is-layout-constrained\">\n<div class=\"wp-block-group has-global-padding is-layout-constrained wp-block-group-is-layout-constrained\" style=\"min-height:520px\">\n<h1 class=\"wp-block-heading has-text-align-center\" style=\"text-transform:uppercase\">\u00c0 propos<\/h1>\n<\/div>\n<\/div><\/div>\n\n\n\n<div class=\"wp-block-cover alignfull is-light\" style=\"padding-top:6rem;padding-bottom:6rem;min-height:1070px;aspect-ratio:unset;\"><span aria-hidden=\"true\" class=\"wp-block-cover__background has-white-background-color has-background-dim-10 has-background-dim\"><\/span><div class=\"wp-block-cover__inner-container has-global-padding is-layout-constrained wp-container-core-cover-is-layout-2 wp-block-cover-is-layout-constrained\">\n<h2 class=\"wp-block-heading has-text-align-center has-text-color has-link-color wp-elements-9b77db41da3b5f97053e5af60fe38aa3\" style=\"color:#000000;font-size:clamp(24.034px, 1.502rem + ((1vw - 3.2px) * 1.814), 40px);letter-spacing:1px\">Mon histoire<\/h2>\n\n\n\n<hr class=\"wp-block-separator has-text-color has-alpha-channel-opacity has-background is-style-wide\" style=\"background-color:#010101;color:#010101\"\/>\n\n\n\n<div class=\"wp-block-columns is-layout-flex wp-container-core-columns-is-layout-1 wp-block-columns-is-layout-flex\">\n<div class=\"wp-block-column is-layout-flow wp-block-column-is-layout-flow\">\n<p class=\"has-text-align-justify has-roboto-font-family\" style=\"font-size:clamp(14px, 0.875rem + ((1vw - 3.2px) * 0.455), 18px);font-style:normal;font-weight:400\">En 2013, alors \u00e9tudiant en quatri\u00e8me ann\u00e9e d&rsquo;architecture, je prends conscience que <strong>l&rsquo;agriculture, et l&rsquo;alimentation de mani\u00e8re g\u00e9n\u00e9rale, n&rsquo;a jamais \u00e9t\u00e9 abord\u00e9e dans mon apprentissage.<\/strong> Pourtant, l&rsquo;enseignement en architecture met un point d&rsquo;honneur \u00e0 traiter des besoins fondamentaux humains \u00e0 travers l&rsquo;habitat digne, la vie en soci\u00e9t\u00e9, le confort, etc. <br><br><strong>Mon int\u00e9r\u00eat pour la dimension agricole na\u00eet alors d&rsquo;une absence.<\/strong><\/p>\n\n\n\n<p class=\"has-text-align-justify has-roboto-font-family\" style=\"font-size:clamp(14px, 0.875rem + ((1vw - 3.2px) * 0.455), 18px);font-style:normal;font-weight:400\">Cet \u00e9veil a suscit\u00e9 une <strong>profonde r\u00e9flexion<\/strong> et m&rsquo;a amen\u00e9 \u00e0 questionner l&rsquo;importance de ces \u00e9l\u00e9ments essentiels de la vie quotidienne et \u00e0 chercher des moyens de combler cette lacune. Cette prise de conscience a marqu\u00e9 un <strong>tournant d\u00e9cisif dans ma vision de l&rsquo;architecture et de l&rsquo;urbanisme. <\/strong><br><br>D\u00e8s lors, j&rsquo;ai approfondi mes questionnements sur les <strong>liens entre l&rsquo;architecture, l&rsquo;urbanisme et l&rsquo;agriculture.<\/strong> Mon engagement sur ce th\u00e8me m&rsquo;a notamment conduit \u00e0 d\u00e9velopper un <strong>projet de fin d&rsquo;\u00e9tude<\/strong> sur la pr\u00e9servation de jardins familiaux \u00e0 Marseille, ainsi que la r\u00e9daction d&rsquo;un <strong>m\u00e9moire de recherche<\/strong> sur les r\u00f4les de l&rsquo;architecte dans l&rsquo;\u00e9mergence de pratiques agricoles en ville.<\/p>\n<\/div>\n\n\n\n<div class=\"wp-block-column is-vertically-aligned-top is-layout-flow wp-block-column-is-layout-flow\">\n<p class=\"has-text-align-justify has-roboto-font-family\" style=\"font-size:clamp(14px, 0.875rem + ((1vw - 3.2px) * 0.455), 18px);font-style:normal;font-weight:400\">Encourag\u00e9 par mes investigations et motiv\u00e9 d&rsquo;en apprendre plus, je d\u00e9cide en 2019 de <strong>r\u00e9aliser une th\u00e8se<\/strong> au laboratoire EVS-LAURe de l&rsquo;ENSA Lyon. Cette th\u00e8se m\u00eale l\u2019histoire et le pr\u00e9sent \u00e0 travers des <strong>recherches th\u00e9oriques et appliqu\u00e9es<\/strong>, ainsi que des <strong>exp\u00e9rimentations \u00e0 \u00e9chelle r\u00e9elle<\/strong>. <br><a href=\"https:\/\/hal.science\/tel-04550877v1\">En savoir plus<\/a><\/p>\n\n\n\n<p class=\"has-text-align-justify has-roboto-font-family\" style=\"font-size:clamp(14px, 0.875rem + ((1vw - 3.2px) * 0.455), 18px);font-style:normal;font-weight:400\">\u00c0 la suite de mon doctorat, je continue mon travail au sein de \u00e0 l&rsquo;agence Rougerie+Tangram comme charg\u00e9 de projet d&rsquo;urbanisme et d&rsquo;agriculture urbaine. Je rejoins \u00e9galement l&rsquo;\u00e9quipe du laboratoire PROJECT[S] en tant que chercheur-associ\u00e9 et interviens comme enseignant-vacataire \u00e0 l&rsquo;ENSA Marseille.<\/p>\n\n\n\n<p class=\"has-text-align-justify has-roboto-font-family\" style=\"font-size:clamp(14px, 0.875rem + ((1vw - 3.2px) * 0.455), 18px);font-style:normal;font-weight:400\">Riche d&rsquo;une <strong>exp\u00e9rience confirm\u00e9e dans la pratique et la recherche<\/strong>, je d\u00e9cide en 2024 de cr\u00e9er une entreprise \u00e0 mon nom pour <strong>accompagner, conseiller et \u00e9pauler tous types de porteurs de projets agricoles, urbains et architecturaux.<\/strong><\/p>\n\n\n\n<div style=\"height:74px\" aria-hidden=\"true\" class=\"wp-block-spacer\"><\/div>\n\n\n\n<div class=\"wp-block-buttons is-layout-flex wp-block-buttons-is-layout-flex\">\n<div class=\"wp-block-button has-custom-width wp-block-button__width-50 hvr-grow\"><a class=\"wp-block-button__link has-text-color has-background has-link-color wp-element-button\" href=\"https:\/\/remi-junquera.com\/index.php\/travaux\/\" style=\"border-style:none;border-width:0px;border-radius:0px;color:#ffffff;background-color:#283c20\">travaux<\/a><\/div>\n\n\n\n<div class=\"wp-block-button has-custom-width wp-block-button__width-50 hvr-grow\"><a class=\"wp-block-button__link has-text-color has-background has-link-color wp-element-button\" href=\"https:\/\/remi-junquera.com\/index.php\/services\/\" style=\"border-style:none;border-width:0px;border-radius:0px;color:#ffffff;background-color:#283c20\">SERVICES<\/a><\/div>\n<\/div>\n<\/div>\n<\/div>\n<\/div><\/div>\n\n\n\n<section class=\"wp-block-group alignfull has-background has-global-padding is-layout-constrained wp-container-core-group-is-layout-2 wp-block-group-is-layout-constrained\" style=\"background-color:#283c20;margin-top:0px;padding-top:6rem;padding-right:1rem;padding-bottom:6rem;padding-left:1rem;font-size:clamp(0.875rem, 0.875rem + ((1vw - 0.2rem) * 0.464), 1.13rem);font-style:normal;font-weight:400;line-height:1.4\">\n<div class=\"wp-block-columns alignwide are-vertically-aligned-top is-layout-flex wp-container-core-columns-is-layout-2 wp-block-columns-is-layout-flex\" style=\"margin-bottom:0px\">\n<div class=\"wp-block-column is-vertically-aligned-top has-global-padding is-layout-constrained wp-container-core-column-is-layout-3 wp-block-column-is-layout-constrained\" style=\"flex-basis:50%\">\n<h2 class=\"wp-block-heading has-text-align-left has-text-color\" style=\"color:#ffffff;margin-top:0.5rem;margin-bottom:0rem;font-size:clamp(22.041px, 1.378rem + ((1vw - 3.2px) * 1.586), 36px);letter-spacing:0px;line-height:1.3\">PARCOURS PROFESSIONNEL<\/h2>\n\n\n\n<div style=\"height:22px\" aria-hidden=\"true\" class=\"wp-block-spacer\"><\/div>\n\n\n\n<hr class=\"wp-block-separator has-text-color has-alpha-channel-opacity has-background is-style-wide\" style=\"background-color:#ffffff;color:#ffffff\"\/>\n\n\n\n<div style=\"height:22px\" aria-hidden=\"true\" class=\"wp-block-spacer\"><\/div>\n\n\n\n<p class=\"has-text-color has-link-color wp-elements-f51a8a31b1d2c8117fe35f05f0457c6e\" style=\"color:#ffffff;font-size:clamp(14px, 0.875rem + ((1vw - 3.2px) * 0.455), 18px);\"><strong>Actuellement<br><\/strong>Entrepreneur individuel, R\u00e9mi Junquera<br>Chercheur-associ\u00e9, UR PROJECT[S] de l&rsquo;ENSA Marseille<br>Enseignant-vacataire, ENSA Marseille<\/p>\n\n\n\n<div style=\"height:22px\" aria-hidden=\"true\" class=\"wp-block-spacer\"><\/div>\n\n\n\n<p class=\"has-text-color has-link-color wp-elements-ef29597c3fdb6ff892334e0c2563257d\" style=\"color:#ffffff\"><strong>2022 &#8211; 2024<\/strong><br>Charg\u00e9 de projet urbanisme et agriculture<br>Rougerie+Tangram<\/p>\n\n\n\n<div style=\"height:22px\" aria-hidden=\"true\" class=\"wp-block-spacer\"><\/div>\n\n\n\n<p class=\"has-text-color has-link-color wp-elements-33fd69027e7d343972c1c51091663a6e\" style=\"color:#ffffff\"><strong>2019 &#8211; 2022<\/strong><br>Doctorant<br>ENSA Lyon, EVS-LAURe, Rougerie+Tangram<\/p>\n\n\n\n<div style=\"height:21px\" aria-hidden=\"true\" class=\"wp-block-spacer\"><\/div>\n\n\n\n<p><mark style=\"background-color:rgba(0, 0, 0, 0);color:#ffffff\" class=\"has-inline-color\"><strong>2012 &#8211; 2019<br><\/strong>Architecte D.E <br>Collaborateur d&rsquo;architectes<\/mark><\/p>\n\n\n\n<div style=\"height:29px\" aria-hidden=\"true\" class=\"wp-block-spacer\"><\/div>\n<\/div>\n\n\n\n<div class=\"wp-block-column is-vertically-aligned-top has-global-padding is-layout-constrained wp-container-core-column-is-layout-4 wp-block-column-is-layout-constrained\" style=\"flex-basis:50%\">\n<h2 class=\"wp-block-heading has-text-align-left has-text-color\" style=\"color:#ffffff;margin-top:0.5rem;margin-bottom:0rem;font-size:clamp(22.041px, 1.378rem + ((1vw - 3.2px) * 1.586), 36px);letter-spacing:0px;line-height:1.3\">PARCOURS UNIVERSITAIRE<\/h2>\n\n\n\n<div style=\"height:22px\" aria-hidden=\"true\" class=\"wp-block-spacer\"><\/div>\n\n\n\n<hr class=\"wp-block-separator has-text-color has-alpha-channel-opacity has-background is-style-wide\" style=\"background-color:#ffffff;color:#ffffff\"\/>\n\n\n\n<div style=\"height:22px\" aria-hidden=\"true\" class=\"wp-block-spacer\"><\/div>\n\n\n\n<p class=\"has-text-color has-link-color wp-elements-dec836379cebc2cd730a19c15089a22e\" style=\"color:#ffffff\"><strong>2022<\/strong><br>Doctorat en architecture<br>ENSA Lyon<\/p>\n\n\n\n<div style=\"height:28px\" aria-hidden=\"true\" class=\"wp-block-spacer\"><\/div>\n\n\n\n<p class=\"has-text-color has-link-color wp-elements-f5d8f4947c73193c2b58724fcef4c353\" style=\"color:#ffffff\"><strong>2016<\/strong><br>Dipl\u00f4me d\u2019architecte mention recherche<br>ENSA Marseille<\/p>\n\n\n\n<div style=\"height:28px\" aria-hidden=\"true\" class=\"wp-block-spacer\"><\/div>\n\n\n\n<p class=\"has-text-color has-link-color wp-elements-3997445b972a9d7d16a615778b83d36a\" style=\"color:#ffffff\"><strong>2011<\/strong><br>B.A.C professionnel assistant en architecture<br>Lyc\u00e9e Denis Diderot \u00e0 Marseille<\/p>\n\n\n\n<div style=\"height:28px\" aria-hidden=\"true\" class=\"wp-block-spacer\"><\/div>\n\n\n\n<p class=\"has-text-color has-link-color wp-elements-cc9d1d6576c252f4dc8851c6daf467b8\" style=\"color:#ffffff\"><strong>2009<\/strong><br>B.E.P techniques de l\u2019architecture et de l\u2019habitat<br>Lyc\u00e9e Denis Diderot \u00e0 Marseille<\/p>\n<\/div>\n<\/div>\n<\/section>\n","protected":false},"excerpt":{"rendered":"<p>PARCOURS PROFESSIONNEL ActuellementEntrepreneur individuel, R\u00e9mi JunqueraChercheur-associ\u00e9, UR PROJECT[S] de l&rsquo;ENSA MarseilleEnseignant-vacataire, ENSA Marseille 2022 &#8211; 2024Charg\u00e9 de projet urbanisme et agricultureRougerie+Tangram 2019 &#8211; 2022DoctorantENSA Lyon, EVS-LAURe, Rougerie+Tangram 2012 &#8211; 2019Architecte D.E Collaborateur d&rsquo;architectes PARCOURS UNIVERSITAIRE 2022Doctorat en architectureENSA Lyon 2016Dipl\u00f4me d\u2019architecte mention rechercheENSA Marseille 2011B.A.C professionnel assistant en architectureLyc\u00e9e Denis Diderot \u00e0 Marseille 2009B.E.P techniques [&hellip;]<\/p>\n","protected":false},"author":1,"featured_media":0,"parent":0,"menu_order":0,"comment_status":"closed","ping_status":"closed","template":"","meta":{"footnotes":""},"yoast_head":"<!-- This site is optimized with the Yoast SEO plugin v22.9 - https:\/\/yoast.com\/wordpress\/plugins\/seo\/ -->\n<title>\u00c0 propos | R\u00e9mi Junquera<\/title>\n<meta name=\"description\" content=\"Architecte-urbaniste, docteur en architecture, sp\u00e9cialiste des agricultures urbaines. Pratique, recherche et enseignement.\" \/>\n<meta name=\"robots\" content=\"index, follow, max-snippet:-1, max-image-preview:large, max-video-preview:-1\" \/>\n<link rel=\"canonical\" href=\"https:\/\/remi-junquera.com\/index.php\/a-propos\/\" \/>\n<meta property=\"og:locale\" content=\"fr_FR\" \/>\n<meta property=\"og:type\" content=\"article\" \/>\n<meta property=\"og:title\" content=\"\u00c0 propos | R\u00e9mi Junquera\" \/>\n<meta property=\"og:description\" content=\"Architecte-urbaniste, docteur en architecture, sp\u00e9cialiste des agricultures urbaines. Pratique, recherche et enseignement.\" \/>\n<meta property=\"og:url\" content=\"https:\/\/remi-junquera.com\/index.php\/a-propos\/\" \/>\n<meta property=\"og:site_name\" content=\"R\u00e9mi Junquera\" \/>\n<meta property=\"article:modified_time\" content=\"2024-08-06T10:35:35+00:00\" \/>\n<meta property=\"og:image\" content=\"https:\/\/remi-junquera.com\/wp-content\/uploads\/2024\/06\/logo-Remi-Junquera-HD-fond-blanc.png\" \/>\n\t<meta property=\"og:image:width\" content=\"4699\" \/>\n\t<meta property=\"og:image:height\" content=\"1167\" \/>\n\t<meta property=\"og:image:type\" content=\"image\/png\" \/>\n<meta name=\"twitter:card\" content=\"summary_large_image\" \/>\n<meta name=\"twitter:label1\" content=\"Dur\u00e9e de lecture estim\u00e9e\" \/>\n\t<meta name=\"twitter:data1\" content=\"2 minutes\" \/>\n<script type=\"application\/ld+json\" class=\"yoast-schema-graph\">{\"@context\":\"https:\/\/schema.org\",\"@graph\":[{\"@type\":\"WebPage\",\"@id\":\"https:\/\/remi-junquera.com\/index.php\/a-propos\/\",\"url\":\"https:\/\/remi-junquera.com\/index.php\/a-propos\/\",\"name\":\"\u00c0 propos | R\u00e9mi Junquera\",\"isPartOf\":{\"@id\":\"https:\/\/remi-junquera.com\/#website\"},\"datePublished\":\"2024-06-06T13:40:37+00:00\",\"dateModified\":\"2024-08-06T10:35:35+00:00\",\"description\":\"Architecte-urbaniste, docteur en architecture, sp\u00e9cialiste des agricultures urbaines. Pratique, recherche et enseignement.\",\"breadcrumb\":{\"@id\":\"https:\/\/remi-junquera.com\/index.php\/a-propos\/#breadcrumb\"},\"inLanguage\":\"fr-FR\",\"potentialAction\":[{\"@type\":\"ReadAction\",\"target\":[\"https:\/\/remi-junquera.com\/index.php\/a-propos\/\"]}]},{\"@type\":\"BreadcrumbList\",\"@id\":\"https:\/\/remi-junquera.com\/index.php\/a-propos\/#breadcrumb\",\"itemListElement\":[{\"@type\":\"ListItem\",\"position\":1,\"name\":\"Accueil\",\"item\":\"https:\/\/remi-junquera.com\/\"},{\"@type\":\"ListItem\",\"position\":2,\"name\":\"\u00c0 propos\"}]},{\"@type\":\"WebSite\",\"@id\":\"https:\/\/remi-junquera.com\/#website\",\"url\":\"https:\/\/remi-junquera.com\/\",\"name\":\"R\u00e9mi Junquera\",\"description\":\"Architecture Urbanisme Agriculture\",\"publisher\":{\"@id\":\"https:\/\/remi-junquera.com\/#organization\"},\"potentialAction\":[{\"@type\":\"SearchAction\",\"target\":{\"@type\":\"EntryPoint\",\"urlTemplate\":\"https:\/\/remi-junquera.com\/?s={search_term_string}\"},\"query-input\":\"required name=search_term_string\"}],\"inLanguage\":\"fr-FR\"},{\"@type\":\"Organization\",\"@id\":\"https:\/\/remi-junquera.com\/#organization\",\"name\":\"R\u00e9mi Junquera\",\"url\":\"https:\/\/remi-junquera.com\/\",\"logo\":{\"@type\":\"ImageObject\",\"inLanguage\":\"fr-FR\",\"@id\":\"https:\/\/remi-junquera.com\/#\/schema\/logo\/image\/\",\"url\":\"https:\/\/remi-junquera.com\/wp-content\/uploads\/2024\/06\/logo-Remi-Junquera-HD.png\",\"contentUrl\":\"https:\/\/remi-junquera.com\/wp-content\/uploads\/2024\/06\/logo-Remi-Junquera-HD.png\",\"width\":4430,\"height\":947,\"caption\":\"R\u00e9mi Junquera\"},\"image\":{\"@id\":\"https:\/\/remi-junquera.com\/#\/schema\/logo\/image\/\"},\"sameAs\":[\"http:\/\/linkedin.com\/in\/r\u00e9mi-junquera\"]}]}<\/script>\n<!-- \/ Yoast SEO plugin. -->","yoast_head_json":{"title":"\u00c0 propos | R\u00e9mi Junquera","description":"Architecte-urbaniste, docteur en architecture, sp\u00e9cialiste des agricultures urbaines. Pratique, recherche et enseignement.","robots":{"index":"index","follow":"follow","max-snippet":"max-snippet:-1","max-image-preview":"max-image-preview:large","max-video-preview":"max-video-preview:-1"},"canonical":"https:\/\/remi-junquera.com\/index.php\/a-propos\/","og_locale":"fr_FR","og_type":"article","og_title":"\u00c0 propos | R\u00e9mi Junquera","og_description":"Architecte-urbaniste, docteur en architecture, sp\u00e9cialiste des agricultures urbaines. Pratique, recherche et enseignement.","og_url":"https:\/\/remi-junquera.com\/index.php\/a-propos\/","og_site_name":"R\u00e9mi Junquera","article_modified_time":"2024-08-06T10:35:35+00:00","og_image":[{"width":4699,"height":1167,"url":"https:\/\/remi-junquera.com\/wp-content\/uploads\/2024\/06\/logo-Remi-Junquera-HD-fond-blanc.png","type":"image\/png"}],"twitter_card":"summary_large_image","twitter_misc":{"Dur\u00e9e de lecture estim\u00e9e":"2 minutes"},"schema":{"@context":"https:\/\/schema.org","@graph":[{"@type":"WebPage","@id":"https:\/\/remi-junquera.com\/index.php\/a-propos\/","url":"https:\/\/remi-junquera.com\/index.php\/a-propos\/","name":"\u00c0 propos | R\u00e9mi Junquera","isPartOf":{"@id":"https:\/\/remi-junquera.com\/#website"},"datePublished":"2024-06-06T13:40:37+00:00","dateModified":"2024-08-06T10:35:35+00:00","description":"Architecte-urbaniste, docteur en architecture, sp\u00e9cialiste des agricultures urbaines. Pratique, recherche et enseignement.","breadcrumb":{"@id":"https:\/\/remi-junquera.com\/index.php\/a-propos\/#breadcrumb"},"inLanguage":"fr-FR","potentialAction":[{"@type":"ReadAction","target":["https:\/\/remi-junquera.com\/index.php\/a-propos\/"]}]},{"@type":"BreadcrumbList","@id":"https:\/\/remi-junquera.com\/index.php\/a-propos\/#breadcrumb","itemListElement":[{"@type":"ListItem","position":1,"name":"Accueil","item":"https:\/\/remi-junquera.com\/"},{"@type":"ListItem","position":2,"name":"\u00c0 propos"}]},{"@type":"WebSite","@id":"https:\/\/remi-junquera.com\/#website","url":"https:\/\/remi-junquera.com\/","name":"R\u00e9mi Junquera","description":"Architecture Urbanisme Agriculture","publisher":{"@id":"https:\/\/remi-junquera.com\/#organization"},"potentialAction":[{"@type":"SearchAction","target":{"@type":"EntryPoint","urlTemplate":"https:\/\/remi-junquera.com\/?s={search_term_string}"},"query-input":"required name=search_term_string"}],"inLanguage":"fr-FR"},{"@type":"Organization","@id":"https:\/\/remi-junquera.com\/#organization","name":"R\u00e9mi Junquera","url":"https:\/\/remi-junquera.com\/","logo":{"@type":"ImageObject","inLanguage":"fr-FR","@id":"https:\/\/remi-junquera.com\/#\/schema\/logo\/image\/","url":"https:\/\/remi-junquera.com\/wp-content\/uploads\/2024\/06\/logo-Remi-Junquera-HD.png","contentUrl":"https:\/\/remi-junquera.com\/wp-content\/uploads\/2024\/06\/logo-Remi-Junquera-HD.png","width":4430,"height":947,"caption":"R\u00e9mi Junquera"},"image":{"@id":"https:\/\/remi-junquera.com\/#\/schema\/logo\/image\/"},"sameAs":["http:\/\/linkedin.com\/in\/r\u00e9mi-junquera"]}]}},"jetpack_sharing_enabled":true,"_links":{"self":[{"href":"https:\/\/remi-junquera.com\/index.php\/wp-json\/wp\/v2\/pages\/13"}],"collection":[{"href":"https:\/\/remi-junquera.com\/index.php\/wp-json\/wp\/v2\/pages"}],"about":[{"href":"https:\/\/remi-junquera.com\/index.php\/wp-json\/wp\/v2\/types\/page"}],"author":[{"embeddable":true,"href":"https:\/\/remi-junquera.com\/index.php\/wp-json\/wp\/v2\/users\/1"}],"replies":[{"embeddable":true,"href":"https:\/\/remi-junquera.com\/index.php\/wp-json\/wp\/v2\/comments?post=13"}],"version-history":[{"count":61,"href":"https:\/\/remi-junquera.com\/index.php\/wp-json\/wp\/v2\/pages\/13\/revisions"}],"predecessor-version":[{"id":1200,"href":"https:\/\/remi-junquera.com\/index.php\/wp-json\/wp\/v2\/pages\/13\/revisions\/1200"}],"wp:attachment":[{"href":"https:\/\/remi-junquera.com\/index.php\/wp-json\/wp\/v2\/media?parent=13"}],"curies":[{"name":"wp","href":"https:\/\/api.w.org\/{rel}","templated":true}]}}