{"id":1627,"date":"2026-01-29T09:51:12","date_gmt":"2026-01-29T08:51:12","guid":{"rendered":"https:\/\/remi-junquera.com\/?page_id=1627"},"modified":"2026-01-29T10:19:09","modified_gmt":"2026-01-29T09:19:09","slug":"ferme-urbaine-des-gallicourts","status":"publish","type":"page","link":"https:\/\/remi-junquera.com\/index.php\/ferme-urbaine-des-gallicourts\/","title":{"rendered":"Ferme urbaine des Gallicourts"},"content":{"rendered":"\n<div class=\"wp-block-cover alignfull has-parallax wp-duotone-unset-1\" style=\"padding-top:17%;padding-bottom:3rem;min-height:801px;aspect-ratio:unset;\"><span aria-hidden=\"true\" class=\"wp-block-cover__background has-black-background-color has-background-dim\"><\/span><div class=\"wp-block-cover__image-background wp-image-1628 has-parallax\" style=\"background-position:50% 50%;background-image:url(https:\/\/remi-junquera.com\/wp-content\/uploads\/2026\/01\/Sans-titre.png)\"><\/div><div class=\"wp-block-cover__inner-container has-global-padding is-layout-constrained wp-container-core-cover-is-layout-1 wp-block-cover-is-layout-constrained\">\n<div class=\"wp-block-group has-global-padding is-layout-constrained wp-block-group-is-layout-constrained\" style=\"min-height:520px\">\n<h1 class=\"wp-block-heading alignwide has-text-align-center\">Ferme urbaine <br>des gallicourts<\/h1>\n<\/div>\n<\/div><\/div>\n\n\n\n<div class=\"wp-block-group alignfull has-background has-global-padding is-layout-constrained wp-block-group-is-layout-constrained\" style=\"background-color:#ffffff\">\n<div style=\"height:58px\" aria-hidden=\"true\" class=\"wp-block-spacer\"><\/div>\n\n\n\n<h4 class=\"wp-block-heading alignwide has-text-align-center has-text-color has-link-color wp-elements-2ed08c918fac83387943a6b0a016eeab\" style=\"color:#000000\">\u00ab remettre en culture un patrimoine horticole \u00bb<\/h4>\n\n\n\n<div style=\"height:58px\" aria-hidden=\"true\" class=\"wp-block-spacer\"><\/div>\n<\/div>\n\n\n\n<figure class=\"wp-block-image alignwide size-full has-custom-border\"><img fetchpriority=\"high\" decoding=\"async\" width=\"3154\" height=\"1847\" src=\"https:\/\/remi-junquera.com\/wp-content\/uploads\/2026\/01\/Sans-titre2.png\" alt=\"\" class=\"wp-image-1629\" style=\"border-style:none;border-width:0px\" srcset=\"https:\/\/remi-junquera.com\/wp-content\/uploads\/2026\/01\/Sans-titre2.png 3154w, https:\/\/remi-junquera.com\/wp-content\/uploads\/2026\/01\/Sans-titre2-300x176.png 300w, https:\/\/remi-junquera.com\/wp-content\/uploads\/2026\/01\/Sans-titre2-1024x600.png 1024w, https:\/\/remi-junquera.com\/wp-content\/uploads\/2026\/01\/Sans-titre2-768x450.png 768w, https:\/\/remi-junquera.com\/wp-content\/uploads\/2026\/01\/Sans-titre2-1536x899.png 1536w, https:\/\/remi-junquera.com\/wp-content\/uploads\/2026\/01\/Sans-titre2-2048x1199.png 2048w\" sizes=\"(max-width: 3154px) 100vw, 3154px\" \/><\/figure>\n\n\n\n<div style=\"height:58px\" aria-hidden=\"true\" class=\"wp-block-spacer\"><\/div>\n\n\n\n<div class=\"wp-block-columns alignwide is-layout-flex wp-container-core-columns-is-layout-1 wp-block-columns-is-layout-flex\">\n<div class=\"wp-block-column is-layout-flow wp-block-column-is-layout-flow\">\n<p class=\"has-text-align-justify\">Situ\u00e9 \u00e0 Rueil-Malmaison, le Vallon des Gallicourts est un site de pr\u00e8s de <strong>3,8 hectares<\/strong>, marqu\u00e9 par une <strong>longue histoire horticole<\/strong>. L\u2019\u00e9tude, men\u00e9e en 2025, dresse un <strong>diagnostic complet<\/strong> du site, croisant <strong>analyse territoriale, fonci\u00e8re, r\u00e9glementaire, paysag\u00e8re et historique<\/strong>. Elle met en \u00e9vidence un foncier aujourd\u2019hui majoritairement en friche, mais dot\u00e9 de forts atouts : une topographie favorable, un patrimoine arbor\u00e9 remarquable, un b\u00e2ti existant et une m\u00e9moire agricole encore lisible dans le paysage.<\/p>\n\n\n\n<p class=\"has-text-align-justify has-text-align-justify\">Le <strong>diagnostic historique<\/strong> r\u00e9v\u00e8le une continuit\u00e9 d\u2019usages agricoles depuis le d\u00e9but du XX\u1d49 si\u00e8cle, avec la pr\u00e9sence de vergers, de cultures mara\u00eech\u00e8res et, plus r\u00e9cemment, d\u2019une importante activit\u00e9 horticole sous serres. L\u2019abandon progressif du site \u00e0 partir des ann\u00e9es 2000 a laiss\u00e9 place \u00e0 un enfrichement spontan\u00e9, offrant aujourd\u2019hui un <strong>potentiel de renaturation et de r\u00e9activation agricole<\/strong>.<\/p>\n\n\n\n<p class=\"has-text-align-justify has-text-align-justify\">L\u2019\u00e9tude de faisabilit\u00e9 identifie<strong> les conditions n\u00e9cessaires \u00e0 la r\u00e9installation d\u2019une activit\u00e9 agricole viable<\/strong> : qualit\u00e9 et pr\u00e9servation des sols, acc\u00e8s \u00e0 l\u2019eau et aux r\u00e9seaux, ensoleillement, protection face aux nuisances urbaines, gestion des flux et des usages, ainsi que la pr\u00e9sence de b\u00e2timents supports adapt\u00e9s. <strong>Trois sc\u00e9narios de d\u00e9veloppement sont propos\u00e9s<\/strong>, allant d\u2019une ferme mara\u00eech\u00e8re productive en circuit court, \u00e0 une ferme associant activit\u00e9s p\u00e9dagogiques, voire un projet plus ambitieux int\u00e9grant de l\u2019agro-tourisme et de la restauration.<\/p>\n<\/div>\n\n\n\n<div class=\"wp-block-column is-layout-flow wp-block-column-is-layout-flow\">\n<p class=\"has-text-align-justify has-text-align-justify\">L\u2019analyse \u00e9conomique d\u00e9montre que l\u2019activit\u00e9 mara\u00eech\u00e8re est viable, y compris dans le sc\u00e9nario le plus contraint en surface agricole. Le projet de ferme urbaine des Gallicourts appara\u00eet ainsi comme une opportunit\u00e9 strat\u00e9gique pour r\u00e9introduire une agriculture productive, p\u00e9dagogique et ouverte au public, conciliant enjeux environnementaux, alimentaires, sociaux et paysagers \u00e0 l\u2019\u00e9chelle m\u00e9tropolitaine.<\/p>\n\n\n\n<div style=\"height:257px\" aria-hidden=\"true\" class=\"wp-block-spacer\"><\/div>\n\n\n\n<hr class=\"wp-block-separator has-alpha-channel-opacity is-style-wide\"\/>\n\n\n\n<p class=\"has-text-align-left\" style=\"font-size:clamp(14px, 0.875rem + ((1vw - 3.2px) * 0.114), 15px);line-height:2\"><em><strong>Programme<\/strong> : \u00e9tude de diagnostic et de faisabilit\u00e9<br><strong>Lieu<\/strong> : Rueil-Malmaison (92)<br><strong>Ann\u00e9e <\/strong>: 2025<br><strong>MOA <\/strong>: Conseil D\u00e9partemental des Hauts de Seine<br><strong>MOE <\/strong>: Atelier Fo\u00efs, AH Ecologie, Lollier Ing\u00e9nierie, <em>We Agri <\/em>(R\u00e9mi Junquera)<\/em><\/p>\n<\/div>\n<\/div>\n\n\n\n<div aria-hidden=\"true\" class=\"wp-block-spacer\"><\/div>\n\n\n\n<div style=\"height:58px\" aria-hidden=\"true\" class=\"wp-block-spacer\"><\/div>\n\n\n\n<hr class=\"wp-block-separator alignfull has-alpha-channel-opacity\"\/>\n","protected":false},"excerpt":{"rendered":"<p>\u00ab remettre en culture un patrimoine horticole \u00bb Situ\u00e9 \u00e0 Rueil-Malmaison, le Vallon des Gallicourts est un site de pr\u00e8s de 3,8 hectares, marqu\u00e9 par une longue histoire horticole. L\u2019\u00e9tude, men\u00e9e en 2025, dresse un diagnostic complet du site, croisant analyse territoriale, fonci\u00e8re, r\u00e9glementaire, paysag\u00e8re et historique. Elle met en \u00e9vidence un foncier aujourd\u2019hui majoritairement [&hellip;]<\/p>\n","protected":false},"author":1,"featured_media":0,"parent":0,"menu_order":0,"comment_status":"closed","ping_status":"closed","template":"","meta":{"footnotes":""},"yoast_head":"<!-- This site is optimized with the Yoast SEO plugin v22.9 - https:\/\/yoast.com\/wordpress\/plugins\/seo\/ -->\n<title>Ferme urbaine des Gallicourts | R\u00e9mi Junquera<\/title>\n<meta name=\"robots\" content=\"index, follow, max-snippet:-1, max-image-preview:large, max-video-preview:-1\" \/>\n<link rel=\"canonical\" href=\"https:\/\/remi-junquera.com\/index.php\/ferme-urbaine-des-gallicourts\/\" \/>\n<meta property=\"og:locale\" content=\"fr_FR\" \/>\n<meta property=\"og:type\" content=\"article\" \/>\n<meta property=\"og:title\" content=\"Ferme urbaine des Gallicourts | R\u00e9mi Junquera\" \/>\n<meta property=\"og:description\" content=\"\u00ab remettre en culture un patrimoine horticole \u00bb Situ\u00e9 \u00e0 Rueil-Malmaison, le Vallon des Gallicourts est un site de pr\u00e8s de 3,8 hectares, marqu\u00e9 par une longue histoire horticole. L\u2019\u00e9tude, men\u00e9e en 2025, dresse un diagnostic complet du site, croisant analyse territoriale, fonci\u00e8re, r\u00e9glementaire, paysag\u00e8re et historique. Elle met en \u00e9vidence un foncier aujourd\u2019hui majoritairement [&hellip;]\" \/>\n<meta property=\"og:url\" content=\"https:\/\/remi-junquera.com\/index.php\/ferme-urbaine-des-gallicourts\/\" \/>\n<meta property=\"og:site_name\" content=\"R\u00e9mi Junquera\" \/>\n<meta property=\"article:modified_time\" content=\"2026-01-29T09:19:09+00:00\" \/>\n<meta property=\"og:image\" content=\"https:\/\/remi-junquera.com\/wp-content\/uploads\/2026\/01\/Sans-titre2.png\" \/>\n<meta name=\"twitter:card\" content=\"summary_large_image\" \/>\n<meta name=\"twitter:label1\" content=\"Dur\u00e9e de lecture estim\u00e9e\" \/>\n\t<meta name=\"twitter:data1\" content=\"2 minutes\" \/>\n<script type=\"application\/ld+json\" class=\"yoast-schema-graph\">{\"@context\":\"https:\/\/schema.org\",\"@graph\":[{\"@type\":\"WebPage\",\"@id\":\"https:\/\/remi-junquera.com\/index.php\/ferme-urbaine-des-gallicourts\/\",\"url\":\"https:\/\/remi-junquera.com\/index.php\/ferme-urbaine-des-gallicourts\/\",\"name\":\"Ferme urbaine des Gallicourts | R\u00e9mi Junquera\",\"isPartOf\":{\"@id\":\"https:\/\/remi-junquera.com\/#website\"},\"primaryImageOfPage\":{\"@id\":\"https:\/\/remi-junquera.com\/index.php\/ferme-urbaine-des-gallicourts\/#primaryimage\"},\"image\":{\"@id\":\"https:\/\/remi-junquera.com\/index.php\/ferme-urbaine-des-gallicourts\/#primaryimage\"},\"thumbnailUrl\":\"https:\/\/remi-junquera.com\/wp-content\/uploads\/2026\/01\/Sans-titre2.png\",\"datePublished\":\"2026-01-29T08:51:12+00:00\",\"dateModified\":\"2026-01-29T09:19:09+00:00\",\"breadcrumb\":{\"@id\":\"https:\/\/remi-junquera.com\/index.php\/ferme-urbaine-des-gallicourts\/#breadcrumb\"},\"inLanguage\":\"fr-FR\",\"potentialAction\":[{\"@type\":\"ReadAction\",\"target\":[\"https:\/\/remi-junquera.com\/index.php\/ferme-urbaine-des-gallicourts\/\"]}]},{\"@type\":\"ImageObject\",\"inLanguage\":\"fr-FR\",\"@id\":\"https:\/\/remi-junquera.com\/index.php\/ferme-urbaine-des-gallicourts\/#primaryimage\",\"url\":\"https:\/\/remi-junquera.com\/wp-content\/uploads\/2026\/01\/Sans-titre2.png\",\"contentUrl\":\"https:\/\/remi-junquera.com\/wp-content\/uploads\/2026\/01\/Sans-titre2.png\",\"width\":3154,\"height\":1847},{\"@type\":\"BreadcrumbList\",\"@id\":\"https:\/\/remi-junquera.com\/index.php\/ferme-urbaine-des-gallicourts\/#breadcrumb\",\"itemListElement\":[{\"@type\":\"ListItem\",\"position\":1,\"name\":\"Accueil\",\"item\":\"https:\/\/remi-junquera.com\/\"},{\"@type\":\"ListItem\",\"position\":2,\"name\":\"Ferme urbaine des Gallicourts\"}]},{\"@type\":\"WebSite\",\"@id\":\"https:\/\/remi-junquera.com\/#website\",\"url\":\"https:\/\/remi-junquera.com\/\",\"name\":\"R\u00e9mi Junquera\",\"description\":\"Architecture Urbanisme Agriculture\",\"publisher\":{\"@id\":\"https:\/\/remi-junquera.com\/#organization\"},\"potentialAction\":[{\"@type\":\"SearchAction\",\"target\":{\"@type\":\"EntryPoint\",\"urlTemplate\":\"https:\/\/remi-junquera.com\/?s={search_term_string}\"},\"query-input\":\"required name=search_term_string\"}],\"inLanguage\":\"fr-FR\"},{\"@type\":\"Organization\",\"@id\":\"https:\/\/remi-junquera.com\/#organization\",\"name\":\"R\u00e9mi Junquera\",\"url\":\"https:\/\/remi-junquera.com\/\",\"logo\":{\"@type\":\"ImageObject\",\"inLanguage\":\"fr-FR\",\"@id\":\"https:\/\/remi-junquera.com\/#\/schema\/logo\/image\/\",\"url\":\"https:\/\/remi-junquera.com\/wp-content\/uploads\/2024\/06\/logo-Remi-Junquera-HD.png\",\"contentUrl\":\"https:\/\/remi-junquera.com\/wp-content\/uploads\/2024\/06\/logo-Remi-Junquera-HD.png\",\"width\":4430,\"height\":947,\"caption\":\"R\u00e9mi Junquera\"},\"image\":{\"@id\":\"https:\/\/remi-junquera.com\/#\/schema\/logo\/image\/\"},\"sameAs\":[\"http:\/\/linkedin.com\/in\/r\u00e9mi-junquera\"]}]}<\/script>\n<!-- \/ Yoast SEO plugin. -->","yoast_head_json":{"title":"Ferme urbaine des Gallicourts | R\u00e9mi Junquera","robots":{"index":"index","follow":"follow","max-snippet":"max-snippet:-1","max-image-preview":"max-image-preview:large","max-video-preview":"max-video-preview:-1"},"canonical":"https:\/\/remi-junquera.com\/index.php\/ferme-urbaine-des-gallicourts\/","og_locale":"fr_FR","og_type":"article","og_title":"Ferme urbaine des Gallicourts | R\u00e9mi Junquera","og_description":"\u00ab remettre en culture un patrimoine horticole \u00bb Situ\u00e9 \u00e0 Rueil-Malmaison, le Vallon des Gallicourts est un site de pr\u00e8s de 3,8 hectares, marqu\u00e9 par une longue histoire horticole. L\u2019\u00e9tude, men\u00e9e en 2025, dresse un diagnostic complet du site, croisant analyse territoriale, fonci\u00e8re, r\u00e9glementaire, paysag\u00e8re et historique. Elle met en \u00e9vidence un foncier aujourd\u2019hui majoritairement [&hellip;]","og_url":"https:\/\/remi-junquera.com\/index.php\/ferme-urbaine-des-gallicourts\/","og_site_name":"R\u00e9mi Junquera","article_modified_time":"2026-01-29T09:19:09+00:00","og_image":[{"url":"https:\/\/remi-junquera.com\/wp-content\/uploads\/2026\/01\/Sans-titre2.png"}],"twitter_card":"summary_large_image","twitter_misc":{"Dur\u00e9e de lecture estim\u00e9e":"2 minutes"},"schema":{"@context":"https:\/\/schema.org","@graph":[{"@type":"WebPage","@id":"https:\/\/remi-junquera.com\/index.php\/ferme-urbaine-des-gallicourts\/","url":"https:\/\/remi-junquera.com\/index.php\/ferme-urbaine-des-gallicourts\/","name":"Ferme urbaine des Gallicourts | R\u00e9mi Junquera","isPartOf":{"@id":"https:\/\/remi-junquera.com\/#website"},"primaryImageOfPage":{"@id":"https:\/\/remi-junquera.com\/index.php\/ferme-urbaine-des-gallicourts\/#primaryimage"},"image":{"@id":"https:\/\/remi-junquera.com\/index.php\/ferme-urbaine-des-gallicourts\/#primaryimage"},"thumbnailUrl":"https:\/\/remi-junquera.com\/wp-content\/uploads\/2026\/01\/Sans-titre2.png","datePublished":"2026-01-29T08:51:12+00:00","dateModified":"2026-01-29T09:19:09+00:00","breadcrumb":{"@id":"https:\/\/remi-junquera.com\/index.php\/ferme-urbaine-des-gallicourts\/#breadcrumb"},"inLanguage":"fr-FR","potentialAction":[{"@type":"ReadAction","target":["https:\/\/remi-junquera.com\/index.php\/ferme-urbaine-des-gallicourts\/"]}]},{"@type":"ImageObject","inLanguage":"fr-FR","@id":"https:\/\/remi-junquera.com\/index.php\/ferme-urbaine-des-gallicourts\/#primaryimage","url":"https:\/\/remi-junquera.com\/wp-content\/uploads\/2026\/01\/Sans-titre2.png","contentUrl":"https:\/\/remi-junquera.com\/wp-content\/uploads\/2026\/01\/Sans-titre2.png","width":3154,"height":1847},{"@type":"BreadcrumbList","@id":"https:\/\/remi-junquera.com\/index.php\/ferme-urbaine-des-gallicourts\/#breadcrumb","itemListElement":[{"@type":"ListItem","position":1,"name":"Accueil","item":"https:\/\/remi-junquera.com\/"},{"@type":"ListItem","position":2,"name":"Ferme urbaine des Gallicourts"}]},{"@type":"WebSite","@id":"https:\/\/remi-junquera.com\/#website","url":"https:\/\/remi-junquera.com\/","name":"R\u00e9mi Junquera","description":"Architecture Urbanisme Agriculture","publisher":{"@id":"https:\/\/remi-junquera.com\/#organization"},"potentialAction":[{"@type":"SearchAction","target":{"@type":"EntryPoint","urlTemplate":"https:\/\/remi-junquera.com\/?s={search_term_string}"},"query-input":"required name=search_term_string"}],"inLanguage":"fr-FR"},{"@type":"Organization","@id":"https:\/\/remi-junquera.com\/#organization","name":"R\u00e9mi Junquera","url":"https:\/\/remi-junquera.com\/","logo":{"@type":"ImageObject","inLanguage":"fr-FR","@id":"https:\/\/remi-junquera.com\/#\/schema\/logo\/image\/","url":"https:\/\/remi-junquera.com\/wp-content\/uploads\/2024\/06\/logo-Remi-Junquera-HD.png","contentUrl":"https:\/\/remi-junquera.com\/wp-content\/uploads\/2024\/06\/logo-Remi-Junquera-HD.png","width":4430,"height":947,"caption":"R\u00e9mi Junquera"},"image":{"@id":"https:\/\/remi-junquera.com\/#\/schema\/logo\/image\/"},"sameAs":["http:\/\/linkedin.com\/in\/r\u00e9mi-junquera"]}]}},"jetpack_sharing_enabled":true,"_links":{"self":[{"href":"https:\/\/remi-junquera.com\/index.php\/wp-json\/wp\/v2\/pages\/1627"}],"collection":[{"href":"https:\/\/remi-junquera.com\/index.php\/wp-json\/wp\/v2\/pages"}],"about":[{"href":"https:\/\/remi-junquera.com\/index.php\/wp-json\/wp\/v2\/types\/page"}],"author":[{"embeddable":true,"href":"https:\/\/remi-junquera.com\/index.php\/wp-json\/wp\/v2\/users\/1"}],"replies":[{"embeddable":true,"href":"https:\/\/remi-junquera.com\/index.php\/wp-json\/wp\/v2\/comments?post=1627"}],"version-history":[{"count":3,"href":"https:\/\/remi-junquera.com\/index.php\/wp-json\/wp\/v2\/pages\/1627\/revisions"}],"predecessor-version":[{"id":1641,"href":"https:\/\/remi-junquera.com\/index.php\/wp-json\/wp\/v2\/pages\/1627\/revisions\/1641"}],"wp:attachment":[{"href":"https:\/\/remi-junquera.com\/index.php\/wp-json\/wp\/v2\/media?parent=1627"}],"curies":[{"name":"wp","href":"https:\/\/api.w.org\/{rel}","templated":true}]}}