{"id":1632,"date":"2026-01-29T10:13:12","date_gmt":"2026-01-29T09:13:12","guid":{"rendered":"https:\/\/remi-junquera.com\/?page_id=1632"},"modified":"2026-01-30T09:21:57","modified_gmt":"2026-01-30T08:21:57","slug":"diagnostic-agricole-territorial","status":"publish","type":"page","link":"https:\/\/remi-junquera.com\/index.php\/diagnostic-agricole-territorial\/","title":{"rendered":"Diagnostic territorial agricole"},"content":{"rendered":"\n<div class=\"wp-block-cover alignfull has-parallax wp-duotone-unset-1\" style=\"padding-top:17%;padding-bottom:3rem;min-height:801px;aspect-ratio:unset;\"><span aria-hidden=\"true\" class=\"wp-block-cover__background has-black-background-color has-background-dim\"><\/span><div class=\"wp-block-cover__image-background wp-image-1635 has-parallax\" style=\"background-position:50% 50%;background-image:url(https:\/\/remi-junquera.com\/wp-content\/uploads\/2026\/01\/Capture.png)\"><\/div><div class=\"wp-block-cover__inner-container has-global-padding is-layout-constrained wp-container-core-cover-is-layout-1 wp-block-cover-is-layout-constrained\">\n<div class=\"wp-block-group has-global-padding is-layout-constrained wp-block-group-is-layout-constrained\" style=\"min-height:520px\">\n<h1 class=\"wp-block-heading alignwide has-text-align-center\">Diagnostic territorial agricole <\/h1>\n<\/div>\n<\/div><\/div>\n\n\n\n<div class=\"wp-block-group alignfull has-background has-global-padding is-layout-constrained wp-block-group-is-layout-constrained\" style=\"background-color:#ffffff\">\n<div style=\"height:58px\" aria-hidden=\"true\" class=\"wp-block-spacer\"><\/div>\n\n\n\n<h4 class=\"wp-block-heading alignwide has-text-align-center has-text-color has-link-color wp-elements-f8f0f20be120c66cfbb5fd31d51eb737\" style=\"color:#000000\">\u00ab Penser la transition agricole \u00e0 l&rsquo;\u00e9chelle du territoire \u00bb<\/h4>\n\n\n\n<div style=\"height:58px\" aria-hidden=\"true\" class=\"wp-block-spacer\"><\/div>\n<\/div>\n\n\n\n<figure class=\"wp-block-image alignwide size-full has-custom-border\"><img fetchpriority=\"high\" decoding=\"async\" width=\"2480\" height=\"1754\" src=\"https:\/\/remi-junquera.com\/wp-content\/uploads\/2026\/01\/Sans-titre-1.jpg\" alt=\"\" class=\"wp-image-1636\" style=\"border-style:none;border-width:0px\" srcset=\"https:\/\/remi-junquera.com\/wp-content\/uploads\/2026\/01\/Sans-titre-1.jpg 2480w, https:\/\/remi-junquera.com\/wp-content\/uploads\/2026\/01\/Sans-titre-1-300x212.jpg 300w, https:\/\/remi-junquera.com\/wp-content\/uploads\/2026\/01\/Sans-titre-1-1024x724.jpg 1024w, https:\/\/remi-junquera.com\/wp-content\/uploads\/2026\/01\/Sans-titre-1-768x543.jpg 768w, https:\/\/remi-junquera.com\/wp-content\/uploads\/2026\/01\/Sans-titre-1-1536x1086.jpg 1536w, https:\/\/remi-junquera.com\/wp-content\/uploads\/2026\/01\/Sans-titre-1-2048x1448.jpg 2048w\" sizes=\"(max-width: 2480px) 100vw, 2480px\" \/><\/figure>\n\n\n\n<div style=\"height:58px\" aria-hidden=\"true\" class=\"wp-block-spacer\"><\/div>\n\n\n\n<div class=\"wp-block-columns alignwide is-layout-flex wp-container-core-columns-is-layout-1 wp-block-columns-is-layout-flex\">\n<div class=\"wp-block-column is-layout-flow wp-block-column-is-layout-flow\">\n<p class=\"has-text-align-justify has-text-align-justify\">R\u00e9alis\u00e9 en 2024 dans le cadre du Plan Guide de la Porte Sud, ce <strong>diagnostic agricole<\/strong> propose une <strong>lecture fine des dynamiques agricoles, fonci\u00e8res et paysag\u00e8res du territoire des Sables-d\u2019Olonne<\/strong>. Il s\u2019inscrit dans un <strong>contexte de forte pression urbaine, de recul continu des surfaces agricoles et de vieillissement marqu\u00e9 des exploitants<\/strong>, tout en soulignant les capacit\u00e9s du territoire \u00e0 engager une transition agricole ambitieuse, en lien avec <strong>les enjeux alimentaires, climatiques et \u00e9conomiques locaux<\/strong>.<\/p>\n\n\n\n<p class=\"has-text-align-justify\">L\u2019\u00e9tude met en \u00e9vidence <strong>une agriculture aujourd\u2019hui largement structur\u00e9e autour de l\u2019\u00e9levage bovin et des grandes cultures<\/strong> destin\u00e9es \u00e0 l\u2019alimentation animale, au d\u00e9triment des cultures vivri\u00e8res. \u00c0 l\u2019\u00e9chelle communale, la <strong>surface agricole utile par habitant appara\u00eet insuffisante pour r\u00e9pondre aux besoins alimentaires<\/strong>, tandis que les pratiques intensives (usage \u00e9lev\u00e9 de pesticides) et les \u00e9pisodes r\u00e9currents de s\u00e9cheresse renforcent la <strong>vuln\u00e9rabilit\u00e9 du syst\u00e8me agricole<\/strong> existant. Malgr\u00e9 cela, <strong>le territoire dispose d\u2019atouts notables<\/strong> : des sols globalement favorables \u00e0 l\u2019agriculture, une part significative de surfaces en agriculture biologique, ainsi que la pr\u00e9sence d\u2019acteurs d\u00e9j\u00e0 engag\u00e9s dans le mara\u00eechage bio et les circuits courts.<\/p>\n<\/div>\n\n\n\n<div class=\"wp-block-column is-layout-flow wp-block-column-is-layout-flow\">\n<p class=\"has-text-align-justify has-text-align-justify\">Le diagnostic r\u00e9v\u00e8le \u00e9galement <strong>une trame agricole et bocag\u00e8re encore tr\u00e8s lisible<\/strong>, h\u00e9rit\u00e9e d\u2019une histoire agricole ancienne et intimement li\u00e9e \u00e0 la structuration du paysage. Les haies bocag\u00e8res constituent \u00e0 la fois un <strong>marqueur patrimonial fort et un levier environnemental majeur<\/strong>, jouant un r\u00f4le essentiel pour la biodiversit\u00e9, la gestion de l\u2019eau, la protection des sols et l\u2019adaptation au changement climatique. Toutefois, cette trame est fragilis\u00e9e par le mitage urbain et par un zonage du PLU particuli\u00e8rement permissif \u00e0 l\u2019urbanisation, avec pr\u00e8s de 157 hectares de zones \u00e0 urbaniser identifi\u00e9es sur le secteur d\u2019\u00e9tude.<\/p>\n\n\n\n<p class=\"has-text-align-justify has-text-align-justify\">Enfin, l\u2019\u00e9tude ouvre des perspectives \u00e0 l\u2019horizon 2050 en s\u2019appuyant sur les <strong>sc\u00e9narios prospectifs de transition alimentaire<\/strong> (Afterres2050). Elle propose de<strong> faire \u00e9voluer le mod\u00e8le agricole local vers une diversification des productions, un renforcement du mara\u00eechage et de l\u2019arboriculture, une mont\u00e9e en puissance de l\u2019agriculture biologique et une meilleure articulation entre production locale et consommation.<\/strong> Cette strat\u00e9gie s\u2019incarne dans le projet \u00ab <strong>Agrir<\/strong> \u00bb, visant la mise en \u0153uvre d\u2019un v\u00e9ritable projet agricole de territoire, articul\u00e9 autour de la protection du foncier, de l\u2019accompagnement des agriculteurs, de la requalification des friches et de la cr\u00e9ation de projets d\u00e9monstrateurs, notamment via un tiers-lieu agricole et alimentaire \u00e0 forte valeur territoriale.<\/p>\n\n\n\n<div style=\"height:0px\" aria-hidden=\"true\" class=\"wp-block-spacer\"><\/div>\n\n\n\n<hr class=\"wp-block-separator has-alpha-channel-opacity is-style-wide\"\/>\n\n\n\n<p class=\"has-text-align-left\" style=\"font-size:clamp(14px, 0.875rem + ((1vw - 3.2px) * 0.114), 15px);line-height:2\"><em><strong>Programme<\/strong> : \u00e9tude de diagnostic<br><strong>Lieu<\/strong> : Les Sables-d&rsquo;Olonne (85)<br><strong>Ann\u00e9e <\/strong>: 2025<br><strong>MOA <\/strong>: <em>Les Sables-d&rsquo;Olonne <\/em><\/em>Agglom\u00e9ration<em><br><strong>MOE <\/strong>: La Fabrique urbaine, Terridev, Ingetec, We Agri (R\u00e9mi Junquera<\/em>)<\/p>\n<\/div>\n<\/div>\n\n\n\n<div aria-hidden=\"true\" class=\"wp-block-spacer\"><\/div>\n\n\n\n<div style=\"height:58px\" aria-hidden=\"true\" class=\"wp-block-spacer\"><\/div>\n\n\n\n<hr class=\"wp-block-separator alignfull has-alpha-channel-opacity\"\/>\n","protected":false},"excerpt":{"rendered":"<p>\u00ab Penser la transition agricole \u00e0 l&rsquo;\u00e9chelle du territoire \u00bb R\u00e9alis\u00e9 en 2024 dans le cadre du Plan Guide de la Porte Sud, ce diagnostic agricole propose une lecture fine des dynamiques agricoles, fonci\u00e8res et paysag\u00e8res du territoire des Sables-d\u2019Olonne. Il s\u2019inscrit dans un contexte de forte pression urbaine, de recul continu des surfaces agricoles [&hellip;]<\/p>\n","protected":false},"author":1,"featured_media":0,"parent":0,"menu_order":0,"comment_status":"closed","ping_status":"closed","template":"","meta":{"footnotes":""},"yoast_head":"<!-- This site is optimized with the Yoast SEO plugin v22.9 - https:\/\/yoast.com\/wordpress\/plugins\/seo\/ -->\n<title>Diagnostic territorial agricole | R\u00e9mi Junquera<\/title>\n<meta name=\"robots\" content=\"index, follow, max-snippet:-1, max-image-preview:large, max-video-preview:-1\" \/>\n<link rel=\"canonical\" href=\"https:\/\/remi-junquera.com\/index.php\/diagnostic-agricole-territorial\/\" \/>\n<meta property=\"og:locale\" content=\"fr_FR\" \/>\n<meta property=\"og:type\" content=\"article\" \/>\n<meta property=\"og:title\" content=\"Diagnostic territorial agricole | R\u00e9mi Junquera\" \/>\n<meta property=\"og:description\" content=\"\u00ab Penser la transition agricole \u00e0 l&rsquo;\u00e9chelle du territoire \u00bb R\u00e9alis\u00e9 en 2024 dans le cadre du Plan Guide de la Porte Sud, ce diagnostic agricole propose une lecture fine des dynamiques agricoles, fonci\u00e8res et paysag\u00e8res du territoire des Sables-d\u2019Olonne. Il s\u2019inscrit dans un contexte de forte pression urbaine, de recul continu des surfaces agricoles [&hellip;]\" \/>\n<meta property=\"og:url\" content=\"https:\/\/remi-junquera.com\/index.php\/diagnostic-agricole-territorial\/\" \/>\n<meta property=\"og:site_name\" content=\"R\u00e9mi Junquera\" \/>\n<meta property=\"article:modified_time\" content=\"2026-01-30T08:21:57+00:00\" \/>\n<meta property=\"og:image\" content=\"https:\/\/remi-junquera.com\/wp-content\/uploads\/2026\/01\/Sans-titre-1.jpg\" \/>\n<meta name=\"twitter:card\" content=\"summary_large_image\" \/>\n<meta name=\"twitter:label1\" content=\"Dur\u00e9e de lecture estim\u00e9e\" \/>\n\t<meta name=\"twitter:data1\" content=\"3 minutes\" \/>\n<script type=\"application\/ld+json\" class=\"yoast-schema-graph\">{\"@context\":\"https:\/\/schema.org\",\"@graph\":[{\"@type\":\"WebPage\",\"@id\":\"https:\/\/remi-junquera.com\/index.php\/diagnostic-agricole-territorial\/\",\"url\":\"https:\/\/remi-junquera.com\/index.php\/diagnostic-agricole-territorial\/\",\"name\":\"Diagnostic territorial agricole | R\u00e9mi Junquera\",\"isPartOf\":{\"@id\":\"https:\/\/remi-junquera.com\/#website\"},\"primaryImageOfPage\":{\"@id\":\"https:\/\/remi-junquera.com\/index.php\/diagnostic-agricole-territorial\/#primaryimage\"},\"image\":{\"@id\":\"https:\/\/remi-junquera.com\/index.php\/diagnostic-agricole-territorial\/#primaryimage\"},\"thumbnailUrl\":\"https:\/\/remi-junquera.com\/wp-content\/uploads\/2026\/01\/Sans-titre-1.jpg\",\"datePublished\":\"2026-01-29T09:13:12+00:00\",\"dateModified\":\"2026-01-30T08:21:57+00:00\",\"breadcrumb\":{\"@id\":\"https:\/\/remi-junquera.com\/index.php\/diagnostic-agricole-territorial\/#breadcrumb\"},\"inLanguage\":\"fr-FR\",\"potentialAction\":[{\"@type\":\"ReadAction\",\"target\":[\"https:\/\/remi-junquera.com\/index.php\/diagnostic-agricole-territorial\/\"]}]},{\"@type\":\"ImageObject\",\"inLanguage\":\"fr-FR\",\"@id\":\"https:\/\/remi-junquera.com\/index.php\/diagnostic-agricole-territorial\/#primaryimage\",\"url\":\"https:\/\/remi-junquera.com\/wp-content\/uploads\/2026\/01\/Sans-titre-1.jpg\",\"contentUrl\":\"https:\/\/remi-junquera.com\/wp-content\/uploads\/2026\/01\/Sans-titre-1.jpg\",\"width\":2480,\"height\":1754},{\"@type\":\"BreadcrumbList\",\"@id\":\"https:\/\/remi-junquera.com\/index.php\/diagnostic-agricole-territorial\/#breadcrumb\",\"itemListElement\":[{\"@type\":\"ListItem\",\"position\":1,\"name\":\"Accueil\",\"item\":\"https:\/\/remi-junquera.com\/\"},{\"@type\":\"ListItem\",\"position\":2,\"name\":\"Diagnostic territorial agricole\"}]},{\"@type\":\"WebSite\",\"@id\":\"https:\/\/remi-junquera.com\/#website\",\"url\":\"https:\/\/remi-junquera.com\/\",\"name\":\"R\u00e9mi Junquera\",\"description\":\"Architecture Urbanisme Agriculture\",\"publisher\":{\"@id\":\"https:\/\/remi-junquera.com\/#organization\"},\"potentialAction\":[{\"@type\":\"SearchAction\",\"target\":{\"@type\":\"EntryPoint\",\"urlTemplate\":\"https:\/\/remi-junquera.com\/?s={search_term_string}\"},\"query-input\":\"required name=search_term_string\"}],\"inLanguage\":\"fr-FR\"},{\"@type\":\"Organization\",\"@id\":\"https:\/\/remi-junquera.com\/#organization\",\"name\":\"R\u00e9mi Junquera\",\"url\":\"https:\/\/remi-junquera.com\/\",\"logo\":{\"@type\":\"ImageObject\",\"inLanguage\":\"fr-FR\",\"@id\":\"https:\/\/remi-junquera.com\/#\/schema\/logo\/image\/\",\"url\":\"https:\/\/remi-junquera.com\/wp-content\/uploads\/2024\/06\/logo-Remi-Junquera-HD.png\",\"contentUrl\":\"https:\/\/remi-junquera.com\/wp-content\/uploads\/2024\/06\/logo-Remi-Junquera-HD.png\",\"width\":4430,\"height\":947,\"caption\":\"R\u00e9mi Junquera\"},\"image\":{\"@id\":\"https:\/\/remi-junquera.com\/#\/schema\/logo\/image\/\"},\"sameAs\":[\"http:\/\/linkedin.com\/in\/r\u00e9mi-junquera\"]}]}<\/script>\n<!-- \/ Yoast SEO plugin. -->","yoast_head_json":{"title":"Diagnostic territorial agricole | R\u00e9mi Junquera","robots":{"index":"index","follow":"follow","max-snippet":"max-snippet:-1","max-image-preview":"max-image-preview:large","max-video-preview":"max-video-preview:-1"},"canonical":"https:\/\/remi-junquera.com\/index.php\/diagnostic-agricole-territorial\/","og_locale":"fr_FR","og_type":"article","og_title":"Diagnostic territorial agricole | R\u00e9mi Junquera","og_description":"\u00ab Penser la transition agricole \u00e0 l&rsquo;\u00e9chelle du territoire \u00bb R\u00e9alis\u00e9 en 2024 dans le cadre du Plan Guide de la Porte Sud, ce diagnostic agricole propose une lecture fine des dynamiques agricoles, fonci\u00e8res et paysag\u00e8res du territoire des Sables-d\u2019Olonne. Il s\u2019inscrit dans un contexte de forte pression urbaine, de recul continu des surfaces agricoles [&hellip;]","og_url":"https:\/\/remi-junquera.com\/index.php\/diagnostic-agricole-territorial\/","og_site_name":"R\u00e9mi Junquera","article_modified_time":"2026-01-30T08:21:57+00:00","og_image":[{"url":"https:\/\/remi-junquera.com\/wp-content\/uploads\/2026\/01\/Sans-titre-1.jpg"}],"twitter_card":"summary_large_image","twitter_misc":{"Dur\u00e9e de lecture estim\u00e9e":"3 minutes"},"schema":{"@context":"https:\/\/schema.org","@graph":[{"@type":"WebPage","@id":"https:\/\/remi-junquera.com\/index.php\/diagnostic-agricole-territorial\/","url":"https:\/\/remi-junquera.com\/index.php\/diagnostic-agricole-territorial\/","name":"Diagnostic territorial agricole | R\u00e9mi Junquera","isPartOf":{"@id":"https:\/\/remi-junquera.com\/#website"},"primaryImageOfPage":{"@id":"https:\/\/remi-junquera.com\/index.php\/diagnostic-agricole-territorial\/#primaryimage"},"image":{"@id":"https:\/\/remi-junquera.com\/index.php\/diagnostic-agricole-territorial\/#primaryimage"},"thumbnailUrl":"https:\/\/remi-junquera.com\/wp-content\/uploads\/2026\/01\/Sans-titre-1.jpg","datePublished":"2026-01-29T09:13:12+00:00","dateModified":"2026-01-30T08:21:57+00:00","breadcrumb":{"@id":"https:\/\/remi-junquera.com\/index.php\/diagnostic-agricole-territorial\/#breadcrumb"},"inLanguage":"fr-FR","potentialAction":[{"@type":"ReadAction","target":["https:\/\/remi-junquera.com\/index.php\/diagnostic-agricole-territorial\/"]}]},{"@type":"ImageObject","inLanguage":"fr-FR","@id":"https:\/\/remi-junquera.com\/index.php\/diagnostic-agricole-territorial\/#primaryimage","url":"https:\/\/remi-junquera.com\/wp-content\/uploads\/2026\/01\/Sans-titre-1.jpg","contentUrl":"https:\/\/remi-junquera.com\/wp-content\/uploads\/2026\/01\/Sans-titre-1.jpg","width":2480,"height":1754},{"@type":"BreadcrumbList","@id":"https:\/\/remi-junquera.com\/index.php\/diagnostic-agricole-territorial\/#breadcrumb","itemListElement":[{"@type":"ListItem","position":1,"name":"Accueil","item":"https:\/\/remi-junquera.com\/"},{"@type":"ListItem","position":2,"name":"Diagnostic territorial agricole"}]},{"@type":"WebSite","@id":"https:\/\/remi-junquera.com\/#website","url":"https:\/\/remi-junquera.com\/","name":"R\u00e9mi Junquera","description":"Architecture Urbanisme Agriculture","publisher":{"@id":"https:\/\/remi-junquera.com\/#organization"},"potentialAction":[{"@type":"SearchAction","target":{"@type":"EntryPoint","urlTemplate":"https:\/\/remi-junquera.com\/?s={search_term_string}"},"query-input":"required name=search_term_string"}],"inLanguage":"fr-FR"},{"@type":"Organization","@id":"https:\/\/remi-junquera.com\/#organization","name":"R\u00e9mi Junquera","url":"https:\/\/remi-junquera.com\/","logo":{"@type":"ImageObject","inLanguage":"fr-FR","@id":"https:\/\/remi-junquera.com\/#\/schema\/logo\/image\/","url":"https:\/\/remi-junquera.com\/wp-content\/uploads\/2024\/06\/logo-Remi-Junquera-HD.png","contentUrl":"https:\/\/remi-junquera.com\/wp-content\/uploads\/2024\/06\/logo-Remi-Junquera-HD.png","width":4430,"height":947,"caption":"R\u00e9mi Junquera"},"image":{"@id":"https:\/\/remi-junquera.com\/#\/schema\/logo\/image\/"},"sameAs":["http:\/\/linkedin.com\/in\/r\u00e9mi-junquera"]}]}},"jetpack_sharing_enabled":true,"_links":{"self":[{"href":"https:\/\/remi-junquera.com\/index.php\/wp-json\/wp\/v2\/pages\/1632"}],"collection":[{"href":"https:\/\/remi-junquera.com\/index.php\/wp-json\/wp\/v2\/pages"}],"about":[{"href":"https:\/\/remi-junquera.com\/index.php\/wp-json\/wp\/v2\/types\/page"}],"author":[{"embeddable":true,"href":"https:\/\/remi-junquera.com\/index.php\/wp-json\/wp\/v2\/users\/1"}],"replies":[{"embeddable":true,"href":"https:\/\/remi-junquera.com\/index.php\/wp-json\/wp\/v2\/comments?post=1632"}],"version-history":[{"count":5,"href":"https:\/\/remi-junquera.com\/index.php\/wp-json\/wp\/v2\/pages\/1632\/revisions"}],"predecessor-version":[{"id":1672,"href":"https:\/\/remi-junquera.com\/index.php\/wp-json\/wp\/v2\/pages\/1632\/revisions\/1672"}],"wp:attachment":[{"href":"https:\/\/remi-junquera.com\/index.php\/wp-json\/wp\/v2\/media?parent=1632"}],"curies":[{"name":"wp","href":"https:\/\/api.w.org\/{rel}","templated":true}]}}