{"id":1649,"date":"2026-01-30T08:37:01","date_gmt":"2026-01-30T07:37:01","guid":{"rendered":"https:\/\/remi-junquera.com\/?page_id=1649"},"modified":"2026-01-30T09:22:23","modified_gmt":"2026-01-30T08:22:23","slug":"ferme-urbaine-de-montereau","status":"publish","type":"page","link":"https:\/\/remi-junquera.com\/index.php\/ferme-urbaine-de-montereau\/","title":{"rendered":"Ferme urbaine de Montereau"},"content":{"rendered":"\n<div class=\"wp-block-cover alignfull has-parallax wp-duotone-unset-1\" style=\"padding-top:17%;padding-bottom:3rem;min-height:801px;aspect-ratio:unset;\"><span aria-hidden=\"true\" class=\"wp-block-cover__background has-black-background-color has-background-dim\"><\/span><div class=\"wp-block-cover__image-background wp-image-1650 has-parallax\" style=\"background-position:50% 50%;background-image:url(https:\/\/remi-junquera.com\/wp-content\/uploads\/2026\/01\/Montereau-vue-aerienne-maps.png)\"><\/div><div class=\"wp-block-cover__inner-container has-global-padding is-layout-constrained wp-container-core-cover-is-layout-1 wp-block-cover-is-layout-constrained\">\n<div class=\"wp-block-group has-global-padding is-layout-constrained wp-block-group-is-layout-constrained\" style=\"min-height:520px\">\n<h1 class=\"wp-block-heading alignwide has-text-align-center\">Ferme urbaine <br>de Montereau<\/h1>\n<\/div>\n<\/div><\/div>\n\n\n\n<div class=\"wp-block-group alignfull has-background has-global-padding is-layout-constrained wp-block-group-is-layout-constrained\" style=\"background-color:#ffffff\">\n<div style=\"height:58px\" aria-hidden=\"true\" class=\"wp-block-spacer\"><\/div>\n\n\n\n<h4 class=\"wp-block-heading alignwide has-text-align-center has-text-color has-link-color wp-elements-49a8a9b8cb7828af154b1b6e685a4d6e\" style=\"color:#000000\">\u00ab une ferme urbaine p\u00e9dagogique et productive \u00bb<\/h4>\n\n\n\n<div style=\"height:58px\" aria-hidden=\"true\" class=\"wp-block-spacer\"><\/div>\n<\/div>\n\n\n\n<figure class=\"wp-block-image alignwide size-full has-custom-border\"><img fetchpriority=\"high\" decoding=\"async\" width=\"1329\" height=\"825\" src=\"https:\/\/remi-junquera.com\/wp-content\/uploads\/2026\/01\/Capture-1.png\" alt=\"\" class=\"wp-image-1652\" style=\"border-style:none;border-width:0px\" srcset=\"https:\/\/remi-junquera.com\/wp-content\/uploads\/2026\/01\/Capture-1.png 1329w, https:\/\/remi-junquera.com\/wp-content\/uploads\/2026\/01\/Capture-1-300x186.png 300w, https:\/\/remi-junquera.com\/wp-content\/uploads\/2026\/01\/Capture-1-1024x636.png 1024w, https:\/\/remi-junquera.com\/wp-content\/uploads\/2026\/01\/Capture-1-768x477.png 768w\" sizes=\"(max-width: 1329px) 100vw, 1329px\" \/><\/figure>\n\n\n\n<div style=\"height:58px\" aria-hidden=\"true\" class=\"wp-block-spacer\"><\/div>\n\n\n\n<div class=\"wp-block-columns alignwide is-layout-flex wp-container-core-columns-is-layout-1 wp-block-columns-is-layout-flex\">\n<div class=\"wp-block-column is-layout-flow wp-block-column-is-layout-flow\">\n<p class=\"has-text-align-justify has-text-align-justify\">Implant\u00e9 sur une friche urbaine de pr\u00e8s de <strong>3 hectares<\/strong> \u00e0 Montereau-Fault-Yonne, le projet vise la <strong>cr\u00e9ation d\u2019une ferme \u00e0 vocation productive, p\u00e9dagogique et sociale<\/strong>. L\u2019\u00e9tude conduite entre 2023 et 2025 a pour objectif d\u2019affiner <strong>les ambitions du projet, d\u2019identifier les contraintes r\u00e9glementaires et techniques du site<\/strong>, ainsi que de v\u00e9rifier la viabilit\u00e9 de <strong>plusieurs sc\u00e9narios de projet agricole,<\/strong> en lien \u00e9troit avec la commune et les acteurs locaux.<\/p>\n\n\n\n<p class=\"has-text-align-justify\">Le diagnostic met en \u00e9vidence un site \u00e0 <strong>fort potentiel mais soumis \u00e0 de nombreuses contraintes<\/strong> : zonages PLU h\u00e9t\u00e9rog\u00e8nes, risques li\u00e9s \u00e0 l\u2019arch\u00e9ologie pr\u00e9ventive, proximit\u00e9 d\u2019un monument historique, al\u00e9as d\u2019inondation et coexistence avec des projets communaux connexes (cimeti\u00e8re animalier). L\u2019\u00e9tude propose des <strong>leviers op\u00e9rationnels<\/strong> pour s\u00e9curiser le projet sur le long terme, notamment par l\u2019\u00e9volution du zonage r\u00e9glementaire, une anticipation des proc\u00e9dures arch\u00e9ologiques et une clarification des usages du site<\/p>\n<\/div>\n\n\n\n<div class=\"wp-block-column is-layout-flow wp-block-column-is-layout-flow\">\n<p class=\"has-text-align-justify has-text-align-justify\">Sur cette base, <strong>trois sc\u00e9narios<\/strong> de projet sont \u00e9labor\u00e9s : <strong>un parc p\u00e9dagogique animalier en r\u00e9gie municipale<\/strong>, centr\u00e9 sur l\u2019accueil du public et la sensibilisation \u00e0 la biodiversit\u00e9 ; <strong>une exploitation mara\u00eech\u00e8re professionnelle<\/strong>, orient\u00e9e vers la production alimentaire en circuit court ; <strong>une ferme mixte, productive et p\u00e9dagogique<\/strong>, combinant mara\u00eechage, \u00e9levage, accueil du public et insertion sociale. Chaque sc\u00e9nario est d\u00e9clin\u00e9 spatialement, programm\u00e9 finement (surfaces, b\u00e2timents, flux, \u00e9quipements) et \u00e9valu\u00e9 au regard de ses impacts sociaux, urbains, agricoles et \u00e9conomiques.<\/p>\n\n\n\n<p class=\"has-text-align-justify has-text-align-justify\">L\u2019\u00e9tude d\u00e9montre que le sc\u00e9nario de <strong>ferme productive et p\u00e9dagogique constitue un compromis pertinent <\/strong>entre ambition sociale, valeur \u00e9cologique et faisabilit\u00e9 op\u00e9rationnelle. Le projet appara\u00eet comme un v\u00e9ritable <strong>outil de transformation territoriale<\/strong>, conciliant production alimentaire locale, \u00e9ducation \u00e0 l\u2019environnement, insertion professionnelle et am\u00e9lioration du cadre de vie, tout en s\u2019inscrivant dans une logique de projet urbain durable \u00e0 l\u2019\u00e9chelle communale.<\/p>\n\n\n\n<div style=\"height:3px\" aria-hidden=\"true\" class=\"wp-block-spacer\"><\/div>\n\n\n\n<hr class=\"wp-block-separator has-alpha-channel-opacity is-style-wide\"\/>\n\n\n\n<p class=\"has-text-align-left\" style=\"font-size:clamp(14px, 0.875rem + ((1vw - 3.2px) * 0.114), 15px);line-height:2\"><em><strong>Programme<\/strong> : \u00e9tude de diagnostic et de faisabilit\u00e9 pour l&rsquo;installation d&rsquo;une ferme urbaine<br><strong>Lieu<\/strong> : Montereau-Fault-Yonne (77)<br><strong>Ann\u00e9e <\/strong>: 2025<br><strong>MOA <\/strong>: Ville de Montereau-Fault-Yonne<br><strong>MOE <\/strong>: We Agri (R\u00e9mi Junquera<\/em>)<\/p>\n<\/div>\n<\/div>\n\n\n\n<div aria-hidden=\"true\" class=\"wp-block-spacer\"><\/div>\n\n\n\n<div style=\"height:58px\" aria-hidden=\"true\" class=\"wp-block-spacer\"><\/div>\n\n\n\n<hr class=\"wp-block-separator alignfull has-alpha-channel-opacity\"\/>\n","protected":false},"excerpt":{"rendered":"<p>\u00ab une ferme urbaine p\u00e9dagogique et productive \u00bb Implant\u00e9 sur une friche urbaine de pr\u00e8s de 3 hectares \u00e0 Montereau-Fault-Yonne, le projet vise la cr\u00e9ation d\u2019une ferme \u00e0 vocation productive, p\u00e9dagogique et sociale. L\u2019\u00e9tude conduite entre 2023 et 2025 a pour objectif d\u2019affiner les ambitions du projet, d\u2019identifier les contraintes r\u00e9glementaires et techniques du site, [&hellip;]<\/p>\n","protected":false},"author":1,"featured_media":0,"parent":0,"menu_order":0,"comment_status":"closed","ping_status":"closed","template":"","meta":{"footnotes":""},"yoast_head":"<!-- This site is optimized with the Yoast SEO plugin v22.9 - https:\/\/yoast.com\/wordpress\/plugins\/seo\/ -->\n<title>Ferme urbaine de Montereau | R\u00e9mi Junquera<\/title>\n<meta name=\"robots\" content=\"index, follow, max-snippet:-1, max-image-preview:large, max-video-preview:-1\" \/>\n<link rel=\"canonical\" href=\"https:\/\/remi-junquera.com\/index.php\/ferme-urbaine-de-montereau\/\" \/>\n<meta property=\"og:locale\" content=\"fr_FR\" \/>\n<meta property=\"og:type\" content=\"article\" \/>\n<meta property=\"og:title\" content=\"Ferme urbaine de Montereau | R\u00e9mi Junquera\" \/>\n<meta property=\"og:description\" content=\"\u00ab une ferme urbaine p\u00e9dagogique et productive \u00bb Implant\u00e9 sur une friche urbaine de pr\u00e8s de 3 hectares \u00e0 Montereau-Fault-Yonne, le projet vise la cr\u00e9ation d\u2019une ferme \u00e0 vocation productive, p\u00e9dagogique et sociale. L\u2019\u00e9tude conduite entre 2023 et 2025 a pour objectif d\u2019affiner les ambitions du projet, d\u2019identifier les contraintes r\u00e9glementaires et techniques du site, [&hellip;]\" \/>\n<meta property=\"og:url\" content=\"https:\/\/remi-junquera.com\/index.php\/ferme-urbaine-de-montereau\/\" \/>\n<meta property=\"og:site_name\" content=\"R\u00e9mi Junquera\" \/>\n<meta property=\"article:modified_time\" content=\"2026-01-30T08:22:23+00:00\" \/>\n<meta property=\"og:image\" content=\"https:\/\/remi-junquera.com\/wp-content\/uploads\/2026\/01\/Capture-1.png\" \/>\n<meta name=\"twitter:card\" content=\"summary_large_image\" \/>\n<meta name=\"twitter:label1\" content=\"Dur\u00e9e de lecture estim\u00e9e\" \/>\n\t<meta name=\"twitter:data1\" content=\"2 minutes\" \/>\n<script type=\"application\/ld+json\" class=\"yoast-schema-graph\">{\"@context\":\"https:\/\/schema.org\",\"@graph\":[{\"@type\":\"WebPage\",\"@id\":\"https:\/\/remi-junquera.com\/index.php\/ferme-urbaine-de-montereau\/\",\"url\":\"https:\/\/remi-junquera.com\/index.php\/ferme-urbaine-de-montereau\/\",\"name\":\"Ferme urbaine de Montereau | R\u00e9mi Junquera\",\"isPartOf\":{\"@id\":\"https:\/\/remi-junquera.com\/#website\"},\"primaryImageOfPage\":{\"@id\":\"https:\/\/remi-junquera.com\/index.php\/ferme-urbaine-de-montereau\/#primaryimage\"},\"image\":{\"@id\":\"https:\/\/remi-junquera.com\/index.php\/ferme-urbaine-de-montereau\/#primaryimage\"},\"thumbnailUrl\":\"https:\/\/remi-junquera.com\/wp-content\/uploads\/2026\/01\/Capture-1.png\",\"datePublished\":\"2026-01-30T07:37:01+00:00\",\"dateModified\":\"2026-01-30T08:22:23+00:00\",\"breadcrumb\":{\"@id\":\"https:\/\/remi-junquera.com\/index.php\/ferme-urbaine-de-montereau\/#breadcrumb\"},\"inLanguage\":\"fr-FR\",\"potentialAction\":[{\"@type\":\"ReadAction\",\"target\":[\"https:\/\/remi-junquera.com\/index.php\/ferme-urbaine-de-montereau\/\"]}]},{\"@type\":\"ImageObject\",\"inLanguage\":\"fr-FR\",\"@id\":\"https:\/\/remi-junquera.com\/index.php\/ferme-urbaine-de-montereau\/#primaryimage\",\"url\":\"https:\/\/remi-junquera.com\/wp-content\/uploads\/2026\/01\/Capture-1.png\",\"contentUrl\":\"https:\/\/remi-junquera.com\/wp-content\/uploads\/2026\/01\/Capture-1.png\",\"width\":1329,\"height\":825},{\"@type\":\"BreadcrumbList\",\"@id\":\"https:\/\/remi-junquera.com\/index.php\/ferme-urbaine-de-montereau\/#breadcrumb\",\"itemListElement\":[{\"@type\":\"ListItem\",\"position\":1,\"name\":\"Accueil\",\"item\":\"https:\/\/remi-junquera.com\/\"},{\"@type\":\"ListItem\",\"position\":2,\"name\":\"Ferme urbaine de Montereau\"}]},{\"@type\":\"WebSite\",\"@id\":\"https:\/\/remi-junquera.com\/#website\",\"url\":\"https:\/\/remi-junquera.com\/\",\"name\":\"R\u00e9mi Junquera\",\"description\":\"Architecture Urbanisme Agriculture\",\"publisher\":{\"@id\":\"https:\/\/remi-junquera.com\/#organization\"},\"potentialAction\":[{\"@type\":\"SearchAction\",\"target\":{\"@type\":\"EntryPoint\",\"urlTemplate\":\"https:\/\/remi-junquera.com\/?s={search_term_string}\"},\"query-input\":\"required name=search_term_string\"}],\"inLanguage\":\"fr-FR\"},{\"@type\":\"Organization\",\"@id\":\"https:\/\/remi-junquera.com\/#organization\",\"name\":\"R\u00e9mi Junquera\",\"url\":\"https:\/\/remi-junquera.com\/\",\"logo\":{\"@type\":\"ImageObject\",\"inLanguage\":\"fr-FR\",\"@id\":\"https:\/\/remi-junquera.com\/#\/schema\/logo\/image\/\",\"url\":\"https:\/\/remi-junquera.com\/wp-content\/uploads\/2024\/06\/logo-Remi-Junquera-HD.png\",\"contentUrl\":\"https:\/\/remi-junquera.com\/wp-content\/uploads\/2024\/06\/logo-Remi-Junquera-HD.png\",\"width\":4430,\"height\":947,\"caption\":\"R\u00e9mi Junquera\"},\"image\":{\"@id\":\"https:\/\/remi-junquera.com\/#\/schema\/logo\/image\/\"},\"sameAs\":[\"http:\/\/linkedin.com\/in\/r\u00e9mi-junquera\"]}]}<\/script>\n<!-- \/ Yoast SEO plugin. -->","yoast_head_json":{"title":"Ferme urbaine de Montereau | R\u00e9mi Junquera","robots":{"index":"index","follow":"follow","max-snippet":"max-snippet:-1","max-image-preview":"max-image-preview:large","max-video-preview":"max-video-preview:-1"},"canonical":"https:\/\/remi-junquera.com\/index.php\/ferme-urbaine-de-montereau\/","og_locale":"fr_FR","og_type":"article","og_title":"Ferme urbaine de Montereau | R\u00e9mi Junquera","og_description":"\u00ab une ferme urbaine p\u00e9dagogique et productive \u00bb Implant\u00e9 sur une friche urbaine de pr\u00e8s de 3 hectares \u00e0 Montereau-Fault-Yonne, le projet vise la cr\u00e9ation d\u2019une ferme \u00e0 vocation productive, p\u00e9dagogique et sociale. L\u2019\u00e9tude conduite entre 2023 et 2025 a pour objectif d\u2019affiner les ambitions du projet, d\u2019identifier les contraintes r\u00e9glementaires et techniques du site, [&hellip;]","og_url":"https:\/\/remi-junquera.com\/index.php\/ferme-urbaine-de-montereau\/","og_site_name":"R\u00e9mi Junquera","article_modified_time":"2026-01-30T08:22:23+00:00","og_image":[{"url":"https:\/\/remi-junquera.com\/wp-content\/uploads\/2026\/01\/Capture-1.png"}],"twitter_card":"summary_large_image","twitter_misc":{"Dur\u00e9e de lecture estim\u00e9e":"2 minutes"},"schema":{"@context":"https:\/\/schema.org","@graph":[{"@type":"WebPage","@id":"https:\/\/remi-junquera.com\/index.php\/ferme-urbaine-de-montereau\/","url":"https:\/\/remi-junquera.com\/index.php\/ferme-urbaine-de-montereau\/","name":"Ferme urbaine de Montereau | R\u00e9mi Junquera","isPartOf":{"@id":"https:\/\/remi-junquera.com\/#website"},"primaryImageOfPage":{"@id":"https:\/\/remi-junquera.com\/index.php\/ferme-urbaine-de-montereau\/#primaryimage"},"image":{"@id":"https:\/\/remi-junquera.com\/index.php\/ferme-urbaine-de-montereau\/#primaryimage"},"thumbnailUrl":"https:\/\/remi-junquera.com\/wp-content\/uploads\/2026\/01\/Capture-1.png","datePublished":"2026-01-30T07:37:01+00:00","dateModified":"2026-01-30T08:22:23+00:00","breadcrumb":{"@id":"https:\/\/remi-junquera.com\/index.php\/ferme-urbaine-de-montereau\/#breadcrumb"},"inLanguage":"fr-FR","potentialAction":[{"@type":"ReadAction","target":["https:\/\/remi-junquera.com\/index.php\/ferme-urbaine-de-montereau\/"]}]},{"@type":"ImageObject","inLanguage":"fr-FR","@id":"https:\/\/remi-junquera.com\/index.php\/ferme-urbaine-de-montereau\/#primaryimage","url":"https:\/\/remi-junquera.com\/wp-content\/uploads\/2026\/01\/Capture-1.png","contentUrl":"https:\/\/remi-junquera.com\/wp-content\/uploads\/2026\/01\/Capture-1.png","width":1329,"height":825},{"@type":"BreadcrumbList","@id":"https:\/\/remi-junquera.com\/index.php\/ferme-urbaine-de-montereau\/#breadcrumb","itemListElement":[{"@type":"ListItem","position":1,"name":"Accueil","item":"https:\/\/remi-junquera.com\/"},{"@type":"ListItem","position":2,"name":"Ferme urbaine de Montereau"}]},{"@type":"WebSite","@id":"https:\/\/remi-junquera.com\/#website","url":"https:\/\/remi-junquera.com\/","name":"R\u00e9mi Junquera","description":"Architecture Urbanisme Agriculture","publisher":{"@id":"https:\/\/remi-junquera.com\/#organization"},"potentialAction":[{"@type":"SearchAction","target":{"@type":"EntryPoint","urlTemplate":"https:\/\/remi-junquera.com\/?s={search_term_string}"},"query-input":"required name=search_term_string"}],"inLanguage":"fr-FR"},{"@type":"Organization","@id":"https:\/\/remi-junquera.com\/#organization","name":"R\u00e9mi Junquera","url":"https:\/\/remi-junquera.com\/","logo":{"@type":"ImageObject","inLanguage":"fr-FR","@id":"https:\/\/remi-junquera.com\/#\/schema\/logo\/image\/","url":"https:\/\/remi-junquera.com\/wp-content\/uploads\/2024\/06\/logo-Remi-Junquera-HD.png","contentUrl":"https:\/\/remi-junquera.com\/wp-content\/uploads\/2024\/06\/logo-Remi-Junquera-HD.png","width":4430,"height":947,"caption":"R\u00e9mi Junquera"},"image":{"@id":"https:\/\/remi-junquera.com\/#\/schema\/logo\/image\/"},"sameAs":["http:\/\/linkedin.com\/in\/r\u00e9mi-junquera"]}]}},"jetpack_sharing_enabled":true,"_links":{"self":[{"href":"https:\/\/remi-junquera.com\/index.php\/wp-json\/wp\/v2\/pages\/1649"}],"collection":[{"href":"https:\/\/remi-junquera.com\/index.php\/wp-json\/wp\/v2\/pages"}],"about":[{"href":"https:\/\/remi-junquera.com\/index.php\/wp-json\/wp\/v2\/types\/page"}],"author":[{"embeddable":true,"href":"https:\/\/remi-junquera.com\/index.php\/wp-json\/wp\/v2\/users\/1"}],"replies":[{"embeddable":true,"href":"https:\/\/remi-junquera.com\/index.php\/wp-json\/wp\/v2\/comments?post=1649"}],"version-history":[{"count":3,"href":"https:\/\/remi-junquera.com\/index.php\/wp-json\/wp\/v2\/pages\/1649\/revisions"}],"predecessor-version":[{"id":1673,"href":"https:\/\/remi-junquera.com\/index.php\/wp-json\/wp\/v2\/pages\/1649\/revisions\/1673"}],"wp:attachment":[{"href":"https:\/\/remi-junquera.com\/index.php\/wp-json\/wp\/v2\/media?parent=1649"}],"curies":[{"name":"wp","href":"https:\/\/api.w.org\/{rel}","templated":true}]}}