{"id":1655,"date":"2026-01-30T08:53:42","date_gmt":"2026-01-30T07:53:42","guid":{"rendered":"https:\/\/remi-junquera.com\/?page_id=1655"},"modified":"2026-01-30T08:53:43","modified_gmt":"2026-01-30T07:53:43","slug":"schema-directeur-agricole","status":"publish","type":"page","link":"https:\/\/remi-junquera.com\/index.php\/schema-directeur-agricole\/","title":{"rendered":"Sch\u00e9ma directeur agricole"},"content":{"rendered":"\n<div class=\"wp-block-cover alignfull has-parallax wp-duotone-unset-1\" style=\"padding-top:17%;padding-bottom:3rem;min-height:801px;aspect-ratio:unset;\"><span aria-hidden=\"true\" class=\"wp-block-cover__background has-black-background-color has-background-dim\"><\/span><div class=\"wp-block-cover__image-background wp-image-1656 has-parallax\" style=\"background-position:50% 50%;background-image:url(https:\/\/remi-junquera.com\/wp-content\/uploads\/2026\/01\/Capture-2.png)\"><\/div><div class=\"wp-block-cover__inner-container has-global-padding is-layout-constrained wp-container-core-cover-is-layout-1 wp-block-cover-is-layout-constrained\">\n<div class=\"wp-block-group has-global-padding is-layout-constrained wp-block-group-is-layout-constrained\" style=\"min-height:520px\">\n<h1 class=\"wp-block-heading alignwide has-text-align-center\">Sch\u00e9ma directeur agricole<\/h1>\n<\/div>\n<\/div><\/div>\n\n\n\n<div class=\"wp-block-group alignfull has-background has-global-padding is-layout-constrained wp-block-group-is-layout-constrained\" style=\"background-color:#ffffff\">\n<div style=\"height:58px\" aria-hidden=\"true\" class=\"wp-block-spacer\"><\/div>\n\n\n\n<h4 class=\"wp-block-heading alignwide has-text-align-center has-text-color has-link-color wp-elements-8cdede6c9af23f0cef53524d448a2bf9\" style=\"color:#000000\">\u00ab L&rsquo;agriculture comme projet d&rsquo;infrastructure territoriale \u00bb<\/h4>\n\n\n\n<div style=\"height:58px\" aria-hidden=\"true\" class=\"wp-block-spacer\"><\/div>\n<\/div>\n\n\n\n<figure class=\"wp-block-image alignwide size-full has-custom-border\"><img fetchpriority=\"high\" decoding=\"async\" width=\"2560\" height=\"1920\" src=\"https:\/\/remi-junquera.com\/wp-content\/uploads\/2026\/01\/IMG_9331-scaled.jpg\" alt=\"\" class=\"wp-image-1657\" style=\"border-style:none;border-width:0px\" srcset=\"https:\/\/remi-junquera.com\/wp-content\/uploads\/2026\/01\/IMG_9331-scaled.jpg 2560w, https:\/\/remi-junquera.com\/wp-content\/uploads\/2026\/01\/IMG_9331-300x225.jpg 300w, https:\/\/remi-junquera.com\/wp-content\/uploads\/2026\/01\/IMG_9331-1024x768.jpg 1024w, https:\/\/remi-junquera.com\/wp-content\/uploads\/2026\/01\/IMG_9331-768x576.jpg 768w, https:\/\/remi-junquera.com\/wp-content\/uploads\/2026\/01\/IMG_9331-1536x1152.jpg 1536w, https:\/\/remi-junquera.com\/wp-content\/uploads\/2026\/01\/IMG_9331-2048x1536.jpg 2048w\" sizes=\"(max-width: 2560px) 100vw, 2560px\" \/><\/figure>\n\n\n\n<div style=\"height:58px\" aria-hidden=\"true\" class=\"wp-block-spacer\"><\/div>\n\n\n\n<div class=\"wp-block-columns alignwide is-layout-flex wp-container-core-columns-is-layout-1 wp-block-columns-is-layout-flex\">\n<div class=\"wp-block-column is-layout-flow wp-block-column-is-layout-flow\">\n<p class=\"has-text-align-justify has-text-align-justify\">R\u00e9alis\u00e9 dans le cadre du projet de requalification du secteur Illkirch Baggersee, ce diagnostic agricole s\u2019inscrit dans une<strong> remise en question profonde d\u2019un projet d\u2019urbanisation<\/strong> initialement tr\u00e8s consommateur de foncier. Face aux enjeux de transition \u00e9cologique, de biodiversit\u00e9 et de r\u00e9silience alimentaire, l\u2019Eurom\u00e9tropole de Strasbourg et la Ville d\u2019Illkirch-Graffenstaden ont fait le choix de <strong>pr\u00e9server durablement les terres agricoles <\/strong>du site, en les inscrivant dans une d\u00e9marche de Zone d\u2019Activit\u00e9 Agricole (ZAA) et de Projet Alimentaire Territorial (PAT).<\/p>\n\n\n\n<p class=\"has-text-align-justify\">\u00c0 l\u2019\u00e9chelle m\u00e9tropolitaine, l\u2019\u00e9tude met en \u00e9vidence une agriculture encore largement <strong>domin\u00e9e par les grandes cultures c\u00e9r\u00e9ali\u00e8res<\/strong>, faiblement diversifi\u00e9e et tr\u00e8s minoritairement engag\u00e9e en agriculture biologique. Dans un contexte de forte pression fonci\u00e8re, pr\u00e8s de 1 100 hectares de terres agricoles restent par ailleurs class\u00e9s en zones potentiellement urbanisables. Le diagnostic souligne ainsi un d\u00e9calage structurel entre les <strong>capacit\u00e9s de production locales<\/strong> et les <strong>besoins alimentaires de la population<\/strong>, appelant une r\u00e9orientation des cultures, des pratiques agricoles et des d\u00e9bouch\u00e9s.<\/p>\n\n\n\n<p class=\"has-text-align-justify has-text-align-justify\">Sur le secteur d\u2019Illkirch Baggersee, <strong>l\u2019agriculture joue un r\u00f4le strat\u00e9gique<\/strong> \u00e0 la fois paysager, \u00e9cologique et urbain. H\u00e9rit\u00e9e d\u2019une <strong>longue histoire agricole<\/strong>, la trame cultiv\u00e9e constitue aujourd\u2019hui un <strong>v\u00e9ritable corridor \u00e9cologique<\/strong> reliant plusieurs r\u00e9servoirs de biodiversit\u00e9 majeurs. Le <strong>maintien de l\u2019usage agricole<\/strong> appara\u00eet essentiel pour pr\u00e9server ces continuit\u00e9s \u00e9cologiques, tout en adaptant les pratiques aux effets du changement climatique (hausse des temp\u00e9ratures, stress hydrique, variabilit\u00e9 des sols).<\/p>\n<\/div>\n\n\n\n<div class=\"wp-block-column is-layout-flow wp-block-column-is-layout-flow\">\n<p class=\"has-text-align-justify has-text-align-justify\">L\u2019analyse des exploitations en place met en lumi\u00e8re une agriculture conventionnelle orient\u00e9e vers les grandes cultures, peu connect\u00e9e aux besoins alimentaires locaux. L\u2019\u00e9tude explore alors des <strong>trajectoires de transition progressive<\/strong> : diversification vers des cultures l\u00e9gumi\u00e8res de plein champ, d\u00e9veloppement du mara\u00eechage et de l\u2019agroforesterie, \u00e9volution vers l\u2019agriculture biologique et structuration de d\u00e9bouch\u00e9s en restauration collective. Ces sc\u00e9narios s\u2019appuient sur une s\u00e9curisation fonci\u00e8re, une \u00e9volution du cadre r\u00e9glementaire (PLU) et un accompagnement \u00e9troit des agriculteurs dans le temps long<\/p>\n\n\n\n<p class=\"has-text-align-justify has-text-align-justify\">Ce diagnostic pose ainsi les bases d\u2019un <strong>projet agricole de territoire<\/strong> ambitieux, conciliant production alimentaire locale, transition agro-\u00e9cologique, pr\u00e9servation du paysage et int\u00e9gration urbaine. Il affirme le r\u00f4le central de <strong>l\u2019agriculture comme infrastructure territoriale<\/strong> \u00e0 part enti\u00e8re, au service de la souverainet\u00e9 alimentaire, de la biodiversit\u00e9 et de la qualit\u00e9 de vie m\u00e9tropolitaine.<\/p>\n\n\n\n<div style=\"height:54px\" aria-hidden=\"true\" class=\"wp-block-spacer\"><\/div>\n\n\n\n<hr class=\"wp-block-separator has-alpha-channel-opacity is-style-wide\"\/>\n\n\n\n<p class=\"has-text-align-left\" style=\"font-size:clamp(14px, 0.875rem + ((1vw - 3.2px) * 0.114), 15px);line-height:2\"><em><strong>Programme<\/strong> : diagnostic et sch\u00e9ma directeur d\u2019am\u00e9nagement agricole <br><strong>Lieu<\/strong> :  Illkirch-Graffenstaden (67)<br><strong>Ann\u00e9e <\/strong>: 2024<br><strong>MOA <\/strong>: Eurom\u00e9tropole de Strasbourg, Ville de Illkirch-Graffenstaden<br><strong>MOE <\/strong>:  Agence Ter, AIA Territoires, AIA Environnement, Arcadis, Alphaville, Tonicit\u00e9s, Hekladonia, We Agri (R\u00e9mi Junquera)<\/em><\/p>\n<\/div>\n<\/div>\n\n\n\n<div aria-hidden=\"true\" class=\"wp-block-spacer\"><\/div>\n\n\n\n<div style=\"height:58px\" aria-hidden=\"true\" class=\"wp-block-spacer\"><\/div>\n\n\n\n<hr class=\"wp-block-separator alignfull has-alpha-channel-opacity\"\/>\n","protected":false},"excerpt":{"rendered":"<p>\u00ab L&rsquo;agriculture comme projet d&rsquo;infrastructure territoriale \u00bb R\u00e9alis\u00e9 dans le cadre du projet de requalification du secteur Illkirch Baggersee, ce diagnostic agricole s\u2019inscrit dans une remise en question profonde d\u2019un projet d\u2019urbanisation initialement tr\u00e8s consommateur de foncier. Face aux enjeux de transition \u00e9cologique, de biodiversit\u00e9 et de r\u00e9silience alimentaire, l\u2019Eurom\u00e9tropole de Strasbourg et la Ville [&hellip;]<\/p>\n","protected":false},"author":1,"featured_media":0,"parent":0,"menu_order":0,"comment_status":"closed","ping_status":"closed","template":"","meta":{"footnotes":""},"yoast_head":"<!-- This site is optimized with the Yoast SEO plugin v22.9 - https:\/\/yoast.com\/wordpress\/plugins\/seo\/ -->\n<title>Sch\u00e9ma directeur agricole | R\u00e9mi Junquera<\/title>\n<meta name=\"robots\" content=\"index, follow, max-snippet:-1, max-image-preview:large, max-video-preview:-1\" \/>\n<link rel=\"canonical\" href=\"https:\/\/remi-junquera.com\/index.php\/schema-directeur-agricole\/\" \/>\n<meta property=\"og:locale\" content=\"fr_FR\" \/>\n<meta property=\"og:type\" content=\"article\" \/>\n<meta property=\"og:title\" content=\"Sch\u00e9ma directeur agricole | R\u00e9mi Junquera\" \/>\n<meta property=\"og:description\" content=\"\u00ab L&rsquo;agriculture comme projet d&rsquo;infrastructure territoriale \u00bb R\u00e9alis\u00e9 dans le cadre du projet de requalification du secteur Illkirch Baggersee, ce diagnostic agricole s\u2019inscrit dans une remise en question profonde d\u2019un projet d\u2019urbanisation initialement tr\u00e8s consommateur de foncier. Face aux enjeux de transition \u00e9cologique, de biodiversit\u00e9 et de r\u00e9silience alimentaire, l\u2019Eurom\u00e9tropole de Strasbourg et la Ville [&hellip;]\" \/>\n<meta property=\"og:url\" content=\"https:\/\/remi-junquera.com\/index.php\/schema-directeur-agricole\/\" \/>\n<meta property=\"og:site_name\" content=\"R\u00e9mi Junquera\" \/>\n<meta property=\"article:modified_time\" content=\"2026-01-30T07:53:43+00:00\" \/>\n<meta property=\"og:image\" content=\"https:\/\/remi-junquera.com\/wp-content\/uploads\/2026\/01\/IMG_9331-scaled.jpg\" \/>\n<meta name=\"twitter:card\" content=\"summary_large_image\" \/>\n<meta name=\"twitter:label1\" content=\"Dur\u00e9e de lecture estim\u00e9e\" \/>\n\t<meta name=\"twitter:data1\" content=\"3 minutes\" \/>\n<script type=\"application\/ld+json\" class=\"yoast-schema-graph\">{\"@context\":\"https:\/\/schema.org\",\"@graph\":[{\"@type\":\"WebPage\",\"@id\":\"https:\/\/remi-junquera.com\/index.php\/schema-directeur-agricole\/\",\"url\":\"https:\/\/remi-junquera.com\/index.php\/schema-directeur-agricole\/\",\"name\":\"Sch\u00e9ma directeur agricole | R\u00e9mi Junquera\",\"isPartOf\":{\"@id\":\"https:\/\/remi-junquera.com\/#website\"},\"primaryImageOfPage\":{\"@id\":\"https:\/\/remi-junquera.com\/index.php\/schema-directeur-agricole\/#primaryimage\"},\"image\":{\"@id\":\"https:\/\/remi-junquera.com\/index.php\/schema-directeur-agricole\/#primaryimage\"},\"thumbnailUrl\":\"https:\/\/remi-junquera.com\/wp-content\/uploads\/2026\/01\/IMG_9331-scaled.jpg\",\"datePublished\":\"2026-01-30T07:53:42+00:00\",\"dateModified\":\"2026-01-30T07:53:43+00:00\",\"breadcrumb\":{\"@id\":\"https:\/\/remi-junquera.com\/index.php\/schema-directeur-agricole\/#breadcrumb\"},\"inLanguage\":\"fr-FR\",\"potentialAction\":[{\"@type\":\"ReadAction\",\"target\":[\"https:\/\/remi-junquera.com\/index.php\/schema-directeur-agricole\/\"]}]},{\"@type\":\"ImageObject\",\"inLanguage\":\"fr-FR\",\"@id\":\"https:\/\/remi-junquera.com\/index.php\/schema-directeur-agricole\/#primaryimage\",\"url\":\"https:\/\/remi-junquera.com\/wp-content\/uploads\/2026\/01\/IMG_9331-scaled.jpg\",\"contentUrl\":\"https:\/\/remi-junquera.com\/wp-content\/uploads\/2026\/01\/IMG_9331-scaled.jpg\",\"width\":2560,\"height\":1920},{\"@type\":\"BreadcrumbList\",\"@id\":\"https:\/\/remi-junquera.com\/index.php\/schema-directeur-agricole\/#breadcrumb\",\"itemListElement\":[{\"@type\":\"ListItem\",\"position\":1,\"name\":\"Accueil\",\"item\":\"https:\/\/remi-junquera.com\/\"},{\"@type\":\"ListItem\",\"position\":2,\"name\":\"Sch\u00e9ma directeur agricole\"}]},{\"@type\":\"WebSite\",\"@id\":\"https:\/\/remi-junquera.com\/#website\",\"url\":\"https:\/\/remi-junquera.com\/\",\"name\":\"R\u00e9mi Junquera\",\"description\":\"Architecture Urbanisme Agriculture\",\"publisher\":{\"@id\":\"https:\/\/remi-junquera.com\/#organization\"},\"potentialAction\":[{\"@type\":\"SearchAction\",\"target\":{\"@type\":\"EntryPoint\",\"urlTemplate\":\"https:\/\/remi-junquera.com\/?s={search_term_string}\"},\"query-input\":\"required name=search_term_string\"}],\"inLanguage\":\"fr-FR\"},{\"@type\":\"Organization\",\"@id\":\"https:\/\/remi-junquera.com\/#organization\",\"name\":\"R\u00e9mi Junquera\",\"url\":\"https:\/\/remi-junquera.com\/\",\"logo\":{\"@type\":\"ImageObject\",\"inLanguage\":\"fr-FR\",\"@id\":\"https:\/\/remi-junquera.com\/#\/schema\/logo\/image\/\",\"url\":\"https:\/\/remi-junquera.com\/wp-content\/uploads\/2024\/06\/logo-Remi-Junquera-HD.png\",\"contentUrl\":\"https:\/\/remi-junquera.com\/wp-content\/uploads\/2024\/06\/logo-Remi-Junquera-HD.png\",\"width\":4430,\"height\":947,\"caption\":\"R\u00e9mi Junquera\"},\"image\":{\"@id\":\"https:\/\/remi-junquera.com\/#\/schema\/logo\/image\/\"},\"sameAs\":[\"http:\/\/linkedin.com\/in\/r\u00e9mi-junquera\"]}]}<\/script>\n<!-- \/ Yoast SEO plugin. -->","yoast_head_json":{"title":"Sch\u00e9ma directeur agricole | R\u00e9mi Junquera","robots":{"index":"index","follow":"follow","max-snippet":"max-snippet:-1","max-image-preview":"max-image-preview:large","max-video-preview":"max-video-preview:-1"},"canonical":"https:\/\/remi-junquera.com\/index.php\/schema-directeur-agricole\/","og_locale":"fr_FR","og_type":"article","og_title":"Sch\u00e9ma directeur agricole | R\u00e9mi Junquera","og_description":"\u00ab L&rsquo;agriculture comme projet d&rsquo;infrastructure territoriale \u00bb R\u00e9alis\u00e9 dans le cadre du projet de requalification du secteur Illkirch Baggersee, ce diagnostic agricole s\u2019inscrit dans une remise en question profonde d\u2019un projet d\u2019urbanisation initialement tr\u00e8s consommateur de foncier. Face aux enjeux de transition \u00e9cologique, de biodiversit\u00e9 et de r\u00e9silience alimentaire, l\u2019Eurom\u00e9tropole de Strasbourg et la Ville [&hellip;]","og_url":"https:\/\/remi-junquera.com\/index.php\/schema-directeur-agricole\/","og_site_name":"R\u00e9mi Junquera","article_modified_time":"2026-01-30T07:53:43+00:00","og_image":[{"url":"https:\/\/remi-junquera.com\/wp-content\/uploads\/2026\/01\/IMG_9331-scaled.jpg"}],"twitter_card":"summary_large_image","twitter_misc":{"Dur\u00e9e de lecture estim\u00e9e":"3 minutes"},"schema":{"@context":"https:\/\/schema.org","@graph":[{"@type":"WebPage","@id":"https:\/\/remi-junquera.com\/index.php\/schema-directeur-agricole\/","url":"https:\/\/remi-junquera.com\/index.php\/schema-directeur-agricole\/","name":"Sch\u00e9ma directeur agricole | R\u00e9mi Junquera","isPartOf":{"@id":"https:\/\/remi-junquera.com\/#website"},"primaryImageOfPage":{"@id":"https:\/\/remi-junquera.com\/index.php\/schema-directeur-agricole\/#primaryimage"},"image":{"@id":"https:\/\/remi-junquera.com\/index.php\/schema-directeur-agricole\/#primaryimage"},"thumbnailUrl":"https:\/\/remi-junquera.com\/wp-content\/uploads\/2026\/01\/IMG_9331-scaled.jpg","datePublished":"2026-01-30T07:53:42+00:00","dateModified":"2026-01-30T07:53:43+00:00","breadcrumb":{"@id":"https:\/\/remi-junquera.com\/index.php\/schema-directeur-agricole\/#breadcrumb"},"inLanguage":"fr-FR","potentialAction":[{"@type":"ReadAction","target":["https:\/\/remi-junquera.com\/index.php\/schema-directeur-agricole\/"]}]},{"@type":"ImageObject","inLanguage":"fr-FR","@id":"https:\/\/remi-junquera.com\/index.php\/schema-directeur-agricole\/#primaryimage","url":"https:\/\/remi-junquera.com\/wp-content\/uploads\/2026\/01\/IMG_9331-scaled.jpg","contentUrl":"https:\/\/remi-junquera.com\/wp-content\/uploads\/2026\/01\/IMG_9331-scaled.jpg","width":2560,"height":1920},{"@type":"BreadcrumbList","@id":"https:\/\/remi-junquera.com\/index.php\/schema-directeur-agricole\/#breadcrumb","itemListElement":[{"@type":"ListItem","position":1,"name":"Accueil","item":"https:\/\/remi-junquera.com\/"},{"@type":"ListItem","position":2,"name":"Sch\u00e9ma directeur agricole"}]},{"@type":"WebSite","@id":"https:\/\/remi-junquera.com\/#website","url":"https:\/\/remi-junquera.com\/","name":"R\u00e9mi Junquera","description":"Architecture Urbanisme Agriculture","publisher":{"@id":"https:\/\/remi-junquera.com\/#organization"},"potentialAction":[{"@type":"SearchAction","target":{"@type":"EntryPoint","urlTemplate":"https:\/\/remi-junquera.com\/?s={search_term_string}"},"query-input":"required name=search_term_string"}],"inLanguage":"fr-FR"},{"@type":"Organization","@id":"https:\/\/remi-junquera.com\/#organization","name":"R\u00e9mi Junquera","url":"https:\/\/remi-junquera.com\/","logo":{"@type":"ImageObject","inLanguage":"fr-FR","@id":"https:\/\/remi-junquera.com\/#\/schema\/logo\/image\/","url":"https:\/\/remi-junquera.com\/wp-content\/uploads\/2024\/06\/logo-Remi-Junquera-HD.png","contentUrl":"https:\/\/remi-junquera.com\/wp-content\/uploads\/2024\/06\/logo-Remi-Junquera-HD.png","width":4430,"height":947,"caption":"R\u00e9mi Junquera"},"image":{"@id":"https:\/\/remi-junquera.com\/#\/schema\/logo\/image\/"},"sameAs":["http:\/\/linkedin.com\/in\/r\u00e9mi-junquera"]}]}},"jetpack_sharing_enabled":true,"_links":{"self":[{"href":"https:\/\/remi-junquera.com\/index.php\/wp-json\/wp\/v2\/pages\/1655"}],"collection":[{"href":"https:\/\/remi-junquera.com\/index.php\/wp-json\/wp\/v2\/pages"}],"about":[{"href":"https:\/\/remi-junquera.com\/index.php\/wp-json\/wp\/v2\/types\/page"}],"author":[{"embeddable":true,"href":"https:\/\/remi-junquera.com\/index.php\/wp-json\/wp\/v2\/users\/1"}],"replies":[{"embeddable":true,"href":"https:\/\/remi-junquera.com\/index.php\/wp-json\/wp\/v2\/comments?post=1655"}],"version-history":[{"count":1,"href":"https:\/\/remi-junquera.com\/index.php\/wp-json\/wp\/v2\/pages\/1655\/revisions"}],"predecessor-version":[{"id":1658,"href":"https:\/\/remi-junquera.com\/index.php\/wp-json\/wp\/v2\/pages\/1655\/revisions\/1658"}],"wp:attachment":[{"href":"https:\/\/remi-junquera.com\/index.php\/wp-json\/wp\/v2\/media?parent=1655"}],"curies":[{"name":"wp","href":"https:\/\/api.w.org\/{rel}","templated":true}]}}