{"id":232,"date":"2024-06-07T12:34:45","date_gmt":"2024-06-07T10:34:45","guid":{"rendered":"https:\/\/remi-junquera.com\/?page_id=232"},"modified":"2024-06-07T15:43:28","modified_gmt":"2024-06-07T13:43:28","slug":"mentions-legales","status":"publish","type":"page","link":"https:\/\/remi-junquera.com\/index.php\/mentions-legales\/","title":{"rendered":"Mentions l\u00e9gales"},"content":{"rendered":"\n<p class=\"has-large-font-size\" style=\"text-transform:uppercase\"><strong>Mentions L\u00e9gales<\/strong><\/p>\n\n\n\n<p><strong>1. Informations G\u00e9n\u00e9rales<\/strong><\/p>\n\n\n\n<p>\u00c9diteur du site : R\u00e9mi Junquera<br>Statut juridique : Entreprise individuelle<br>E-mail : contact@remi-junquera.com<br>Num\u00e9ro d&rsquo;immatriculation au RCS : En cours<\/p>\n\n\n\n<p>Directeur de la publication : R\u00e9mi Junquera<\/p>\n\n\n\n<p><strong>2. H\u00e9bergement du site<\/strong><\/p>\n\n\n\n<p>Nom de l&rsquo;h\u00e9bergeur : Hostinger<br>Adresse : www.hostinger.fr<\/p>\n\n\n\n<p><strong>3. Propri\u00e9t\u00e9 intellectuelle<\/strong><\/p>\n\n\n\n<p>Le contenu du site www.remi-junquera.com (incluant, de mani\u00e8re non exhaustive, les textes, images, vid\u00e9os, logos, graphiques, et ic\u00f4nes) est la propri\u00e9t\u00e9 exclusive de R\u00e9mi Junquera, \u00e0 l&rsquo;exception des \u00e9l\u00e9ments appartenant \u00e0 d&rsquo;autres soci\u00e9t\u00e9s partenaires ou auteurs. Toute reproduction, distribution, modification, adaptation, retransmission ou publication, m\u00eame partielle, de ces diff\u00e9rents \u00e9l\u00e9ments est strictement interdite sans l&rsquo;accord expr\u00e8s par \u00e9crit de R\u00e9mi Junquera.<\/p>\n\n\n\n<p><strong>4. Protection des donn\u00e9es personnelles<\/strong><\/p>\n\n\n\n<p>Vous disposez d&rsquo;un droit d&rsquo;acc\u00e8s, de rectification, d&rsquo;opposition et de suppression des donn\u00e9es vous concernant que vous pouvez exercer en envoyant un e-mail \u00e0 contact@remi-junquera.com<\/p>\n\n\n\n<p><strong>5. Cookies<\/strong><\/p>\n\n\n\n<p>Le site www.remi-junquera.com peut-\u00eatre amen\u00e9 \u00e0 vous demander l\u2019acceptation des cookies pour des besoins de statistiques et d\u2019affichage. Un cookie est une information d\u00e9pos\u00e9e sur votre disque dur par le serveur du site que vous visitez. Il contient plusieurs donn\u00e9es qui sont stock\u00e9es sur votre ordinateur dans un simple fichier texte auquel un serveur acc\u00e8de pour lire et enregistrer des informations.<\/p>\n\n\n\n<p><strong>6. Limitation de responsabilit\u00e9<\/strong><\/p>\n\n\n\n<p>Les informations contenues sur ce site sont aussi pr\u00e9cises que possible et le site est p\u00e9riodiquement remis \u00e0 jour, mais peut toutefois contenir des inexactitudes, des omissions ou des lacunes. Si vous constatez une lacune, erreur ou ce qui para\u00eet \u00eatre un dysfonctionnement, merci de bien vouloir le signaler par e-mail \u00e0 contact@remi-junquera.com en d\u00e9crivant le probl\u00e8me de la mani\u00e8re la plus pr\u00e9cise possible (page posant un probl\u00e8me, action d\u00e9clenchant le probl\u00e8me, type d\u2019ordinateur et de navigateur utilis\u00e9, etc.).<\/p>\n\n\n\n<p>Tout contenu t\u00e9l\u00e9charg\u00e9 se fait aux risques et p\u00e9rils de l&rsquo;utilisateur et sous sa seule responsabilit\u00e9. En cons\u00e9quence, R\u00e9mi Junquera ne saurait \u00eatre tenu responsable d&rsquo;un quelconque dommage subi par l&rsquo;ordinateur de l&rsquo;utilisateur ou d&rsquo;une quelconque perte de donn\u00e9es cons\u00e9cutive au t\u00e9l\u00e9chargement.<\/p>\n\n\n\n<p><strong>7. Droit applicable et attribution de juridiction<\/strong><\/p>\n\n\n\n<p>Tout litige en relation avec l\u2019utilisation du site www.remi-junquera.com est soumis au droit fran\u00e7ais.<\/p>\n","protected":false},"excerpt":{"rendered":"<p>Mentions L\u00e9gales 1. Informations G\u00e9n\u00e9rales \u00c9diteur du site : R\u00e9mi JunqueraStatut juridique : Entreprise individuelleE-mail : contact@remi-junquera.comNum\u00e9ro d&rsquo;immatriculation au RCS : En cours Directeur de la publication : R\u00e9mi Junquera 2. H\u00e9bergement du site Nom de l&rsquo;h\u00e9bergeur : HostingerAdresse : www.hostinger.fr 3. Propri\u00e9t\u00e9 intellectuelle Le contenu du site www.remi-junquera.com (incluant, de mani\u00e8re non exhaustive, les [&hellip;]<\/p>\n","protected":false},"author":1,"featured_media":0,"parent":0,"menu_order":0,"comment_status":"closed","ping_status":"closed","template":"","meta":{"footnotes":""},"yoast_head":"<!-- This site is optimized with the Yoast SEO plugin v22.9 - https:\/\/yoast.com\/wordpress\/plugins\/seo\/ -->\n<title>Mentions l\u00e9gales | R\u00e9mi Junquera<\/title>\n<meta name=\"robots\" content=\"index, follow, max-snippet:-1, max-image-preview:large, max-video-preview:-1\" \/>\n<link rel=\"canonical\" href=\"https:\/\/remi-junquera.com\/index.php\/mentions-legales\/\" \/>\n<meta property=\"og:locale\" content=\"fr_FR\" \/>\n<meta property=\"og:type\" content=\"article\" \/>\n<meta property=\"og:title\" content=\"Mentions l\u00e9gales | R\u00e9mi Junquera\" \/>\n<meta property=\"og:description\" content=\"Mentions L\u00e9gales 1. Informations G\u00e9n\u00e9rales \u00c9diteur du site : R\u00e9mi JunqueraStatut juridique : Entreprise individuelleE-mail : contact@remi-junquera.comNum\u00e9ro d&rsquo;immatriculation au RCS : En cours Directeur de la publication : R\u00e9mi Junquera 2. H\u00e9bergement du site Nom de l&rsquo;h\u00e9bergeur : HostingerAdresse : www.hostinger.fr 3. Propri\u00e9t\u00e9 intellectuelle Le contenu du site www.remi-junquera.com (incluant, de mani\u00e8re non exhaustive, les [&hellip;]\" \/>\n<meta property=\"og:url\" content=\"https:\/\/remi-junquera.com\/index.php\/mentions-legales\/\" \/>\n<meta property=\"og:site_name\" content=\"R\u00e9mi Junquera\" \/>\n<meta property=\"article:modified_time\" content=\"2024-06-07T13:43:28+00:00\" \/>\n<meta property=\"og:image\" content=\"https:\/\/remi-junquera.com\/wp-content\/uploads\/2024\/06\/logo-Remi-Junquera-HD-fond-blanc.png\" \/>\n\t<meta property=\"og:image:width\" content=\"4699\" \/>\n\t<meta property=\"og:image:height\" content=\"1167\" \/>\n\t<meta property=\"og:image:type\" content=\"image\/png\" \/>\n<meta name=\"twitter:card\" content=\"summary_large_image\" \/>\n<meta name=\"twitter:label1\" content=\"Dur\u00e9e de lecture estim\u00e9e\" \/>\n\t<meta name=\"twitter:data1\" content=\"2 minutes\" \/>\n<script type=\"application\/ld+json\" class=\"yoast-schema-graph\">{\"@context\":\"https:\/\/schema.org\",\"@graph\":[{\"@type\":\"WebPage\",\"@id\":\"https:\/\/remi-junquera.com\/index.php\/mentions-legales\/\",\"url\":\"https:\/\/remi-junquera.com\/index.php\/mentions-legales\/\",\"name\":\"Mentions l\u00e9gales | R\u00e9mi Junquera\",\"isPartOf\":{\"@id\":\"https:\/\/remi-junquera.com\/#website\"},\"datePublished\":\"2024-06-07T10:34:45+00:00\",\"dateModified\":\"2024-06-07T13:43:28+00:00\",\"breadcrumb\":{\"@id\":\"https:\/\/remi-junquera.com\/index.php\/mentions-legales\/#breadcrumb\"},\"inLanguage\":\"fr-FR\",\"potentialAction\":[{\"@type\":\"ReadAction\",\"target\":[\"https:\/\/remi-junquera.com\/index.php\/mentions-legales\/\"]}]},{\"@type\":\"BreadcrumbList\",\"@id\":\"https:\/\/remi-junquera.com\/index.php\/mentions-legales\/#breadcrumb\",\"itemListElement\":[{\"@type\":\"ListItem\",\"position\":1,\"name\":\"Accueil\",\"item\":\"https:\/\/remi-junquera.com\/\"},{\"@type\":\"ListItem\",\"position\":2,\"name\":\"Mentions l\u00e9gales\"}]},{\"@type\":\"WebSite\",\"@id\":\"https:\/\/remi-junquera.com\/#website\",\"url\":\"https:\/\/remi-junquera.com\/\",\"name\":\"R\u00e9mi Junquera\",\"description\":\"Architecture Urbanisme Agriculture\",\"publisher\":{\"@id\":\"https:\/\/remi-junquera.com\/#organization\"},\"potentialAction\":[{\"@type\":\"SearchAction\",\"target\":{\"@type\":\"EntryPoint\",\"urlTemplate\":\"https:\/\/remi-junquera.com\/?s={search_term_string}\"},\"query-input\":\"required name=search_term_string\"}],\"inLanguage\":\"fr-FR\"},{\"@type\":\"Organization\",\"@id\":\"https:\/\/remi-junquera.com\/#organization\",\"name\":\"R\u00e9mi Junquera\",\"url\":\"https:\/\/remi-junquera.com\/\",\"logo\":{\"@type\":\"ImageObject\",\"inLanguage\":\"fr-FR\",\"@id\":\"https:\/\/remi-junquera.com\/#\/schema\/logo\/image\/\",\"url\":\"https:\/\/remi-junquera.com\/wp-content\/uploads\/2024\/06\/logo-Remi-Junquera-HD.png\",\"contentUrl\":\"https:\/\/remi-junquera.com\/wp-content\/uploads\/2024\/06\/logo-Remi-Junquera-HD.png\",\"width\":4430,\"height\":947,\"caption\":\"R\u00e9mi Junquera\"},\"image\":{\"@id\":\"https:\/\/remi-junquera.com\/#\/schema\/logo\/image\/\"},\"sameAs\":[\"http:\/\/linkedin.com\/in\/r\u00e9mi-junquera\"]}]}<\/script>\n<!-- \/ Yoast SEO plugin. -->","yoast_head_json":{"title":"Mentions l\u00e9gales | R\u00e9mi Junquera","robots":{"index":"index","follow":"follow","max-snippet":"max-snippet:-1","max-image-preview":"max-image-preview:large","max-video-preview":"max-video-preview:-1"},"canonical":"https:\/\/remi-junquera.com\/index.php\/mentions-legales\/","og_locale":"fr_FR","og_type":"article","og_title":"Mentions l\u00e9gales | R\u00e9mi Junquera","og_description":"Mentions L\u00e9gales 1. Informations G\u00e9n\u00e9rales \u00c9diteur du site : R\u00e9mi JunqueraStatut juridique : Entreprise individuelleE-mail : contact@remi-junquera.comNum\u00e9ro d&rsquo;immatriculation au RCS : En cours Directeur de la publication : R\u00e9mi Junquera 2. H\u00e9bergement du site Nom de l&rsquo;h\u00e9bergeur : HostingerAdresse : www.hostinger.fr 3. Propri\u00e9t\u00e9 intellectuelle Le contenu du site www.remi-junquera.com (incluant, de mani\u00e8re non exhaustive, les [&hellip;]","og_url":"https:\/\/remi-junquera.com\/index.php\/mentions-legales\/","og_site_name":"R\u00e9mi Junquera","article_modified_time":"2024-06-07T13:43:28+00:00","og_image":[{"width":4699,"height":1167,"url":"https:\/\/remi-junquera.com\/wp-content\/uploads\/2024\/06\/logo-Remi-Junquera-HD-fond-blanc.png","type":"image\/png"}],"twitter_card":"summary_large_image","twitter_misc":{"Dur\u00e9e de lecture estim\u00e9e":"2 minutes"},"schema":{"@context":"https:\/\/schema.org","@graph":[{"@type":"WebPage","@id":"https:\/\/remi-junquera.com\/index.php\/mentions-legales\/","url":"https:\/\/remi-junquera.com\/index.php\/mentions-legales\/","name":"Mentions l\u00e9gales | R\u00e9mi Junquera","isPartOf":{"@id":"https:\/\/remi-junquera.com\/#website"},"datePublished":"2024-06-07T10:34:45+00:00","dateModified":"2024-06-07T13:43:28+00:00","breadcrumb":{"@id":"https:\/\/remi-junquera.com\/index.php\/mentions-legales\/#breadcrumb"},"inLanguage":"fr-FR","potentialAction":[{"@type":"ReadAction","target":["https:\/\/remi-junquera.com\/index.php\/mentions-legales\/"]}]},{"@type":"BreadcrumbList","@id":"https:\/\/remi-junquera.com\/index.php\/mentions-legales\/#breadcrumb","itemListElement":[{"@type":"ListItem","position":1,"name":"Accueil","item":"https:\/\/remi-junquera.com\/"},{"@type":"ListItem","position":2,"name":"Mentions l\u00e9gales"}]},{"@type":"WebSite","@id":"https:\/\/remi-junquera.com\/#website","url":"https:\/\/remi-junquera.com\/","name":"R\u00e9mi Junquera","description":"Architecture Urbanisme Agriculture","publisher":{"@id":"https:\/\/remi-junquera.com\/#organization"},"potentialAction":[{"@type":"SearchAction","target":{"@type":"EntryPoint","urlTemplate":"https:\/\/remi-junquera.com\/?s={search_term_string}"},"query-input":"required name=search_term_string"}],"inLanguage":"fr-FR"},{"@type":"Organization","@id":"https:\/\/remi-junquera.com\/#organization","name":"R\u00e9mi Junquera","url":"https:\/\/remi-junquera.com\/","logo":{"@type":"ImageObject","inLanguage":"fr-FR","@id":"https:\/\/remi-junquera.com\/#\/schema\/logo\/image\/","url":"https:\/\/remi-junquera.com\/wp-content\/uploads\/2024\/06\/logo-Remi-Junquera-HD.png","contentUrl":"https:\/\/remi-junquera.com\/wp-content\/uploads\/2024\/06\/logo-Remi-Junquera-HD.png","width":4430,"height":947,"caption":"R\u00e9mi Junquera"},"image":{"@id":"https:\/\/remi-junquera.com\/#\/schema\/logo\/image\/"},"sameAs":["http:\/\/linkedin.com\/in\/r\u00e9mi-junquera"]}]}},"jetpack_sharing_enabled":true,"_links":{"self":[{"href":"https:\/\/remi-junquera.com\/index.php\/wp-json\/wp\/v2\/pages\/232"}],"collection":[{"href":"https:\/\/remi-junquera.com\/index.php\/wp-json\/wp\/v2\/pages"}],"about":[{"href":"https:\/\/remi-junquera.com\/index.php\/wp-json\/wp\/v2\/types\/page"}],"author":[{"embeddable":true,"href":"https:\/\/remi-junquera.com\/index.php\/wp-json\/wp\/v2\/users\/1"}],"replies":[{"embeddable":true,"href":"https:\/\/remi-junquera.com\/index.php\/wp-json\/wp\/v2\/comments?post=232"}],"version-history":[{"count":3,"href":"https:\/\/remi-junquera.com\/index.php\/wp-json\/wp\/v2\/pages\/232\/revisions"}],"predecessor-version":[{"id":287,"href":"https:\/\/remi-junquera.com\/index.php\/wp-json\/wp\/v2\/pages\/232\/revisions\/287"}],"wp:attachment":[{"href":"https:\/\/remi-junquera.com\/index.php\/wp-json\/wp\/v2\/media?parent=232"}],"curies":[{"name":"wp","href":"https:\/\/api.w.org\/{rel}","templated":true}]}}