{"id":240,"date":"2024-06-07T12:36:07","date_gmt":"2024-06-07T10:36:07","guid":{"rendered":"https:\/\/remi-junquera.com\/?page_id=240"},"modified":"2025-02-25T10:00:44","modified_gmt":"2025-02-25T09:00:44","slug":"cultiver-le-min-de-marseille","status":"publish","type":"page","link":"https:\/\/remi-junquera.com\/index.php\/cultiver-le-min-de-marseille\/","title":{"rendered":"Cultiver le min de Marseille"},"content":{"rendered":"\n<div class=\"wp-block-cover alignfull has-parallax wp-duotone-unset-1\" style=\"padding-top:17%;padding-bottom:3rem;min-height:801px;aspect-ratio:unset;\"><span aria-hidden=\"true\" class=\"wp-block-cover__background has-black-background-color has-background-dim-40 has-background-dim\"><\/span><div class=\"wp-block-cover__image-background wp-image-93 has-parallax\" style=\"background-position:50% 50%;background-image:url(https:\/\/remi-junquera.com\/wp-content\/uploads\/2024\/06\/vue-03_02-copie-scaled.jpg)\"><\/div><div class=\"wp-block-cover__inner-container has-global-padding is-layout-constrained wp-container-core-cover-is-layout-1 wp-block-cover-is-layout-constrained\">\n<div class=\"wp-block-group has-global-padding is-layout-constrained wp-block-group-is-layout-constrained\" style=\"min-height:520px\">\n<h1 class=\"wp-block-heading alignwide has-text-align-center\" style=\"font-size:clamp(33.419px, 2.089rem + ((1vw - 3.2px) * 3.021), 60px);\">CULTIVER <br>LES TOITS <br>DU MIN <br>DE MARSEILLE<\/h1>\n<\/div>\n<\/div><\/div>\n\n\n\n<div class=\"wp-block-group alignfull has-background has-global-padding is-layout-constrained wp-block-group-is-layout-constrained\" style=\"background-color:#ffffff\">\n<div style=\"height:58px\" aria-hidden=\"true\" class=\"wp-block-spacer\"><\/div>\n\n\n\n<h4 class=\"wp-block-heading alignwide has-text-align-center has-text-color has-link-color wp-elements-b73d8dae93086060647a56a7fa4f80f6\" style=\"color:#000000\">\u00ab Relocaliser la production alimentaire au c\u0153ur de la commercialisation \u00bb<\/h4>\n\n\n\n<div style=\"height:58px\" aria-hidden=\"true\" class=\"wp-block-spacer\"><\/div>\n<\/div>\n\n\n\n<figure class=\"wp-block-image alignwide size-full has-custom-border\"><img fetchpriority=\"high\" decoding=\"async\" width=\"2560\" height=\"2560\" src=\"https:\/\/remi-junquera.com\/wp-content\/uploads\/2024\/06\/vue-01_06_avec-logo-edited-scaled.jpg\" alt=\"\" class=\"wp-image-182\" style=\"border-style:none;border-width:0px\" srcset=\"https:\/\/remi-junquera.com\/wp-content\/uploads\/2024\/06\/vue-01_06_avec-logo-edited-scaled.jpg 2560w, https:\/\/remi-junquera.com\/wp-content\/uploads\/2024\/06\/vue-01_06_avec-logo-edited-300x300.jpg 300w, https:\/\/remi-junquera.com\/wp-content\/uploads\/2024\/06\/vue-01_06_avec-logo-edited-1024x1024.jpg 1024w, https:\/\/remi-junquera.com\/wp-content\/uploads\/2024\/06\/vue-01_06_avec-logo-edited-150x150.jpg 150w, https:\/\/remi-junquera.com\/wp-content\/uploads\/2024\/06\/vue-01_06_avec-logo-edited-768x768.jpg 768w, https:\/\/remi-junquera.com\/wp-content\/uploads\/2024\/06\/vue-01_06_avec-logo-edited-1536x1536.jpg 1536w, https:\/\/remi-junquera.com\/wp-content\/uploads\/2024\/06\/vue-01_06_avec-logo-edited-2048x2048.jpg 2048w\" sizes=\"(max-width: 2560px) 100vw, 2560px\" \/><\/figure>\n\n\n\n<div style=\"height:58px\" aria-hidden=\"true\" class=\"wp-block-spacer\"><\/div>\n\n\n\n<div class=\"wp-block-columns alignwide is-layout-flex wp-container-core-columns-is-layout-1 wp-block-columns-is-layout-flex\">\n<div class=\"wp-block-column is-layout-flow wp-block-column-is-layout-flow\">\n<p class=\"has-text-align-justify\">Depuis pr\u00e8s de 50 ans, le March\u00e9 d\u2019int\u00e9r\u00eat national des Arnavaux est un n\u0153ud strat\u00e9gique majeur dans le nord de Marseille permettant un <strong>approvisionnement alimentaire de toute une m\u00e9tropole<\/strong>.<br><br>Le projet pr\u00e9voit la cr\u00e9ation de <strong>toitures cultivables<\/strong> avec une surface cumul\u00e9e de <strong>14 000 m\u00b2 exploitables<\/strong>. Ce parc agricole est un ensemble d&rsquo;espaces coh\u00e9sifs aux fonctions, aux formes et aux r\u00f4les multiples et compl\u00e9mentaires. On y trouve des <strong>potagers cultiv\u00e9s<\/strong> pour les habitants du quartier, g\u00e9r\u00e9s par une association. Des parcelles et des <strong>serres agricoles<\/strong> o\u00f9 grandissent des micropousses et des fleurs comestibles, des plantations de houblon en espalier \u00e0 l\u2019abri du Mistral, des jardini\u00e8res fleuries et des<strong> syst\u00e8mes de culture en hydroponie<\/strong>, l\u2019ensemble g\u00e9r\u00e9 par un <strong>mara\u00eecher professionnel priv\u00e9<\/strong>.<\/p>\n<\/div>\n\n\n\n<div class=\"wp-block-column is-layout-flow wp-block-column-is-layout-flow\">\n<p class=\"has-text-align-justify\">Des <strong>ruches<\/strong>, des <strong>poules <\/strong>et une <strong>ferme \u00e0 insecte<\/strong> administr\u00e9e par une start-up. Une serre exp\u00e9rimentale lou\u00e9e par un laboratoire de recherche en agronomie. Une grande serre utilis\u00e9e par une entreprise d\u2019<strong>insertion sociale<\/strong>. Des <strong>locaux de transformation<\/strong> et r\u00e9cup\u00e9ration de <strong>produits antigaspillage<\/strong> lou\u00e9e \u00e0 une association ; et un <strong>restaurant <\/strong>avec une vue imprenable sur la mer.<\/p>\n\n\n\n<hr class=\"wp-block-separator aligncenter has-alpha-channel-opacity is-style-wide\"\/>\n\n\n\n<p class=\"has-text-align-left\" style=\"font-size:clamp(14px, 0.875rem + ((1vw - 3.2px) * 0.114), 15px);line-height:2\"><em><strong>Programme<\/strong> : appel \u00e0 projet pour la requalification du MIN des Arnavaux \u00e0 Marseille<br><strong>Lieu<\/strong> : Marseille<br><strong>Ann\u00e9e <\/strong>: 2020<br><strong>MOA <\/strong>: SOMIMAR<br><strong>MOE <\/strong>: Linkcity, Bouygues b\u00e2timent, Rougerie+Tangram (R\u00e9mi Junquera, salari\u00e9)<\/em><\/p>\n<\/div>\n<\/div>\n\n\n\n<div style=\"height:58px\" aria-hidden=\"true\" class=\"wp-block-spacer\"><\/div>\n\n\n\n<figure class=\"wp-block-image alignwide size-full has-custom-border\"><img decoding=\"async\" width=\"2560\" height=\"1705\" src=\"https:\/\/remi-junquera.com\/wp-content\/uploads\/2024\/06\/Vue-02_04-scaled.jpg\" alt=\"\" class=\"wp-image-92\" style=\"border-style:none;border-width:0px\" srcset=\"https:\/\/remi-junquera.com\/wp-content\/uploads\/2024\/06\/Vue-02_04-scaled.jpg 2560w, https:\/\/remi-junquera.com\/wp-content\/uploads\/2024\/06\/Vue-02_04-300x200.jpg 300w, https:\/\/remi-junquera.com\/wp-content\/uploads\/2024\/06\/Vue-02_04-1024x682.jpg 1024w, https:\/\/remi-junquera.com\/wp-content\/uploads\/2024\/06\/Vue-02_04-768x512.jpg 768w, https:\/\/remi-junquera.com\/wp-content\/uploads\/2024\/06\/Vue-02_04-1536x1023.jpg 1536w, https:\/\/remi-junquera.com\/wp-content\/uploads\/2024\/06\/Vue-02_04-2048x1364.jpg 2048w\" sizes=\"(max-width: 2560px) 100vw, 2560px\" \/><\/figure>\n\n\n\n<div style=\"height:59px;width:0px\" aria-hidden=\"true\" class=\"wp-block-spacer\"><\/div>\n\n\n\n<hr class=\"wp-block-separator alignfull has-alpha-channel-opacity\"\/>\n","protected":false},"excerpt":{"rendered":"<p>\u00ab Relocaliser la production alimentaire au c\u0153ur de la commercialisation \u00bb Depuis pr\u00e8s de 50 ans, le March\u00e9 d\u2019int\u00e9r\u00eat national des Arnavaux est un n\u0153ud strat\u00e9gique majeur dans le nord de Marseille permettant un approvisionnement alimentaire de toute une m\u00e9tropole. Le projet pr\u00e9voit la cr\u00e9ation de toitures cultivables avec une surface cumul\u00e9e de 14 000 [&hellip;]<\/p>\n","protected":false},"author":1,"featured_media":0,"parent":0,"menu_order":0,"comment_status":"closed","ping_status":"closed","template":"","meta":{"footnotes":""},"yoast_head":"<!-- This site is optimized with the Yoast SEO plugin v22.9 - https:\/\/yoast.com\/wordpress\/plugins\/seo\/ -->\n<title>Cultiver le min de Marseille | R\u00e9mi Junquera<\/title>\n<meta name=\"robots\" content=\"index, follow, max-snippet:-1, max-image-preview:large, max-video-preview:-1\" \/>\n<link rel=\"canonical\" href=\"https:\/\/remi-junquera.com\/index.php\/cultiver-le-min-de-marseille\/\" \/>\n<meta property=\"og:locale\" content=\"fr_FR\" \/>\n<meta property=\"og:type\" content=\"article\" \/>\n<meta property=\"og:title\" content=\"Cultiver le min de Marseille | R\u00e9mi Junquera\" \/>\n<meta property=\"og:description\" content=\"\u00ab Relocaliser la production alimentaire au c\u0153ur de la commercialisation \u00bb Depuis pr\u00e8s de 50 ans, le March\u00e9 d\u2019int\u00e9r\u00eat national des Arnavaux est un n\u0153ud strat\u00e9gique majeur dans le nord de Marseille permettant un approvisionnement alimentaire de toute une m\u00e9tropole. Le projet pr\u00e9voit la cr\u00e9ation de toitures cultivables avec une surface cumul\u00e9e de 14 000 [&hellip;]\" \/>\n<meta property=\"og:url\" content=\"https:\/\/remi-junquera.com\/index.php\/cultiver-le-min-de-marseille\/\" \/>\n<meta property=\"og:site_name\" content=\"R\u00e9mi Junquera\" \/>\n<meta property=\"article:modified_time\" content=\"2025-02-25T09:00:44+00:00\" \/>\n<meta property=\"og:image\" content=\"https:\/\/remi-junquera.com\/wp-content\/uploads\/2024\/06\/vue-01_06_avec-logo-edited-scaled.jpg\" \/>\n<meta name=\"twitter:card\" content=\"summary_large_image\" \/>\n<meta name=\"twitter:label1\" content=\"Dur\u00e9e de lecture estim\u00e9e\" \/>\n\t<meta name=\"twitter:data1\" content=\"2 minutes\" \/>\n<script type=\"application\/ld+json\" class=\"yoast-schema-graph\">{\"@context\":\"https:\/\/schema.org\",\"@graph\":[{\"@type\":\"WebPage\",\"@id\":\"https:\/\/remi-junquera.com\/index.php\/cultiver-le-min-de-marseille\/\",\"url\":\"https:\/\/remi-junquera.com\/index.php\/cultiver-le-min-de-marseille\/\",\"name\":\"Cultiver le min de Marseille | R\u00e9mi Junquera\",\"isPartOf\":{\"@id\":\"https:\/\/remi-junquera.com\/#website\"},\"primaryImageOfPage\":{\"@id\":\"https:\/\/remi-junquera.com\/index.php\/cultiver-le-min-de-marseille\/#primaryimage\"},\"image\":{\"@id\":\"https:\/\/remi-junquera.com\/index.php\/cultiver-le-min-de-marseille\/#primaryimage\"},\"thumbnailUrl\":\"https:\/\/remi-junquera.com\/wp-content\/uploads\/2024\/06\/vue-01_06_avec-logo-edited-scaled.jpg\",\"datePublished\":\"2024-06-07T10:36:07+00:00\",\"dateModified\":\"2025-02-25T09:00:44+00:00\",\"breadcrumb\":{\"@id\":\"https:\/\/remi-junquera.com\/index.php\/cultiver-le-min-de-marseille\/#breadcrumb\"},\"inLanguage\":\"fr-FR\",\"potentialAction\":[{\"@type\":\"ReadAction\",\"target\":[\"https:\/\/remi-junquera.com\/index.php\/cultiver-le-min-de-marseille\/\"]}]},{\"@type\":\"ImageObject\",\"inLanguage\":\"fr-FR\",\"@id\":\"https:\/\/remi-junquera.com\/index.php\/cultiver-le-min-de-marseille\/#primaryimage\",\"url\":\"https:\/\/remi-junquera.com\/wp-content\/uploads\/2024\/06\/vue-01_06_avec-logo-edited-scaled.jpg\",\"contentUrl\":\"https:\/\/remi-junquera.com\/wp-content\/uploads\/2024\/06\/vue-01_06_avec-logo-edited-scaled.jpg\",\"width\":2560,\"height\":2560,\"caption\":\"Image de l'agriculture urbaine sur le toit du MIN de Marseille\"},{\"@type\":\"BreadcrumbList\",\"@id\":\"https:\/\/remi-junquera.com\/index.php\/cultiver-le-min-de-marseille\/#breadcrumb\",\"itemListElement\":[{\"@type\":\"ListItem\",\"position\":1,\"name\":\"Accueil\",\"item\":\"https:\/\/remi-junquera.com\/\"},{\"@type\":\"ListItem\",\"position\":2,\"name\":\"Cultiver le min de Marseille\"}]},{\"@type\":\"WebSite\",\"@id\":\"https:\/\/remi-junquera.com\/#website\",\"url\":\"https:\/\/remi-junquera.com\/\",\"name\":\"R\u00e9mi Junquera\",\"description\":\"Architecture Urbanisme Agriculture\",\"publisher\":{\"@id\":\"https:\/\/remi-junquera.com\/#organization\"},\"potentialAction\":[{\"@type\":\"SearchAction\",\"target\":{\"@type\":\"EntryPoint\",\"urlTemplate\":\"https:\/\/remi-junquera.com\/?s={search_term_string}\"},\"query-input\":\"required name=search_term_string\"}],\"inLanguage\":\"fr-FR\"},{\"@type\":\"Organization\",\"@id\":\"https:\/\/remi-junquera.com\/#organization\",\"name\":\"R\u00e9mi Junquera\",\"url\":\"https:\/\/remi-junquera.com\/\",\"logo\":{\"@type\":\"ImageObject\",\"inLanguage\":\"fr-FR\",\"@id\":\"https:\/\/remi-junquera.com\/#\/schema\/logo\/image\/\",\"url\":\"https:\/\/remi-junquera.com\/wp-content\/uploads\/2024\/06\/logo-Remi-Junquera-HD.png\",\"contentUrl\":\"https:\/\/remi-junquera.com\/wp-content\/uploads\/2024\/06\/logo-Remi-Junquera-HD.png\",\"width\":4430,\"height\":947,\"caption\":\"R\u00e9mi Junquera\"},\"image\":{\"@id\":\"https:\/\/remi-junquera.com\/#\/schema\/logo\/image\/\"},\"sameAs\":[\"http:\/\/linkedin.com\/in\/r\u00e9mi-junquera\"]}]}<\/script>\n<!-- \/ Yoast SEO plugin. -->","yoast_head_json":{"title":"Cultiver le min de Marseille | R\u00e9mi Junquera","robots":{"index":"index","follow":"follow","max-snippet":"max-snippet:-1","max-image-preview":"max-image-preview:large","max-video-preview":"max-video-preview:-1"},"canonical":"https:\/\/remi-junquera.com\/index.php\/cultiver-le-min-de-marseille\/","og_locale":"fr_FR","og_type":"article","og_title":"Cultiver le min de Marseille | R\u00e9mi Junquera","og_description":"\u00ab Relocaliser la production alimentaire au c\u0153ur de la commercialisation \u00bb Depuis pr\u00e8s de 50 ans, le March\u00e9 d\u2019int\u00e9r\u00eat national des Arnavaux est un n\u0153ud strat\u00e9gique majeur dans le nord de Marseille permettant un approvisionnement alimentaire de toute une m\u00e9tropole. Le projet pr\u00e9voit la cr\u00e9ation de toitures cultivables avec une surface cumul\u00e9e de 14 000 [&hellip;]","og_url":"https:\/\/remi-junquera.com\/index.php\/cultiver-le-min-de-marseille\/","og_site_name":"R\u00e9mi Junquera","article_modified_time":"2025-02-25T09:00:44+00:00","og_image":[{"url":"https:\/\/remi-junquera.com\/wp-content\/uploads\/2024\/06\/vue-01_06_avec-logo-edited-scaled.jpg"}],"twitter_card":"summary_large_image","twitter_misc":{"Dur\u00e9e de lecture estim\u00e9e":"2 minutes"},"schema":{"@context":"https:\/\/schema.org","@graph":[{"@type":"WebPage","@id":"https:\/\/remi-junquera.com\/index.php\/cultiver-le-min-de-marseille\/","url":"https:\/\/remi-junquera.com\/index.php\/cultiver-le-min-de-marseille\/","name":"Cultiver le min de Marseille | R\u00e9mi Junquera","isPartOf":{"@id":"https:\/\/remi-junquera.com\/#website"},"primaryImageOfPage":{"@id":"https:\/\/remi-junquera.com\/index.php\/cultiver-le-min-de-marseille\/#primaryimage"},"image":{"@id":"https:\/\/remi-junquera.com\/index.php\/cultiver-le-min-de-marseille\/#primaryimage"},"thumbnailUrl":"https:\/\/remi-junquera.com\/wp-content\/uploads\/2024\/06\/vue-01_06_avec-logo-edited-scaled.jpg","datePublished":"2024-06-07T10:36:07+00:00","dateModified":"2025-02-25T09:00:44+00:00","breadcrumb":{"@id":"https:\/\/remi-junquera.com\/index.php\/cultiver-le-min-de-marseille\/#breadcrumb"},"inLanguage":"fr-FR","potentialAction":[{"@type":"ReadAction","target":["https:\/\/remi-junquera.com\/index.php\/cultiver-le-min-de-marseille\/"]}]},{"@type":"ImageObject","inLanguage":"fr-FR","@id":"https:\/\/remi-junquera.com\/index.php\/cultiver-le-min-de-marseille\/#primaryimage","url":"https:\/\/remi-junquera.com\/wp-content\/uploads\/2024\/06\/vue-01_06_avec-logo-edited-scaled.jpg","contentUrl":"https:\/\/remi-junquera.com\/wp-content\/uploads\/2024\/06\/vue-01_06_avec-logo-edited-scaled.jpg","width":2560,"height":2560,"caption":"Image de l'agriculture urbaine sur le toit du MIN de Marseille"},{"@type":"BreadcrumbList","@id":"https:\/\/remi-junquera.com\/index.php\/cultiver-le-min-de-marseille\/#breadcrumb","itemListElement":[{"@type":"ListItem","position":1,"name":"Accueil","item":"https:\/\/remi-junquera.com\/"},{"@type":"ListItem","position":2,"name":"Cultiver le min de Marseille"}]},{"@type":"WebSite","@id":"https:\/\/remi-junquera.com\/#website","url":"https:\/\/remi-junquera.com\/","name":"R\u00e9mi Junquera","description":"Architecture Urbanisme Agriculture","publisher":{"@id":"https:\/\/remi-junquera.com\/#organization"},"potentialAction":[{"@type":"SearchAction","target":{"@type":"EntryPoint","urlTemplate":"https:\/\/remi-junquera.com\/?s={search_term_string}"},"query-input":"required name=search_term_string"}],"inLanguage":"fr-FR"},{"@type":"Organization","@id":"https:\/\/remi-junquera.com\/#organization","name":"R\u00e9mi Junquera","url":"https:\/\/remi-junquera.com\/","logo":{"@type":"ImageObject","inLanguage":"fr-FR","@id":"https:\/\/remi-junquera.com\/#\/schema\/logo\/image\/","url":"https:\/\/remi-junquera.com\/wp-content\/uploads\/2024\/06\/logo-Remi-Junquera-HD.png","contentUrl":"https:\/\/remi-junquera.com\/wp-content\/uploads\/2024\/06\/logo-Remi-Junquera-HD.png","width":4430,"height":947,"caption":"R\u00e9mi Junquera"},"image":{"@id":"https:\/\/remi-junquera.com\/#\/schema\/logo\/image\/"},"sameAs":["http:\/\/linkedin.com\/in\/r\u00e9mi-junquera"]}]}},"jetpack_sharing_enabled":true,"_links":{"self":[{"href":"https:\/\/remi-junquera.com\/index.php\/wp-json\/wp\/v2\/pages\/240"}],"collection":[{"href":"https:\/\/remi-junquera.com\/index.php\/wp-json\/wp\/v2\/pages"}],"about":[{"href":"https:\/\/remi-junquera.com\/index.php\/wp-json\/wp\/v2\/types\/page"}],"author":[{"embeddable":true,"href":"https:\/\/remi-junquera.com\/index.php\/wp-json\/wp\/v2\/users\/1"}],"replies":[{"embeddable":true,"href":"https:\/\/remi-junquera.com\/index.php\/wp-json\/wp\/v2\/comments?post=240"}],"version-history":[{"count":17,"href":"https:\/\/remi-junquera.com\/index.php\/wp-json\/wp\/v2\/pages\/240\/revisions"}],"predecessor-version":[{"id":1353,"href":"https:\/\/remi-junquera.com\/index.php\/wp-json\/wp\/v2\/pages\/240\/revisions\/1353"}],"wp:attachment":[{"href":"https:\/\/remi-junquera.com\/index.php\/wp-json\/wp\/v2\/media?parent=240"}],"curies":[{"name":"wp","href":"https:\/\/api.w.org\/{rel}","templated":true}]}}