{"id":244,"date":"2024-06-07T12:36:44","date_gmt":"2024-06-07T10:36:44","guid":{"rendered":"https:\/\/remi-junquera.com\/?page_id=244"},"modified":"2025-02-25T10:00:26","modified_gmt":"2025-02-25T09:00:26","slug":"ecoquartier-agricole","status":"publish","type":"page","link":"https:\/\/remi-junquera.com\/index.php\/ecoquartier-agricole\/","title":{"rendered":"\u00e9coquartier agricole"},"content":{"rendered":"\n<div class=\"wp-block-cover alignfull has-parallax wp-duotone-unset-1\" style=\"padding-top:17%;padding-bottom:3rem;min-height:801px;aspect-ratio:unset;\"><span aria-hidden=\"true\" class=\"wp-block-cover__background has-black-background-color has-background-dim-40 has-background-dim\"><\/span><div class=\"wp-block-cover__image-background wp-image-305 has-parallax\" style=\"background-position:50% 50%;background-image:url(https:\/\/remi-junquera.com\/wp-content\/uploads\/2024\/06\/V2-VEGE-1-scaled.jpg)\"><\/div><div class=\"wp-block-cover__inner-container has-global-padding is-layout-constrained wp-container-core-cover-is-layout-1 wp-block-cover-is-layout-constrained\">\n<div class=\"wp-block-group has-global-padding is-layout-constrained wp-block-group-is-layout-constrained\" style=\"min-height:520px\">\n<h1 class=\"wp-block-heading alignwide has-text-align-center\">\u00c9COQUARTIER AGRICOLE<\/h1>\n<\/div>\n<\/div><\/div>\n\n\n\n<div class=\"wp-block-group alignfull has-background has-global-padding is-layout-constrained wp-block-group-is-layout-constrained\" style=\"background-color:#ffffff\">\n<div style=\"height:58px\" aria-hidden=\"true\" class=\"wp-block-spacer\"><\/div>\n\n\n\n<h4 class=\"wp-block-heading alignwide has-text-align-center has-text-color has-link-color wp-elements-b43e7d298581d784e291f04728ca8c2e\" style=\"color:#000000\">\u00ab Habiter entre la pin\u00e8de, la garrigue et les champs \u00bb<\/h4>\n\n\n\n<div style=\"height:58px\" aria-hidden=\"true\" class=\"wp-block-spacer\"><\/div>\n<\/div>\n\n\n\n<figure class=\"wp-block-image alignwide size-full\"><img fetchpriority=\"high\" decoding=\"async\" width=\"2560\" height=\"1720\" src=\"https:\/\/remi-junquera.com\/wp-content\/uploads\/2024\/06\/V2-VEGE-1-scaled.jpg\" alt=\"\" class=\"wp-image-305\" srcset=\"https:\/\/remi-junquera.com\/wp-content\/uploads\/2024\/06\/V2-VEGE-1-scaled.jpg 2560w, https:\/\/remi-junquera.com\/wp-content\/uploads\/2024\/06\/V2-VEGE-1-300x202.jpg 300w, https:\/\/remi-junquera.com\/wp-content\/uploads\/2024\/06\/V2-VEGE-1-1024x688.jpg 1024w, https:\/\/remi-junquera.com\/wp-content\/uploads\/2024\/06\/V2-VEGE-1-768x516.jpg 768w, https:\/\/remi-junquera.com\/wp-content\/uploads\/2024\/06\/V2-VEGE-1-1536x1032.jpg 1536w, https:\/\/remi-junquera.com\/wp-content\/uploads\/2024\/06\/V2-VEGE-1-2048x1376.jpg 2048w\" sizes=\"(max-width: 2560px) 100vw, 2560px\" \/><\/figure>\n\n\n\n<div style=\"height:58px\" aria-hidden=\"true\" class=\"wp-block-spacer\"><\/div>\n\n\n\n<div class=\"wp-block-columns alignwide is-layout-flex wp-container-core-columns-is-layout-1 wp-block-columns-is-layout-flex\">\n<div class=\"wp-block-column is-layout-flow wp-block-column-is-layout-flow\">\n<p class=\"has-text-align-justify\">Situ\u00e9 au nord de la ville de Martigues, le lieu-dit Courtine est un espace naturel compos\u00e9 de pin\u00e8de, de garrigue et de d\u00e9laiss\u00e9s agricoles, identifi\u00e9 comme urbanisable dans le Plan local d\u2019urbanisme. Le projet consiste ainsi \u00e0 <strong>pr\u00e9server au maximum les caract\u00e9ristiques naturelles<\/strong> du site tout en am\u00e9nageant un <strong>nouveau quartier mixte<\/strong> (habitat collectif et individuel, commerce et \u00e9quipement). <br><br>La d\u00e9marche de projet est de <strong>conserver le plus d&rsquo;arbres existants<\/strong> possible en densifiant dans les zones de clairi\u00e8re et de garrigue. De plus, l\u2019<strong>histoire agricole<\/strong> du lieu est revitalis\u00e9e pour faire appara\u00eetre des j<strong>ardins partag\u00e9s et collectifs<\/strong> \u00e0 l\u2019est et une <strong>ferme urbaine<\/strong> \u00e0 l\u2019ouest. L\u2019ensemble est desservi par une <strong>multitude de chemins existants<\/strong> ou \u00e0 cr\u00e9er pour valoriser le paysage et favoriser les modes doux. En r\u00e9sulte un <strong>\u00c9coquartier agricole m\u00e9diterran\u00e9en<\/strong>, avec une int\u00e9gration attentive du b\u00e2ti pour pr\u00e9server la nature productive pour l\u2019ensemble des \u00eatres vivants.<\/p>\n<\/div>\n\n\n\n<div class=\"wp-block-column is-layout-flow wp-block-column-is-layout-flow\">\n<p class=\"has-text-align-left\" style=\"font-size:clamp(14px, 0.875rem + ((1vw - 3.2px) * 0.114), 15px);line-height:2\"><em><strong>Programme<\/strong> : sch\u00e9ma directeur global pour l\u2019am\u00e9nagement d\u2019un \u00c9coquartier&nbsp;<br><strong>Lieu<\/strong> : Martigues (13)<br><strong>Ann\u00e9e <\/strong>: 2018<br><strong>MOA <\/strong>: Bouygues Immobilier, Vinci Immobilier<br><strong>MOE <\/strong>: Rougerie+Tangram (R\u00e9mi Junquera, salari\u00e9)<\/em><\/p>\n<\/div>\n<\/div>\n\n\n\n<div style=\"height:58px\" aria-hidden=\"true\" class=\"wp-block-spacer\"><\/div>\n\n\n\n<hr class=\"wp-block-separator alignfull has-alpha-channel-opacity\"\/>\n","protected":false},"excerpt":{"rendered":"<p>\u00ab Habiter entre la pin\u00e8de, la garrigue et les champs \u00bb Situ\u00e9 au nord de la ville de Martigues, le lieu-dit Courtine est un espace naturel compos\u00e9 de pin\u00e8de, de garrigue et de d\u00e9laiss\u00e9s agricoles, identifi\u00e9 comme urbanisable dans le Plan local d\u2019urbanisme. Le projet consiste ainsi \u00e0 pr\u00e9server au maximum les caract\u00e9ristiques naturelles du [&hellip;]<\/p>\n","protected":false},"author":1,"featured_media":0,"parent":0,"menu_order":0,"comment_status":"closed","ping_status":"closed","template":"","meta":{"footnotes":""},"yoast_head":"<!-- This site is optimized with the Yoast SEO plugin v22.9 - https:\/\/yoast.com\/wordpress\/plugins\/seo\/ -->\n<title>\u00e9coquartier agricole | R\u00e9mi Junquera<\/title>\n<meta name=\"robots\" content=\"index, follow, max-snippet:-1, max-image-preview:large, max-video-preview:-1\" \/>\n<link rel=\"canonical\" href=\"https:\/\/remi-junquera.com\/index.php\/ecoquartier-agricole\/\" \/>\n<meta property=\"og:locale\" content=\"fr_FR\" \/>\n<meta property=\"og:type\" content=\"article\" \/>\n<meta property=\"og:title\" content=\"\u00e9coquartier agricole | R\u00e9mi Junquera\" \/>\n<meta property=\"og:description\" content=\"\u00ab Habiter entre la pin\u00e8de, la garrigue et les champs \u00bb Situ\u00e9 au nord de la ville de Martigues, le lieu-dit Courtine est un espace naturel compos\u00e9 de pin\u00e8de, de garrigue et de d\u00e9laiss\u00e9s agricoles, identifi\u00e9 comme urbanisable dans le Plan local d\u2019urbanisme. Le projet consiste ainsi \u00e0 pr\u00e9server au maximum les caract\u00e9ristiques naturelles du [&hellip;]\" \/>\n<meta property=\"og:url\" content=\"https:\/\/remi-junquera.com\/index.php\/ecoquartier-agricole\/\" \/>\n<meta property=\"og:site_name\" content=\"R\u00e9mi Junquera\" \/>\n<meta property=\"article:modified_time\" content=\"2025-02-25T09:00:26+00:00\" \/>\n<meta property=\"og:image\" content=\"https:\/\/remi-junquera.com\/wp-content\/uploads\/2024\/06\/V2-VEGE-1-scaled.jpg\" \/>\n<meta name=\"twitter:card\" content=\"summary_large_image\" \/>\n<meta name=\"twitter:label1\" content=\"Dur\u00e9e de lecture estim\u00e9e\" \/>\n\t<meta name=\"twitter:data1\" content=\"2 minutes\" \/>\n<script type=\"application\/ld+json\" class=\"yoast-schema-graph\">{\"@context\":\"https:\/\/schema.org\",\"@graph\":[{\"@type\":\"WebPage\",\"@id\":\"https:\/\/remi-junquera.com\/index.php\/ecoquartier-agricole\/\",\"url\":\"https:\/\/remi-junquera.com\/index.php\/ecoquartier-agricole\/\",\"name\":\"\u00e9coquartier agricole | R\u00e9mi Junquera\",\"isPartOf\":{\"@id\":\"https:\/\/remi-junquera.com\/#website\"},\"primaryImageOfPage\":{\"@id\":\"https:\/\/remi-junquera.com\/index.php\/ecoquartier-agricole\/#primaryimage\"},\"image\":{\"@id\":\"https:\/\/remi-junquera.com\/index.php\/ecoquartier-agricole\/#primaryimage\"},\"thumbnailUrl\":\"https:\/\/remi-junquera.com\/wp-content\/uploads\/2024\/06\/V2-VEGE-1-scaled.jpg\",\"datePublished\":\"2024-06-07T10:36:44+00:00\",\"dateModified\":\"2025-02-25T09:00:26+00:00\",\"breadcrumb\":{\"@id\":\"https:\/\/remi-junquera.com\/index.php\/ecoquartier-agricole\/#breadcrumb\"},\"inLanguage\":\"fr-FR\",\"potentialAction\":[{\"@type\":\"ReadAction\",\"target\":[\"https:\/\/remi-junquera.com\/index.php\/ecoquartier-agricole\/\"]}]},{\"@type\":\"ImageObject\",\"inLanguage\":\"fr-FR\",\"@id\":\"https:\/\/remi-junquera.com\/index.php\/ecoquartier-agricole\/#primaryimage\",\"url\":\"https:\/\/remi-junquera.com\/wp-content\/uploads\/2024\/06\/V2-VEGE-1-scaled.jpg\",\"contentUrl\":\"https:\/\/remi-junquera.com\/wp-content\/uploads\/2024\/06\/V2-VEGE-1-scaled.jpg\",\"width\":2560,\"height\":1720,\"caption\":\"Plan d'am\u00e9nagement dessin\u00e9 \u00e0 la main d'un agroquartier\"},{\"@type\":\"BreadcrumbList\",\"@id\":\"https:\/\/remi-junquera.com\/index.php\/ecoquartier-agricole\/#breadcrumb\",\"itemListElement\":[{\"@type\":\"ListItem\",\"position\":1,\"name\":\"Accueil\",\"item\":\"https:\/\/remi-junquera.com\/\"},{\"@type\":\"ListItem\",\"position\":2,\"name\":\"\u00e9coquartier agricole\"}]},{\"@type\":\"WebSite\",\"@id\":\"https:\/\/remi-junquera.com\/#website\",\"url\":\"https:\/\/remi-junquera.com\/\",\"name\":\"R\u00e9mi Junquera\",\"description\":\"Architecture Urbanisme Agriculture\",\"publisher\":{\"@id\":\"https:\/\/remi-junquera.com\/#organization\"},\"potentialAction\":[{\"@type\":\"SearchAction\",\"target\":{\"@type\":\"EntryPoint\",\"urlTemplate\":\"https:\/\/remi-junquera.com\/?s={search_term_string}\"},\"query-input\":\"required name=search_term_string\"}],\"inLanguage\":\"fr-FR\"},{\"@type\":\"Organization\",\"@id\":\"https:\/\/remi-junquera.com\/#organization\",\"name\":\"R\u00e9mi Junquera\",\"url\":\"https:\/\/remi-junquera.com\/\",\"logo\":{\"@type\":\"ImageObject\",\"inLanguage\":\"fr-FR\",\"@id\":\"https:\/\/remi-junquera.com\/#\/schema\/logo\/image\/\",\"url\":\"https:\/\/remi-junquera.com\/wp-content\/uploads\/2024\/06\/logo-Remi-Junquera-HD.png\",\"contentUrl\":\"https:\/\/remi-junquera.com\/wp-content\/uploads\/2024\/06\/logo-Remi-Junquera-HD.png\",\"width\":4430,\"height\":947,\"caption\":\"R\u00e9mi Junquera\"},\"image\":{\"@id\":\"https:\/\/remi-junquera.com\/#\/schema\/logo\/image\/\"},\"sameAs\":[\"http:\/\/linkedin.com\/in\/r\u00e9mi-junquera\"]}]}<\/script>\n<!-- \/ Yoast SEO plugin. -->","yoast_head_json":{"title":"\u00e9coquartier agricole | R\u00e9mi Junquera","robots":{"index":"index","follow":"follow","max-snippet":"max-snippet:-1","max-image-preview":"max-image-preview:large","max-video-preview":"max-video-preview:-1"},"canonical":"https:\/\/remi-junquera.com\/index.php\/ecoquartier-agricole\/","og_locale":"fr_FR","og_type":"article","og_title":"\u00e9coquartier agricole | R\u00e9mi Junquera","og_description":"\u00ab Habiter entre la pin\u00e8de, la garrigue et les champs \u00bb Situ\u00e9 au nord de la ville de Martigues, le lieu-dit Courtine est un espace naturel compos\u00e9 de pin\u00e8de, de garrigue et de d\u00e9laiss\u00e9s agricoles, identifi\u00e9 comme urbanisable dans le Plan local d\u2019urbanisme. Le projet consiste ainsi \u00e0 pr\u00e9server au maximum les caract\u00e9ristiques naturelles du [&hellip;]","og_url":"https:\/\/remi-junquera.com\/index.php\/ecoquartier-agricole\/","og_site_name":"R\u00e9mi Junquera","article_modified_time":"2025-02-25T09:00:26+00:00","og_image":[{"url":"https:\/\/remi-junquera.com\/wp-content\/uploads\/2024\/06\/V2-VEGE-1-scaled.jpg"}],"twitter_card":"summary_large_image","twitter_misc":{"Dur\u00e9e de lecture estim\u00e9e":"2 minutes"},"schema":{"@context":"https:\/\/schema.org","@graph":[{"@type":"WebPage","@id":"https:\/\/remi-junquera.com\/index.php\/ecoquartier-agricole\/","url":"https:\/\/remi-junquera.com\/index.php\/ecoquartier-agricole\/","name":"\u00e9coquartier agricole | R\u00e9mi Junquera","isPartOf":{"@id":"https:\/\/remi-junquera.com\/#website"},"primaryImageOfPage":{"@id":"https:\/\/remi-junquera.com\/index.php\/ecoquartier-agricole\/#primaryimage"},"image":{"@id":"https:\/\/remi-junquera.com\/index.php\/ecoquartier-agricole\/#primaryimage"},"thumbnailUrl":"https:\/\/remi-junquera.com\/wp-content\/uploads\/2024\/06\/V2-VEGE-1-scaled.jpg","datePublished":"2024-06-07T10:36:44+00:00","dateModified":"2025-02-25T09:00:26+00:00","breadcrumb":{"@id":"https:\/\/remi-junquera.com\/index.php\/ecoquartier-agricole\/#breadcrumb"},"inLanguage":"fr-FR","potentialAction":[{"@type":"ReadAction","target":["https:\/\/remi-junquera.com\/index.php\/ecoquartier-agricole\/"]}]},{"@type":"ImageObject","inLanguage":"fr-FR","@id":"https:\/\/remi-junquera.com\/index.php\/ecoquartier-agricole\/#primaryimage","url":"https:\/\/remi-junquera.com\/wp-content\/uploads\/2024\/06\/V2-VEGE-1-scaled.jpg","contentUrl":"https:\/\/remi-junquera.com\/wp-content\/uploads\/2024\/06\/V2-VEGE-1-scaled.jpg","width":2560,"height":1720,"caption":"Plan d'am\u00e9nagement dessin\u00e9 \u00e0 la main d'un agroquartier"},{"@type":"BreadcrumbList","@id":"https:\/\/remi-junquera.com\/index.php\/ecoquartier-agricole\/#breadcrumb","itemListElement":[{"@type":"ListItem","position":1,"name":"Accueil","item":"https:\/\/remi-junquera.com\/"},{"@type":"ListItem","position":2,"name":"\u00e9coquartier agricole"}]},{"@type":"WebSite","@id":"https:\/\/remi-junquera.com\/#website","url":"https:\/\/remi-junquera.com\/","name":"R\u00e9mi Junquera","description":"Architecture Urbanisme Agriculture","publisher":{"@id":"https:\/\/remi-junquera.com\/#organization"},"potentialAction":[{"@type":"SearchAction","target":{"@type":"EntryPoint","urlTemplate":"https:\/\/remi-junquera.com\/?s={search_term_string}"},"query-input":"required name=search_term_string"}],"inLanguage":"fr-FR"},{"@type":"Organization","@id":"https:\/\/remi-junquera.com\/#organization","name":"R\u00e9mi Junquera","url":"https:\/\/remi-junquera.com\/","logo":{"@type":"ImageObject","inLanguage":"fr-FR","@id":"https:\/\/remi-junquera.com\/#\/schema\/logo\/image\/","url":"https:\/\/remi-junquera.com\/wp-content\/uploads\/2024\/06\/logo-Remi-Junquera-HD.png","contentUrl":"https:\/\/remi-junquera.com\/wp-content\/uploads\/2024\/06\/logo-Remi-Junquera-HD.png","width":4430,"height":947,"caption":"R\u00e9mi Junquera"},"image":{"@id":"https:\/\/remi-junquera.com\/#\/schema\/logo\/image\/"},"sameAs":["http:\/\/linkedin.com\/in\/r\u00e9mi-junquera"]}]}},"jetpack_sharing_enabled":true,"_links":{"self":[{"href":"https:\/\/remi-junquera.com\/index.php\/wp-json\/wp\/v2\/pages\/244"}],"collection":[{"href":"https:\/\/remi-junquera.com\/index.php\/wp-json\/wp\/v2\/pages"}],"about":[{"href":"https:\/\/remi-junquera.com\/index.php\/wp-json\/wp\/v2\/types\/page"}],"author":[{"embeddable":true,"href":"https:\/\/remi-junquera.com\/index.php\/wp-json\/wp\/v2\/users\/1"}],"replies":[{"embeddable":true,"href":"https:\/\/remi-junquera.com\/index.php\/wp-json\/wp\/v2\/comments?post=244"}],"version-history":[{"count":10,"href":"https:\/\/remi-junquera.com\/index.php\/wp-json\/wp\/v2\/pages\/244\/revisions"}],"predecessor-version":[{"id":1352,"href":"https:\/\/remi-junquera.com\/index.php\/wp-json\/wp\/v2\/pages\/244\/revisions\/1352"}],"wp:attachment":[{"href":"https:\/\/remi-junquera.com\/index.php\/wp-json\/wp\/v2\/media?parent=244"}],"curies":[{"name":"wp","href":"https:\/\/api.w.org\/{rel}","templated":true}]}}