{"id":246,"date":"2024-06-07T12:37:27","date_gmt":"2024-06-07T10:37:27","guid":{"rendered":"https:\/\/remi-junquera.com\/?page_id=246"},"modified":"2025-02-25T09:56:43","modified_gmt":"2025-02-25T08:56:43","slug":"serre-agricole-au-dessus-de-places-de-stationnement","status":"publish","type":"page","link":"https:\/\/remi-junquera.com\/index.php\/serre-agricole-au-dessus-de-places-de-stationnement\/","title":{"rendered":"Serre agricole au-dessus de places de stationnement"},"content":{"rendered":"\n<div class=\"wp-block-cover alignfull has-parallax wp-duotone-unset-1\" style=\"margin-top:0;margin-bottom:0;padding-top:17%;padding-bottom:0rem;min-height:800px;aspect-ratio:unset;\"><span aria-hidden=\"true\" class=\"wp-block-cover__background has-black-background-color has-background-dim-40 has-background-dim\"><\/span><div class=\"wp-block-cover__image-background wp-image-307 has-parallax\" style=\"background-position:50% 50%;background-image:url(https:\/\/remi-junquera.com\/wp-content\/uploads\/2024\/06\/Serres-agricoles-hors-sol-\u00a9RougerieTangram.jpg)\"><\/div><div class=\"wp-block-cover__inner-container has-global-padding is-layout-constrained wp-container-core-cover-is-layout-1 wp-block-cover-is-layout-constrained\">\n<div class=\"wp-block-group has-global-padding is-layout-constrained wp-block-group-is-layout-constrained\" style=\"min-height:520px\">\n<h1 class=\"wp-block-heading has-text-align-center\" style=\"font-size:clamp(29.768px, 1.861rem + ((1vw - 3.2px) * 2.526), 52px);\">SERRE AGRICOLE <br>AU-DESSUS <br>DE PLACES DE STATIONNEMENT<\/h1>\n<\/div>\n<\/div><\/div>\n\n\n\n<div class=\"wp-block-group alignfull has-background has-global-padding is-layout-constrained wp-block-group-is-layout-constrained\" style=\"background-color:#ffffff\">\n<div style=\"height:58px\" aria-hidden=\"true\" class=\"wp-block-spacer\"><\/div>\n\n\n\n<h4 class=\"wp-block-heading alignwide has-text-align-center has-text-color has-link-color wp-elements-42a750250c936b6e917f511e19141737\" style=\"color:#000000;margin-top:0;margin-right:0;margin-bottom:0;margin-left:0;padding-top:0;padding-right:0;padding-bottom:0;padding-left:0\">\u00ab Faire d&rsquo;une contrainte urbaine, une force agricole \u00bb<\/h4>\n\n\n\n<div style=\"height:58px\" aria-hidden=\"true\" class=\"wp-block-spacer\"><\/div>\n<\/div>\n\n\n\n<figure class=\"wp-block-image alignwide size-full has-custom-border\"><img fetchpriority=\"high\" decoding=\"async\" width=\"2560\" height=\"1440\" src=\"https:\/\/remi-junquera.com\/wp-content\/uploads\/2024\/06\/dessin-2-sallaz-2-scaled.jpg\" alt=\"\" class=\"wp-image-479\" style=\"border-style:none;border-width:0px\" srcset=\"https:\/\/remi-junquera.com\/wp-content\/uploads\/2024\/06\/dessin-2-sallaz-2-scaled.jpg 2560w, https:\/\/remi-junquera.com\/wp-content\/uploads\/2024\/06\/dessin-2-sallaz-2-300x169.jpg 300w, https:\/\/remi-junquera.com\/wp-content\/uploads\/2024\/06\/dessin-2-sallaz-2-1024x576.jpg 1024w, https:\/\/remi-junquera.com\/wp-content\/uploads\/2024\/06\/dessin-2-sallaz-2-768x432.jpg 768w, https:\/\/remi-junquera.com\/wp-content\/uploads\/2024\/06\/dessin-2-sallaz-2-1536x864.jpg 1536w, https:\/\/remi-junquera.com\/wp-content\/uploads\/2024\/06\/dessin-2-sallaz-2-2048x1152.jpg 2048w\" sizes=\"(max-width: 2560px) 100vw, 2560px\" \/><\/figure>\n\n\n\n<div style=\"height:58px\" aria-hidden=\"true\" class=\"wp-block-spacer\"><\/div>\n\n\n\n<div class=\"wp-block-columns alignwide is-layout-flex wp-container-core-columns-is-layout-1 wp-block-columns-is-layout-flex\">\n<div class=\"wp-block-column is-layout-flow wp-block-column-is-layout-flow\">\n<p class=\"has-text-align-justify\">En parall\u00e8le du projet de <a href=\"https:\/\/remi-junquera.com\/index.php\/ferme-urbaine-diffuse\/\" data-type=\"page\" data-id=\"238\">ferme urbaine diffuse<\/a>, est n\u00e9e une id\u00e9e qui consiste \u00e0<strong> concevoir, pr\u00e9-construire et installer un prototype<\/strong> innovant de \u00ab serre agricole au-dessus de stationnement \u00bb. <br><br>Les lin\u00e9aires de places de stationnement ont \u00e9t\u00e9 identifi\u00e9s comme un potentiel important pour <strong>multiplier les surfaces agricoles et transformer le paysage sensible<\/strong>. Compos\u00e9e de <strong>modules pr\u00e9fabriqu\u00e9s<\/strong>, la serre est con\u00e7ue pour \u00eatre <strong>facilement transportable et d\u00e9montable<\/strong>.<\/p>\n\n\n\n<p class=\"has-text-align-justify\">Ce prototype met en synergie des acteurs de la construction que sont les architectes, les entreprises de construction et les fabricants de mat\u00e9riaux, avec ceux du monde agricole, les bailleurs sociaux, les am\u00e9nageurs, les promoteurs et les collectivit\u00e9s territoriales. Le prototype est \u00e0 l\u2019articulation entre <strong>recherche scientifique et r\u00e9alit\u00e9 pratique<\/strong>, entre la technique et les ambiances v\u00e9cues. C\u2019est un d\u00e9monstrateur de ce que peut \u00eatre un quartier agricole urbain et renvoie plus globalement \u00e0 nos modes de vie et \u00e0 nos choix de soci\u00e9t\u00e9.<\/p>\n<\/div>\n\n\n\n<div class=\"wp-block-column is-vertically-aligned-bottom is-layout-flow wp-block-column-is-layout-flow\">\n<p class=\"has-text-align-left\" style=\"font-size:clamp(14px, 0.875rem + ((1vw - 3.2px) * 0.114), 15px);line-height:2\"><em><strong>Programme<\/strong> : cr\u00e9ation d\u2019un prototype de serre agricole au-dessus de places de stationnement. Exp\u00e9rimentation r\u00e9alis\u00e9e dans le cadre de la th\u00e8se.<br><strong>Lieu<\/strong> : Villefontaine (38)<br><strong>Ann\u00e9e <\/strong>: 2019 &#8211; en cours<br><strong>MOA <\/strong>: \u00c9cole nationale d&rsquo;architecture de Lyon<br><strong>MOE <\/strong>: EVS-LAURE, AAU-CRESSON, Chaire \u00ab Habitat du futur \u00bb, Rougerie+Tangram, R\u00e9mi Junquera, Les Grands Ateliers<\/em><\/p>\n<\/div>\n<\/div>\n\n\n\n<div style=\"height:58px\" aria-hidden=\"true\" class=\"wp-block-spacer\"><\/div>\n\n\n\n<figure class=\"wp-block-image alignwide size-full\"><img decoding=\"async\" width=\"2560\" height=\"1920\" src=\"https:\/\/remi-junquera.com\/wp-content\/uploads\/2024\/06\/IMG_20211028_122051-scaled.jpg\" alt=\"\" class=\"wp-image-480\" srcset=\"https:\/\/remi-junquera.com\/wp-content\/uploads\/2024\/06\/IMG_20211028_122051-scaled.jpg 2560w, https:\/\/remi-junquera.com\/wp-content\/uploads\/2024\/06\/IMG_20211028_122051-300x225.jpg 300w, https:\/\/remi-junquera.com\/wp-content\/uploads\/2024\/06\/IMG_20211028_122051-1024x768.jpg 1024w, https:\/\/remi-junquera.com\/wp-content\/uploads\/2024\/06\/IMG_20211028_122051-768x576.jpg 768w, https:\/\/remi-junquera.com\/wp-content\/uploads\/2024\/06\/IMG_20211028_122051-1536x1152.jpg 1536w, https:\/\/remi-junquera.com\/wp-content\/uploads\/2024\/06\/IMG_20211028_122051-2048x1536.jpg 2048w\" sizes=\"(max-width: 2560px) 100vw, 2560px\" \/><\/figure>\n\n\n\n<figure class=\"wp-block-image alignwide size-full has-custom-border\"><img decoding=\"async\" width=\"2560\" height=\"1920\" src=\"https:\/\/remi-junquera.com\/wp-content\/uploads\/2025\/02\/SAPS-aux-Grands-Ateliers-photo-Olivier-Balay-scaled.jpg\" alt=\"\" class=\"wp-image-1340\" style=\"border-style:none;border-width:0px\" srcset=\"https:\/\/remi-junquera.com\/wp-content\/uploads\/2025\/02\/SAPS-aux-Grands-Ateliers-photo-Olivier-Balay-scaled.jpg 2560w, https:\/\/remi-junquera.com\/wp-content\/uploads\/2025\/02\/SAPS-aux-Grands-Ateliers-photo-Olivier-Balay-300x225.jpg 300w, https:\/\/remi-junquera.com\/wp-content\/uploads\/2025\/02\/SAPS-aux-Grands-Ateliers-photo-Olivier-Balay-1024x768.jpg 1024w, https:\/\/remi-junquera.com\/wp-content\/uploads\/2025\/02\/SAPS-aux-Grands-Ateliers-photo-Olivier-Balay-768x576.jpg 768w, https:\/\/remi-junquera.com\/wp-content\/uploads\/2025\/02\/SAPS-aux-Grands-Ateliers-photo-Olivier-Balay-1536x1152.jpg 1536w, https:\/\/remi-junquera.com\/wp-content\/uploads\/2025\/02\/SAPS-aux-Grands-Ateliers-photo-Olivier-Balay-2048x1536.jpg 2048w\" sizes=\"(max-width: 2560px) 100vw, 2560px\" \/><\/figure>\n\n\n\n<figure class=\"wp-block-image alignwide size-full has-custom-border\"><img loading=\"lazy\" decoding=\"async\" width=\"2560\" height=\"1920\" src=\"https:\/\/remi-junquera.com\/wp-content\/uploads\/2025\/02\/IMG_1478-scaled.jpg\" alt=\"\" class=\"wp-image-1341\" style=\"border-style:none;border-width:0px\" srcset=\"https:\/\/remi-junquera.com\/wp-content\/uploads\/2025\/02\/IMG_1478-scaled.jpg 2560w, https:\/\/remi-junquera.com\/wp-content\/uploads\/2025\/02\/IMG_1478-300x225.jpg 300w, https:\/\/remi-junquera.com\/wp-content\/uploads\/2025\/02\/IMG_1478-1024x768.jpg 1024w, https:\/\/remi-junquera.com\/wp-content\/uploads\/2025\/02\/IMG_1478-768x576.jpg 768w, https:\/\/remi-junquera.com\/wp-content\/uploads\/2025\/02\/IMG_1478-1536x1152.jpg 1536w, https:\/\/remi-junquera.com\/wp-content\/uploads\/2025\/02\/IMG_1478-2048x1536.jpg 2048w\" sizes=\"(max-width: 2560px) 100vw, 2560px\" \/><\/figure>\n\n\n\n<div style=\"height:58px\" aria-hidden=\"true\" class=\"wp-block-spacer\"><\/div>\n\n\n\n<div class=\"wp-block-buttons is-content-justification-center is-layout-flex wp-container-core-buttons-is-layout-1 wp-block-buttons-is-layout-flex\" style=\"margin-top:0;margin-bottom:0\">\n<div class=\"wp-block-button hvr-grow\"><a class=\"wp-block-button__link has-text-color has-background has-link-color wp-element-button\" href=\"https:\/\/hal.science\/tel-04550877v1\" style=\"border-style:none;border-width:0px;border-radius:0px;color:#ffffff;background-color:#355b2b\">VOIR LA TH\u00c8SE<\/a><\/div>\n<\/div>\n\n\n\n<div class=\"wp-block-group has-global-padding is-content-justification-left is-layout-constrained wp-container-core-group-is-layout-3 wp-block-group-is-layout-constrained\">\n<div style=\"height:58px\" aria-hidden=\"true\" class=\"wp-block-spacer\"><\/div>\n<\/div>\n\n\n\n<hr class=\"wp-block-separator alignfull has-alpha-channel-opacity\"\/>\n","protected":false},"excerpt":{"rendered":"<p>\u00ab Faire d&rsquo;une contrainte urbaine, une force agricole \u00bb En parall\u00e8le du projet de ferme urbaine diffuse, est n\u00e9e une id\u00e9e qui consiste \u00e0 concevoir, pr\u00e9-construire et installer un prototype innovant de \u00ab serre agricole au-dessus de stationnement \u00bb. Les lin\u00e9aires de places de stationnement ont \u00e9t\u00e9 identifi\u00e9s comme un potentiel important pour multiplier les [&hellip;]<\/p>\n","protected":false},"author":1,"featured_media":0,"parent":0,"menu_order":0,"comment_status":"closed","ping_status":"closed","template":"","meta":{"footnotes":""},"yoast_head":"<!-- This site is optimized with the Yoast SEO plugin v22.9 - https:\/\/yoast.com\/wordpress\/plugins\/seo\/ -->\n<title>Serre agricole au-dessus de places de stationnement | R\u00e9mi Junquera<\/title>\n<meta name=\"description\" content=\"D\u00e9couvrez le projet de serre agricole au-dessus de places de stationnement imagin\u00e9 \u00e0 Annemasse et r\u00e9alis\u00e9 \u00e0 Lyon.\" \/>\n<meta name=\"robots\" content=\"index, follow, max-snippet:-1, max-image-preview:large, max-video-preview:-1\" \/>\n<link rel=\"canonical\" href=\"https:\/\/remi-junquera.com\/index.php\/serre-agricole-au-dessus-de-places-de-stationnement\/\" \/>\n<meta property=\"og:locale\" content=\"fr_FR\" \/>\n<meta property=\"og:type\" content=\"article\" \/>\n<meta property=\"og:title\" content=\"Serre agricole au-dessus de places de stationnement | R\u00e9mi Junquera\" \/>\n<meta property=\"og:description\" content=\"D\u00e9couvrez le projet de serre agricole au-dessus de places de stationnement imagin\u00e9 \u00e0 Annemasse et r\u00e9alis\u00e9 \u00e0 Lyon.\" \/>\n<meta property=\"og:url\" content=\"https:\/\/remi-junquera.com\/index.php\/serre-agricole-au-dessus-de-places-de-stationnement\/\" \/>\n<meta property=\"og:site_name\" content=\"R\u00e9mi Junquera\" \/>\n<meta property=\"article:modified_time\" content=\"2025-02-25T08:56:43+00:00\" \/>\n<meta property=\"og:image\" content=\"https:\/\/remi-junquera.com\/wp-content\/uploads\/2024\/06\/dessin-2-sallaz-2-scaled.jpg\" \/>\n<meta name=\"twitter:card\" content=\"summary_large_image\" \/>\n<meta name=\"twitter:label1\" content=\"Dur\u00e9e de lecture estim\u00e9e\" \/>\n\t<meta name=\"twitter:data1\" content=\"2 minutes\" \/>\n<script type=\"application\/ld+json\" class=\"yoast-schema-graph\">{\"@context\":\"https:\/\/schema.org\",\"@graph\":[{\"@type\":\"WebPage\",\"@id\":\"https:\/\/remi-junquera.com\/index.php\/serre-agricole-au-dessus-de-places-de-stationnement\/\",\"url\":\"https:\/\/remi-junquera.com\/index.php\/serre-agricole-au-dessus-de-places-de-stationnement\/\",\"name\":\"Serre agricole au-dessus de places de stationnement | R\u00e9mi Junquera\",\"isPartOf\":{\"@id\":\"https:\/\/remi-junquera.com\/#website\"},\"primaryImageOfPage\":{\"@id\":\"https:\/\/remi-junquera.com\/index.php\/serre-agricole-au-dessus-de-places-de-stationnement\/#primaryimage\"},\"image\":{\"@id\":\"https:\/\/remi-junquera.com\/index.php\/serre-agricole-au-dessus-de-places-de-stationnement\/#primaryimage\"},\"thumbnailUrl\":\"https:\/\/remi-junquera.com\/wp-content\/uploads\/2024\/06\/dessin-2-sallaz-2-scaled.jpg\",\"datePublished\":\"2024-06-07T10:37:27+00:00\",\"dateModified\":\"2025-02-25T08:56:43+00:00\",\"description\":\"D\u00e9couvrez le projet de serre agricole au-dessus de places de stationnement imagin\u00e9 \u00e0 Annemasse et r\u00e9alis\u00e9 \u00e0 Lyon.\",\"breadcrumb\":{\"@id\":\"https:\/\/remi-junquera.com\/index.php\/serre-agricole-au-dessus-de-places-de-stationnement\/#breadcrumb\"},\"inLanguage\":\"fr-FR\",\"potentialAction\":[{\"@type\":\"ReadAction\",\"target\":[\"https:\/\/remi-junquera.com\/index.php\/serre-agricole-au-dessus-de-places-de-stationnement\/\"]}]},{\"@type\":\"ImageObject\",\"inLanguage\":\"fr-FR\",\"@id\":\"https:\/\/remi-junquera.com\/index.php\/serre-agricole-au-dessus-de-places-de-stationnement\/#primaryimage\",\"url\":\"https:\/\/remi-junquera.com\/wp-content\/uploads\/2024\/06\/dessin-2-sallaz-2-scaled.jpg\",\"contentUrl\":\"https:\/\/remi-junquera.com\/wp-content\/uploads\/2024\/06\/dessin-2-sallaz-2-scaled.jpg\",\"width\":2560,\"height\":1440,\"caption\":\"Dessin \u00e0 la main de la ferme urbaine diffuse et des serres agricoles\"},{\"@type\":\"BreadcrumbList\",\"@id\":\"https:\/\/remi-junquera.com\/index.php\/serre-agricole-au-dessus-de-places-de-stationnement\/#breadcrumb\",\"itemListElement\":[{\"@type\":\"ListItem\",\"position\":1,\"name\":\"Accueil\",\"item\":\"https:\/\/remi-junquera.com\/\"},{\"@type\":\"ListItem\",\"position\":2,\"name\":\"Serre agricole au-dessus de places de stationnement\"}]},{\"@type\":\"WebSite\",\"@id\":\"https:\/\/remi-junquera.com\/#website\",\"url\":\"https:\/\/remi-junquera.com\/\",\"name\":\"R\u00e9mi Junquera\",\"description\":\"Architecture Urbanisme Agriculture\",\"publisher\":{\"@id\":\"https:\/\/remi-junquera.com\/#organization\"},\"potentialAction\":[{\"@type\":\"SearchAction\",\"target\":{\"@type\":\"EntryPoint\",\"urlTemplate\":\"https:\/\/remi-junquera.com\/?s={search_term_string}\"},\"query-input\":\"required name=search_term_string\"}],\"inLanguage\":\"fr-FR\"},{\"@type\":\"Organization\",\"@id\":\"https:\/\/remi-junquera.com\/#organization\",\"name\":\"R\u00e9mi Junquera\",\"url\":\"https:\/\/remi-junquera.com\/\",\"logo\":{\"@type\":\"ImageObject\",\"inLanguage\":\"fr-FR\",\"@id\":\"https:\/\/remi-junquera.com\/#\/schema\/logo\/image\/\",\"url\":\"https:\/\/remi-junquera.com\/wp-content\/uploads\/2024\/06\/logo-Remi-Junquera-HD.png\",\"contentUrl\":\"https:\/\/remi-junquera.com\/wp-content\/uploads\/2024\/06\/logo-Remi-Junquera-HD.png\",\"width\":4430,\"height\":947,\"caption\":\"R\u00e9mi Junquera\"},\"image\":{\"@id\":\"https:\/\/remi-junquera.com\/#\/schema\/logo\/image\/\"},\"sameAs\":[\"http:\/\/linkedin.com\/in\/r\u00e9mi-junquera\"]}]}<\/script>\n<!-- \/ Yoast SEO plugin. -->","yoast_head_json":{"title":"Serre agricole au-dessus de places de stationnement | R\u00e9mi Junquera","description":"D\u00e9couvrez le projet de serre agricole au-dessus de places de stationnement imagin\u00e9 \u00e0 Annemasse et r\u00e9alis\u00e9 \u00e0 Lyon.","robots":{"index":"index","follow":"follow","max-snippet":"max-snippet:-1","max-image-preview":"max-image-preview:large","max-video-preview":"max-video-preview:-1"},"canonical":"https:\/\/remi-junquera.com\/index.php\/serre-agricole-au-dessus-de-places-de-stationnement\/","og_locale":"fr_FR","og_type":"article","og_title":"Serre agricole au-dessus de places de stationnement | R\u00e9mi Junquera","og_description":"D\u00e9couvrez le projet de serre agricole au-dessus de places de stationnement imagin\u00e9 \u00e0 Annemasse et r\u00e9alis\u00e9 \u00e0 Lyon.","og_url":"https:\/\/remi-junquera.com\/index.php\/serre-agricole-au-dessus-de-places-de-stationnement\/","og_site_name":"R\u00e9mi Junquera","article_modified_time":"2025-02-25T08:56:43+00:00","og_image":[{"url":"https:\/\/remi-junquera.com\/wp-content\/uploads\/2024\/06\/dessin-2-sallaz-2-scaled.jpg"}],"twitter_card":"summary_large_image","twitter_misc":{"Dur\u00e9e de lecture estim\u00e9e":"2 minutes"},"schema":{"@context":"https:\/\/schema.org","@graph":[{"@type":"WebPage","@id":"https:\/\/remi-junquera.com\/index.php\/serre-agricole-au-dessus-de-places-de-stationnement\/","url":"https:\/\/remi-junquera.com\/index.php\/serre-agricole-au-dessus-de-places-de-stationnement\/","name":"Serre agricole au-dessus de places de stationnement | R\u00e9mi Junquera","isPartOf":{"@id":"https:\/\/remi-junquera.com\/#website"},"primaryImageOfPage":{"@id":"https:\/\/remi-junquera.com\/index.php\/serre-agricole-au-dessus-de-places-de-stationnement\/#primaryimage"},"image":{"@id":"https:\/\/remi-junquera.com\/index.php\/serre-agricole-au-dessus-de-places-de-stationnement\/#primaryimage"},"thumbnailUrl":"https:\/\/remi-junquera.com\/wp-content\/uploads\/2024\/06\/dessin-2-sallaz-2-scaled.jpg","datePublished":"2024-06-07T10:37:27+00:00","dateModified":"2025-02-25T08:56:43+00:00","description":"D\u00e9couvrez le projet de serre agricole au-dessus de places de stationnement imagin\u00e9 \u00e0 Annemasse et r\u00e9alis\u00e9 \u00e0 Lyon.","breadcrumb":{"@id":"https:\/\/remi-junquera.com\/index.php\/serre-agricole-au-dessus-de-places-de-stationnement\/#breadcrumb"},"inLanguage":"fr-FR","potentialAction":[{"@type":"ReadAction","target":["https:\/\/remi-junquera.com\/index.php\/serre-agricole-au-dessus-de-places-de-stationnement\/"]}]},{"@type":"ImageObject","inLanguage":"fr-FR","@id":"https:\/\/remi-junquera.com\/index.php\/serre-agricole-au-dessus-de-places-de-stationnement\/#primaryimage","url":"https:\/\/remi-junquera.com\/wp-content\/uploads\/2024\/06\/dessin-2-sallaz-2-scaled.jpg","contentUrl":"https:\/\/remi-junquera.com\/wp-content\/uploads\/2024\/06\/dessin-2-sallaz-2-scaled.jpg","width":2560,"height":1440,"caption":"Dessin \u00e0 la main de la ferme urbaine diffuse et des serres agricoles"},{"@type":"BreadcrumbList","@id":"https:\/\/remi-junquera.com\/index.php\/serre-agricole-au-dessus-de-places-de-stationnement\/#breadcrumb","itemListElement":[{"@type":"ListItem","position":1,"name":"Accueil","item":"https:\/\/remi-junquera.com\/"},{"@type":"ListItem","position":2,"name":"Serre agricole au-dessus de places de stationnement"}]},{"@type":"WebSite","@id":"https:\/\/remi-junquera.com\/#website","url":"https:\/\/remi-junquera.com\/","name":"R\u00e9mi Junquera","description":"Architecture Urbanisme Agriculture","publisher":{"@id":"https:\/\/remi-junquera.com\/#organization"},"potentialAction":[{"@type":"SearchAction","target":{"@type":"EntryPoint","urlTemplate":"https:\/\/remi-junquera.com\/?s={search_term_string}"},"query-input":"required name=search_term_string"}],"inLanguage":"fr-FR"},{"@type":"Organization","@id":"https:\/\/remi-junquera.com\/#organization","name":"R\u00e9mi Junquera","url":"https:\/\/remi-junquera.com\/","logo":{"@type":"ImageObject","inLanguage":"fr-FR","@id":"https:\/\/remi-junquera.com\/#\/schema\/logo\/image\/","url":"https:\/\/remi-junquera.com\/wp-content\/uploads\/2024\/06\/logo-Remi-Junquera-HD.png","contentUrl":"https:\/\/remi-junquera.com\/wp-content\/uploads\/2024\/06\/logo-Remi-Junquera-HD.png","width":4430,"height":947,"caption":"R\u00e9mi Junquera"},"image":{"@id":"https:\/\/remi-junquera.com\/#\/schema\/logo\/image\/"},"sameAs":["http:\/\/linkedin.com\/in\/r\u00e9mi-junquera"]}]}},"jetpack_sharing_enabled":true,"_links":{"self":[{"href":"https:\/\/remi-junquera.com\/index.php\/wp-json\/wp\/v2\/pages\/246"}],"collection":[{"href":"https:\/\/remi-junquera.com\/index.php\/wp-json\/wp\/v2\/pages"}],"about":[{"href":"https:\/\/remi-junquera.com\/index.php\/wp-json\/wp\/v2\/types\/page"}],"author":[{"embeddable":true,"href":"https:\/\/remi-junquera.com\/index.php\/wp-json\/wp\/v2\/users\/1"}],"replies":[{"embeddable":true,"href":"https:\/\/remi-junquera.com\/index.php\/wp-json\/wp\/v2\/comments?post=246"}],"version-history":[{"count":21,"href":"https:\/\/remi-junquera.com\/index.php\/wp-json\/wp\/v2\/pages\/246\/revisions"}],"predecessor-version":[{"id":1347,"href":"https:\/\/remi-junquera.com\/index.php\/wp-json\/wp\/v2\/pages\/246\/revisions\/1347"}],"wp:attachment":[{"href":"https:\/\/remi-junquera.com\/index.php\/wp-json\/wp\/v2\/media?parent=246"}],"curies":[{"name":"wp","href":"https:\/\/api.w.org\/{rel}","templated":true}]}}