{"id":275,"date":"2024-06-07T15:33:57","date_gmt":"2024-06-07T13:33:57","guid":{"rendered":"https:\/\/remi-junquera.com\/?page_id=275"},"modified":"2024-07-25T12:15:44","modified_gmt":"2024-07-25T10:15:44","slug":"amo","status":"publish","type":"page","link":"https:\/\/remi-junquera.com\/index.php\/amo\/","title":{"rendered":"AMO"},"content":{"rendered":"\n<div class=\"wp-block-cover alignfull has-parallax wp-duotone-unset-1\" style=\"padding-top:17%;padding-bottom:3rem;min-height:801px;aspect-ratio:unset;\"><span aria-hidden=\"true\" class=\"wp-block-cover__background has-black-background-color has-background-dim-40 has-background-dim\"><\/span><div class=\"wp-block-cover__image-background wp-image-367 has-parallax\" style=\"background-position:50% 50%;background-image:url(https:\/\/remi-junquera.com\/wp-content\/uploads\/2024\/06\/Espagne-scaled.jpg)\"><\/div><div class=\"wp-block-cover__inner-container has-global-padding is-layout-constrained wp-container-core-cover-is-layout-1 wp-block-cover-is-layout-constrained\">\n<div class=\"wp-block-group alignwide has-global-padding is-layout-constrained wp-block-group-is-layout-constrained\" style=\"min-height:520px\">\n<h1 class=\"wp-block-heading alignwide has-text-align-center\">Assistance<br>\u00e0 ma\u00eetrise<br>d&rsquo;ouvrage<\/h1>\n<\/div>\n<\/div><\/div>\n\n\n\n<div class=\"wp-block-group has-global-padding is-layout-constrained wp-block-group-is-layout-constrained\">\n<div style=\"height:58px\" aria-hidden=\"true\" class=\"wp-block-spacer\"><\/div>\n\n\n\n<h2 class=\"wp-block-heading has-text-align-left has-text-color has-suranna-font-family\" style=\"color:#000000;margin-top:0.5rem;margin-bottom:0rem;font-size:clamp(24.034px, 1.502rem + ((1vw - 3.2px) * 1.814), 40px);letter-spacing:0px;line-height:1.3\">\u00c9TUDE<br>CONSEIL<br>ACCOMPAGNEMENT<\/h2>\n\n\n\n<hr class=\"wp-block-separator has-alpha-channel-opacity is-style-wide\"\/>\n\n\n\n<p style=\"font-size:clamp(14px, 0.875rem + ((1vw - 3.2px) * 0.455), 18px);\">Mes services sont<strong> adapt\u00e9s aux ma\u00eetrises d\u2019ouvrages publiques et priv\u00e9es<\/strong>. <\/p>\n\n\n\n<p class=\"has-text-align-left\" style=\"font-size:clamp(14px, 0.875rem + ((1vw - 3.2px) * 0.114), 15px);\"><em>Ils s\u2019adressent aux collectivit\u00e9s, aux promoteurs immobiliers, aux bailleurs sociaux, aux entreprises priv\u00e9es, aux agriculteurs et aux agronomes qui souhaitent r\u00e9aliser un projet architectural, urbain ou paysager en lien avec l\u2019agriculture.<\/em><\/p>\n\n\n\n<div style=\"height:58px\" aria-hidden=\"true\" class=\"wp-block-spacer\"><\/div>\n<\/div>\n\n\n\n<div class=\"wp-block-cover alignfull\"><span aria-hidden=\"true\" class=\"wp-block-cover__background has-background-dim-100 has-background-dim\" style=\"background-color:#092a14\"><\/span><div class=\"wp-block-cover__inner-container has-global-padding is-layout-constrained wp-block-cover-is-layout-constrained\">\n<div style=\"height:58px\" aria-hidden=\"true\" class=\"wp-block-spacer\"><\/div>\n\n\n\n<h2 class=\"wp-block-heading has-text-align-center has-text-color has-link-color wp-elements-050df857c81c6ed1c6fe4049ab346faf\" style=\"color:#ffffff;padding-top:0;padding-right:0;padding-bottom:0;padding-left:0;font-size:clamp(24.034px, 1.502rem + ((1vw - 3.2px) * 1.814), 40px);\">Vous aurez \u00e0 vos c\u00f4t\u00e9s<\/h2>\n\n\n\n<div style=\"height:58px\" aria-hidden=\"true\" class=\"wp-block-spacer\"><\/div>\n\n\n\n<div class=\"wp-block-columns alignwide is-layout-flex wp-container-core-columns-is-layout-1 wp-block-columns-is-layout-flex\">\n<div class=\"wp-block-column is-layout-flow wp-block-column-is-layout-flow\">\n<figure class=\"wp-block-image aligncenter size-full is-resized\"><img fetchpriority=\"high\" decoding=\"async\" width=\"285\" height=\"376\" src=\"https:\/\/remi-junquera.com\/wp-content\/uploads\/2024\/06\/noun-medal-6931544.png\" alt=\"\" class=\"wp-image-1026\" style=\"width:93px;height:auto\" srcset=\"https:\/\/remi-junquera.com\/wp-content\/uploads\/2024\/06\/noun-medal-6931544.png 285w, https:\/\/remi-junquera.com\/wp-content\/uploads\/2024\/06\/noun-medal-6931544-227x300.png 227w\" sizes=\"(max-width: 285px) 100vw, 285px\" \/><\/figure>\n\n\n\n<hr class=\"wp-block-separator aligncenter has-alpha-channel-opacity is-style-default\"\/>\n\n\n\n<p class=\"has-text-align-center\" style=\"font-size:clamp(14px, 0.875rem + ((1vw - 3.2px) * 0.455), 18px);\"><strong>Un professionnel d\u00eeplom\u00e9 <\/strong><br><strong>et exp\u00e9riment\u00e9<\/strong><\/p>\n<\/div>\n\n\n\n<div class=\"wp-block-column is-layout-flow wp-block-column-is-layout-flow\">\n<figure class=\"wp-block-image aligncenter size-full is-resized\"><img decoding=\"async\" width=\"126\" height=\"109\" src=\"https:\/\/remi-junquera.com\/wp-content\/uploads\/2024\/06\/noun-speak-5057025-1.png\" alt=\"\" class=\"wp-image-1030\" style=\"width:140px;height:auto\"\/><\/figure>\n\n\n\n<hr class=\"wp-block-separator aligncenter has-alpha-channel-opacity\"\/>\n\n\n\n<p class=\"has-text-align-center\"><strong>Un interlocuteur unique <\/strong><br><strong>et interdisciplinaire<\/strong><\/p>\n<\/div>\n\n\n\n<div class=\"wp-block-column is-layout-flow wp-block-column-is-layout-flow\">\n<figure class=\"wp-block-image aligncenter size-full is-resized\"><img decoding=\"async\" width=\"404\" height=\"401\" src=\"https:\/\/remi-junquera.com\/wp-content\/uploads\/2024\/06\/noun-help-6689158.png\" alt=\"\" class=\"wp-image-1028\" style=\"width:121px;height:auto\" srcset=\"https:\/\/remi-junquera.com\/wp-content\/uploads\/2024\/06\/noun-help-6689158.png 404w, https:\/\/remi-junquera.com\/wp-content\/uploads\/2024\/06\/noun-help-6689158-300x298.png 300w, https:\/\/remi-junquera.com\/wp-content\/uploads\/2024\/06\/noun-help-6689158-150x150.png 150w\" sizes=\"(max-width: 404px) 100vw, 404px\" \/><\/figure>\n\n\n\n<hr class=\"wp-block-separator aligncenter has-alpha-channel-opacity\"\/>\n\n\n\n<p class=\"has-text-align-center\"><strong>Un accompagnement <\/strong><br><strong>et des conseils adapt\u00e9s <\/strong><br><strong>\u00e0 vos besoins<\/strong><\/p>\n<\/div>\n\n\n\n<div class=\"wp-block-column is-layout-flow wp-block-column-is-layout-flow\">\n<figure class=\"wp-block-image aligncenter size-full is-resized\"><img loading=\"lazy\" decoding=\"async\" width=\"395\" height=\"397\" src=\"https:\/\/remi-junquera.com\/wp-content\/uploads\/2024\/06\/noun-bulb-3408499-1.png\" alt=\"\" class=\"wp-image-1024\" style=\"width:113px;height:auto\" srcset=\"https:\/\/remi-junquera.com\/wp-content\/uploads\/2024\/06\/noun-bulb-3408499-1.png 395w, https:\/\/remi-junquera.com\/wp-content\/uploads\/2024\/06\/noun-bulb-3408499-1-298x300.png 298w, https:\/\/remi-junquera.com\/wp-content\/uploads\/2024\/06\/noun-bulb-3408499-1-150x150.png 150w\" sizes=\"(max-width: 395px) 100vw, 395px\" \/><\/figure>\n\n\n\n<hr class=\"wp-block-separator aligncenter has-alpha-channel-opacity\"\/>\n\n\n\n<p class=\"has-text-align-center\"><strong>Une expertise compl\u00e8te <\/strong><br><strong>en mati\u00e8re d&rsquo;architecture, d&rsquo;urbanisme et d&rsquo;agriculture<\/strong><\/p>\n<\/div>\n<\/div>\n\n\n\n<div style=\"height:58px\" aria-hidden=\"true\" class=\"wp-block-spacer\"><\/div>\n<\/div><\/div>\n\n\n\n<div class=\"wp-block-group alignfull has-global-padding is-layout-constrained wp-block-group-is-layout-constrained\">\n<div style=\"height:58px\" aria-hidden=\"true\" class=\"wp-block-spacer\"><\/div>\n\n\n\n<h2 class=\"wp-block-heading has-text-align-left\" style=\"font-size:clamp(24.034px, 1.502rem + ((1vw - 3.2px) * 1.814), 40px);\">M\u00e9thode<\/h2>\n\n\n\n<hr class=\"wp-block-separator has-alpha-channel-opacity is-style-wide\"\/>\n\n\n\n<p><strong>\u00c9tude de diagnostic multicrit\u00e8re, du territoire \u00e0 la parcelle<\/strong><\/p>\n\n\n\n<p style=\"font-size:clamp(14px, 0.875rem + ((1vw - 3.2px) * 0.114), 15px);\"><em>Analyse transdisciplinaire du contexte, \u00e9tude du programme, regard historique du site, analyse des donn\u00e9es climatiques, \u00e9tude des r\u00e8glementations, analyse des acc\u00e8s, des voiries et des r\u00e9seaux d\u2019\u00e9nergie, etc.<\/em><\/p>\n\n\n\n<p><strong><strong>\u00c9tude de faisabilit\u00e9 urbaine, architecturale et agricole<\/strong><\/strong><\/p>\n\n\n\n<p style=\"font-size:clamp(14px, 0.875rem + ((1vw - 3.2px) * 0.114), 15px);\"><em>Sc\u00e9narisations, esquisse, d\u00e9finition du programme, \u00e9tude des mod\u00e8les agricoles, r\u00e9daction de cahier des charges, plan guide, estimation, chiffrage, planification, concertation, etc.<\/em><\/p>\n\n\n\n<p><strong><strong><strong>\u00c9tude pr\u00e9-op\u00e9rationnelle<\/strong><\/strong><\/strong><\/p>\n\n\n\n<p style=\"font-size:clamp(14px, 0.875rem + ((1vw - 3.2px) * 0.114), 15px);\"><em>D\u00e9veloppement d\u2019un sc\u00e9nario, dessin d\u2019am\u00e9nagement d\u00e9finitif, pr\u00e9cision du volet technique, \u00e9conomique et juridique, d\u00e9finition du mod\u00e8le agricole, recherche de profils professionnels compl\u00e9mentaires, etc.<\/em><\/p>\n\n\n\n<div style=\"height:58px\" aria-hidden=\"true\" class=\"wp-block-spacer\"><\/div>\n<\/div>\n\n\n\n<div class=\"wp-block-buttons is-horizontal is-content-justification-center is-layout-flex wp-container-core-buttons-is-layout-1 wp-block-buttons-is-layout-flex\" style=\"margin-top:20px\">\n<div class=\"wp-block-button has-custom-width wp-block-button__width-50 has-custom-font-size hvr-grow has-pontano-sans-font-family\" style=\"font-size:clamp(0.875rem, 0.875rem + ((1vw - 0.2rem) * 0.245), 1.01rem);font-style:normal;font-weight:600;letter-spacing:1px;line-height:1.5;text-transform:uppercase\"><a class=\"wp-block-button__link has-text-color has-background wp-element-button\" href=\"https:\/\/remi-junquera.com\/index.php\/contact\/\" style=\"border-style:none;border-width:0px;border-radius:0rem;color:#fffffd;background-color:#082913;padding-top:0.71rem;padding-right:0.31rem;padding-bottom:0.71rem;padding-left:0.31rem\">CONTACTEZ-MOI<\/a><\/div>\n<\/div>\n\n\n\n<div style=\"height:58px\" aria-hidden=\"true\" class=\"wp-block-spacer\"><\/div>\n\n\n\n<hr class=\"wp-block-separator alignfull has-alpha-channel-opacity\"\/>\n","protected":false},"excerpt":{"rendered":"<p>\u00c9TUDECONSEILACCOMPAGNEMENT Mes services sont adapt\u00e9s aux ma\u00eetrises d\u2019ouvrages publiques et priv\u00e9es. Ils s\u2019adressent aux collectivit\u00e9s, aux promoteurs immobiliers, aux bailleurs sociaux, aux entreprises priv\u00e9es, aux agriculteurs et aux agronomes qui souhaitent r\u00e9aliser un projet architectural, urbain ou paysager en lien avec l\u2019agriculture. M\u00e9thode \u00c9tude de diagnostic multicrit\u00e8re, du territoire \u00e0 la parcelle Analyse transdisciplinaire du [&hellip;]<\/p>\n","protected":false},"author":1,"featured_media":0,"parent":0,"menu_order":0,"comment_status":"closed","ping_status":"closed","template":"","meta":{"footnotes":""},"yoast_head":"<!-- This site is optimized with the Yoast SEO plugin v22.9 - https:\/\/yoast.com\/wordpress\/plugins\/seo\/ -->\n<title>AMO | R\u00e9mi Junquera<\/title>\n<meta name=\"description\" content=\"R\u00e9mi Junquera accompagner les porteurs de projets priv\u00e9s et publics dans l&#039;\u00e9tude et la r\u00e9alisation de leurs projets.\" \/>\n<meta name=\"robots\" content=\"index, follow, max-snippet:-1, max-image-preview:large, max-video-preview:-1\" \/>\n<link rel=\"canonical\" href=\"https:\/\/remi-junquera.com\/index.php\/amo\/\" \/>\n<meta property=\"og:locale\" content=\"fr_FR\" \/>\n<meta property=\"og:type\" content=\"article\" \/>\n<meta property=\"og:title\" content=\"AMO | R\u00e9mi Junquera\" \/>\n<meta property=\"og:description\" content=\"R\u00e9mi Junquera accompagner les porteurs de projets priv\u00e9s et publics dans l&#039;\u00e9tude et la r\u00e9alisation de leurs projets.\" \/>\n<meta property=\"og:url\" content=\"https:\/\/remi-junquera.com\/index.php\/amo\/\" \/>\n<meta property=\"og:site_name\" content=\"R\u00e9mi Junquera\" \/>\n<meta property=\"article:modified_time\" content=\"2024-07-25T10:15:44+00:00\" \/>\n<meta property=\"og:image\" content=\"https:\/\/remi-junquera.com\/wp-content\/uploads\/2024\/06\/noun-medal-6931544.png\" \/>\n<meta name=\"twitter:card\" content=\"summary_large_image\" \/>\n<meta name=\"twitter:label1\" content=\"Dur\u00e9e de lecture estim\u00e9e\" \/>\n\t<meta name=\"twitter:data1\" content=\"2 minutes\" \/>\n<script type=\"application\/ld+json\" class=\"yoast-schema-graph\">{\"@context\":\"https:\/\/schema.org\",\"@graph\":[{\"@type\":\"WebPage\",\"@id\":\"https:\/\/remi-junquera.com\/index.php\/amo\/\",\"url\":\"https:\/\/remi-junquera.com\/index.php\/amo\/\",\"name\":\"AMO | R\u00e9mi Junquera\",\"isPartOf\":{\"@id\":\"https:\/\/remi-junquera.com\/#website\"},\"primaryImageOfPage\":{\"@id\":\"https:\/\/remi-junquera.com\/index.php\/amo\/#primaryimage\"},\"image\":{\"@id\":\"https:\/\/remi-junquera.com\/index.php\/amo\/#primaryimage\"},\"thumbnailUrl\":\"https:\/\/remi-junquera.com\/wp-content\/uploads\/2024\/06\/noun-medal-6931544.png\",\"datePublished\":\"2024-06-07T13:33:57+00:00\",\"dateModified\":\"2024-07-25T10:15:44+00:00\",\"description\":\"R\u00e9mi Junquera accompagner les porteurs de projets priv\u00e9s et publics dans l'\u00e9tude et la r\u00e9alisation de leurs projets.\",\"breadcrumb\":{\"@id\":\"https:\/\/remi-junquera.com\/index.php\/amo\/#breadcrumb\"},\"inLanguage\":\"fr-FR\",\"potentialAction\":[{\"@type\":\"ReadAction\",\"target\":[\"https:\/\/remi-junquera.com\/index.php\/amo\/\"]}]},{\"@type\":\"ImageObject\",\"inLanguage\":\"fr-FR\",\"@id\":\"https:\/\/remi-junquera.com\/index.php\/amo\/#primaryimage\",\"url\":\"https:\/\/remi-junquera.com\/wp-content\/uploads\/2024\/06\/noun-medal-6931544.png\",\"contentUrl\":\"https:\/\/remi-junquera.com\/wp-content\/uploads\/2024\/06\/noun-medal-6931544.png\",\"width\":285,\"height\":376},{\"@type\":\"BreadcrumbList\",\"@id\":\"https:\/\/remi-junquera.com\/index.php\/amo\/#breadcrumb\",\"itemListElement\":[{\"@type\":\"ListItem\",\"position\":1,\"name\":\"Accueil\",\"item\":\"https:\/\/remi-junquera.com\/\"},{\"@type\":\"ListItem\",\"position\":2,\"name\":\"AMO\"}]},{\"@type\":\"WebSite\",\"@id\":\"https:\/\/remi-junquera.com\/#website\",\"url\":\"https:\/\/remi-junquera.com\/\",\"name\":\"R\u00e9mi Junquera\",\"description\":\"Architecture Urbanisme Agriculture\",\"publisher\":{\"@id\":\"https:\/\/remi-junquera.com\/#organization\"},\"potentialAction\":[{\"@type\":\"SearchAction\",\"target\":{\"@type\":\"EntryPoint\",\"urlTemplate\":\"https:\/\/remi-junquera.com\/?s={search_term_string}\"},\"query-input\":\"required name=search_term_string\"}],\"inLanguage\":\"fr-FR\"},{\"@type\":\"Organization\",\"@id\":\"https:\/\/remi-junquera.com\/#organization\",\"name\":\"R\u00e9mi Junquera\",\"url\":\"https:\/\/remi-junquera.com\/\",\"logo\":{\"@type\":\"ImageObject\",\"inLanguage\":\"fr-FR\",\"@id\":\"https:\/\/remi-junquera.com\/#\/schema\/logo\/image\/\",\"url\":\"https:\/\/remi-junquera.com\/wp-content\/uploads\/2024\/06\/logo-Remi-Junquera-HD.png\",\"contentUrl\":\"https:\/\/remi-junquera.com\/wp-content\/uploads\/2024\/06\/logo-Remi-Junquera-HD.png\",\"width\":4430,\"height\":947,\"caption\":\"R\u00e9mi Junquera\"},\"image\":{\"@id\":\"https:\/\/remi-junquera.com\/#\/schema\/logo\/image\/\"},\"sameAs\":[\"http:\/\/linkedin.com\/in\/r\u00e9mi-junquera\"]}]}<\/script>\n<!-- \/ Yoast SEO plugin. -->","yoast_head_json":{"title":"AMO | R\u00e9mi Junquera","description":"R\u00e9mi Junquera accompagner les porteurs de projets priv\u00e9s et publics dans l'\u00e9tude et la r\u00e9alisation de leurs projets.","robots":{"index":"index","follow":"follow","max-snippet":"max-snippet:-1","max-image-preview":"max-image-preview:large","max-video-preview":"max-video-preview:-1"},"canonical":"https:\/\/remi-junquera.com\/index.php\/amo\/","og_locale":"fr_FR","og_type":"article","og_title":"AMO | R\u00e9mi Junquera","og_description":"R\u00e9mi Junquera accompagner les porteurs de projets priv\u00e9s et publics dans l'\u00e9tude et la r\u00e9alisation de leurs projets.","og_url":"https:\/\/remi-junquera.com\/index.php\/amo\/","og_site_name":"R\u00e9mi Junquera","article_modified_time":"2024-07-25T10:15:44+00:00","og_image":[{"url":"https:\/\/remi-junquera.com\/wp-content\/uploads\/2024\/06\/noun-medal-6931544.png"}],"twitter_card":"summary_large_image","twitter_misc":{"Dur\u00e9e de lecture estim\u00e9e":"2 minutes"},"schema":{"@context":"https:\/\/schema.org","@graph":[{"@type":"WebPage","@id":"https:\/\/remi-junquera.com\/index.php\/amo\/","url":"https:\/\/remi-junquera.com\/index.php\/amo\/","name":"AMO | R\u00e9mi Junquera","isPartOf":{"@id":"https:\/\/remi-junquera.com\/#website"},"primaryImageOfPage":{"@id":"https:\/\/remi-junquera.com\/index.php\/amo\/#primaryimage"},"image":{"@id":"https:\/\/remi-junquera.com\/index.php\/amo\/#primaryimage"},"thumbnailUrl":"https:\/\/remi-junquera.com\/wp-content\/uploads\/2024\/06\/noun-medal-6931544.png","datePublished":"2024-06-07T13:33:57+00:00","dateModified":"2024-07-25T10:15:44+00:00","description":"R\u00e9mi Junquera accompagner les porteurs de projets priv\u00e9s et publics dans l'\u00e9tude et la r\u00e9alisation de leurs projets.","breadcrumb":{"@id":"https:\/\/remi-junquera.com\/index.php\/amo\/#breadcrumb"},"inLanguage":"fr-FR","potentialAction":[{"@type":"ReadAction","target":["https:\/\/remi-junquera.com\/index.php\/amo\/"]}]},{"@type":"ImageObject","inLanguage":"fr-FR","@id":"https:\/\/remi-junquera.com\/index.php\/amo\/#primaryimage","url":"https:\/\/remi-junquera.com\/wp-content\/uploads\/2024\/06\/noun-medal-6931544.png","contentUrl":"https:\/\/remi-junquera.com\/wp-content\/uploads\/2024\/06\/noun-medal-6931544.png","width":285,"height":376},{"@type":"BreadcrumbList","@id":"https:\/\/remi-junquera.com\/index.php\/amo\/#breadcrumb","itemListElement":[{"@type":"ListItem","position":1,"name":"Accueil","item":"https:\/\/remi-junquera.com\/"},{"@type":"ListItem","position":2,"name":"AMO"}]},{"@type":"WebSite","@id":"https:\/\/remi-junquera.com\/#website","url":"https:\/\/remi-junquera.com\/","name":"R\u00e9mi Junquera","description":"Architecture Urbanisme Agriculture","publisher":{"@id":"https:\/\/remi-junquera.com\/#organization"},"potentialAction":[{"@type":"SearchAction","target":{"@type":"EntryPoint","urlTemplate":"https:\/\/remi-junquera.com\/?s={search_term_string}"},"query-input":"required name=search_term_string"}],"inLanguage":"fr-FR"},{"@type":"Organization","@id":"https:\/\/remi-junquera.com\/#organization","name":"R\u00e9mi Junquera","url":"https:\/\/remi-junquera.com\/","logo":{"@type":"ImageObject","inLanguage":"fr-FR","@id":"https:\/\/remi-junquera.com\/#\/schema\/logo\/image\/","url":"https:\/\/remi-junquera.com\/wp-content\/uploads\/2024\/06\/logo-Remi-Junquera-HD.png","contentUrl":"https:\/\/remi-junquera.com\/wp-content\/uploads\/2024\/06\/logo-Remi-Junquera-HD.png","width":4430,"height":947,"caption":"R\u00e9mi Junquera"},"image":{"@id":"https:\/\/remi-junquera.com\/#\/schema\/logo\/image\/"},"sameAs":["http:\/\/linkedin.com\/in\/r\u00e9mi-junquera"]}]}},"jetpack_sharing_enabled":true,"_links":{"self":[{"href":"https:\/\/remi-junquera.com\/index.php\/wp-json\/wp\/v2\/pages\/275"}],"collection":[{"href":"https:\/\/remi-junquera.com\/index.php\/wp-json\/wp\/v2\/pages"}],"about":[{"href":"https:\/\/remi-junquera.com\/index.php\/wp-json\/wp\/v2\/types\/page"}],"author":[{"embeddable":true,"href":"https:\/\/remi-junquera.com\/index.php\/wp-json\/wp\/v2\/users\/1"}],"replies":[{"embeddable":true,"href":"https:\/\/remi-junquera.com\/index.php\/wp-json\/wp\/v2\/comments?post=275"}],"version-history":[{"count":41,"href":"https:\/\/remi-junquera.com\/index.php\/wp-json\/wp\/v2\/pages\/275\/revisions"}],"predecessor-version":[{"id":1127,"href":"https:\/\/remi-junquera.com\/index.php\/wp-json\/wp\/v2\/pages\/275\/revisions\/1127"}],"wp:attachment":[{"href":"https:\/\/remi-junquera.com\/index.php\/wp-json\/wp\/v2\/media?parent=275"}],"curies":[{"name":"wp","href":"https:\/\/api.w.org\/{rel}","templated":true}]}}